{"id":872,"date":"2022-03-27T10:52:38","date_gmt":"2022-03-27T13:52:38","guid":{"rendered":"https:\/\/cabanadoelfo.com.br\/loja\/?post_type=product&#038;p=872"},"modified":"2026-03-03T01:06:37","modified_gmt":"2026-03-03T04:06:37","slug":"carnavalesco","status":"publish","type":"product","link":"https:\/\/cabanadoelfo.com.br\/loja\/jogo\/carnavalesco\/","title":{"rendered":"Carnavalesco"},"content":{"rendered":"<p>Carnavalesco \u00e9 um jogo de tabuleiro para 1 a 5 jogadores com aloca\u00e7\u00e3o de dados do autor Ron Halliday (Psychomachia, Seven Bridges e Revanche), com tema brasileir\u00edssimo: Carnaval!<\/p>\n<p>No Carnavalesco, voc\u00ea planeja e organiza a sua escola de samba para desfilar na avenida e se tornar a grande campe\u00e3. Carnavalesco \u00e9 um jogo para a fam\u00edlia toda \u2013 leve, divertido, pode ser jogado tanto pelos jogadores mais experientes quanto por novos jogadores.<\/p>\n<p>Para conseguir essa fa\u00e7anha, ter\u00e1 que maximizar as suas notas nos 9 quesitos que a banca dos ju\u00edzes apura. Cada quesito tem uma combina\u00e7\u00e3o de dados espec\u00edfica que garante notas m\u00e1ximas, mas caso n\u00e3o consiga, \u00e9 poss\u00edvel ainda conquistar o t\u00e3o sonhado 10 com pontos b\u00f4nus!<\/p>\n<p><iframe loading=\"lazy\" title=\"Review + Como Jogar l Carnavalesco\" width=\"500\" height=\"281\" src=\"https:\/\/www.youtube.com\/embed\/W1-ydid1JnQ?feature=oembed\" frameborder=\"0\" allow=\"accelerometer; autoplay; clipboard-write; encrypted-media; gyroscope; picture-in-picture; web-share\" referrerpolicy=\"strict-origin-when-cross-origin\" allowfullscreen><\/iframe><\/p>\n<h2>Componentes:<\/h2>\n<ul>\n<li>1 Livro de Regras<\/li>\n<li>1 Bolsa Aveludada<\/li>\n<li>1 Bloquinho de Pontua\u00e7\u00e3o \/ Campanha<\/li>\n<li>1 Marcador de Primeiro Jogador da Rodada<\/li>\n<li>4 Tabuleiros de Desfile<\/li>\n<li>4 Cartas de Refer\u00eancia<\/li>\n<li>1 Carta Regra para 5 Jogadores<\/li>\n<li>12 Tabelas de Grupo e Pontua\u00e7\u00e3o<\/li>\n<li>45 Fichas de nota 10 \/\u00a0 -1<\/li>\n<li>31 Dados Pretos Marmorizados<\/li>\n<li>150 Dados com Glitter (25 de cada cor)<\/li>\n<li>1 Torre de Dados<\/li>\n<li>1 Divisor em X<\/li>\n<\/ul>\n<h2>Componentes da Expans\u00e3o 5\u00ba Jogador:<\/h2>\n<ul>\n<li>2 Cartas de Refer\u00eancia<\/li>\n<li>1 Tabuleiro de Desfile<\/li>\n<li>3 Tabelas de Grupo e Pontua\u00e7\u00e3o<\/li>\n<li>36 Dados com Glitter (6 de cada cor)<\/li>\n<\/ul>\n<h2>Regras para o aluguel:<\/h2>\n<ul>\n<li>O per\u00edodo de aluguel inclui a data de entrega e devolu\u00e7\u00e3o do jogo;<\/li>\n<li>O atraso na devolu\u00e7\u00e3o dos jogos, resultar\u00e1 em cobran\u00e7a adicional no valor de um aluguel di\u00e1rio por cada dia de atraso;<\/li>\n<li>Em caso de danos que comprometam a experi\u00eancia do jogo (perda ou avaria de componentes), o cliente dever\u00e1 arcar com os custos da reposi\u00e7\u00e3o dos componentes (quando dispon\u00edveis no mercado) ou aquisi\u00e7\u00e3o de um novo exemplar do jogo.<\/li>\n<\/ul>\n","protected":false},"excerpt":{"rendered":"<div class=\"woocommerce-product-details__short-description\">\n<p>O valor corresponde ao aluguel di\u00e1rio do jogo. Consulte as condi\u00e7\u00f5es abaixo.<\/p>\n<p><strong>Aux\u00edlio para Dalt\u00f4nicos<\/strong><\/p>\n<p><strong>Vers\u00e3o Catarse com todas as metas estendidas!<\/strong><\/p>\n<p><strong>Inclui a Expans\u00e3o:<\/strong><\/p>\n<ul>\n<li><strong>5\u00ba Jogador:<\/strong><\/li>\n<\/ul>\n<\/div>\n<div class=\"more-link-wrapper\"><a class=\"more-link\" href=\"https:\/\/cabanadoelfo.com.br\/loja\/jogo\/carnavalesco\/\">Read More<span class=\"screen-reader-text\">Carnavalesco<\/span><\/a><\/div>\n","protected":false},"featured_media":1301,"comment_status":"open","ping_status":"closed","template":"","meta":[],"product_brand":[],"product_cat":[86,15],"product_tag":[],"class_list":{"0":"post-872","1":"product","2":"type-product","3":"status-publish","4":"has-post-thumbnail","6":"product_cat-jogo-de-dados","7":"product_cat-jogos-de-tabuleiro","8":"pa_complexidade-jogos-familiares","9":"pa_complexidade-jogo-festivo","10":"pa_designer-ronald-halliday","11":"pa_duracao-60-min","12":"pa_editora-precisamente-jogos","13":"pa_estilo-construcao-a-partir-de-modelo","14":"pa_estilo-force-sua-sorte","15":"pa_estilo-jogadores-com-diferentes-habilidades","16":"pa_estilo-rolagem-de-dados","17":"pa_estilo-selecao-de-cartas","18":"pa_estilo-simulacao","19":"pa_idade-61","20":"pa_idioma-portugues","21":"pa_jogadores-1-a-5","22":"pa_modo-multijogador-competitivo","23":"pa_tema-arte","24":"pa_tema-cultura-brasileira","25":"pa_tema-estrategia-abstrata","26":"pa_tema-quebra-cabeca","27":"entry","29":"first","30":"instock","31":"purchasable","32":"product-type-redq_rental"},"jetpack_sharing_enabled":true,"_links":{"self":[{"href":"https:\/\/cabanadoelfo.com.br\/loja\/wp-json\/wp\/v2\/product\/872","targetHints":{"allow":["GET"]}}],"collection":[{"href":"https:\/\/cabanadoelfo.com.br\/loja\/wp-json\/wp\/v2\/product"}],"about":[{"href":"https:\/\/cabanadoelfo.com.br\/loja\/wp-json\/wp\/v2\/types\/product"}],"replies":[{"embeddable":true,"href":"https:\/\/cabanadoelfo.com.br\/loja\/wp-json\/wp\/v2\/comments?post=872"}],"wp:featuredmedia":[{"embeddable":true,"href":"https:\/\/cabanadoelfo.com.br\/loja\/wp-json\/wp\/v2\/media\/1301"}],"wp:attachment":[{"href":"https:\/\/cabanadoelfo.com.br\/loja\/wp-json\/wp\/v2\/media?parent=872"}],"wp:term":[{"taxonomy":"product_brand","embeddable":true,"href":"https:\/\/cabanadoelfo.com.br\/loja\/wp-json\/wp\/v2\/product_brand?post=872"},{"taxonomy":"product_cat","embeddable":true,"href":"https:\/\/cabanadoelfo.com.br\/loja\/wp-json\/wp\/v2\/product_cat?post=872"},{"taxonomy":"product_tag","embeddable":true,"href":"https:\/\/cabanadoelfo.com.br\/loja\/wp-json\/wp\/v2\/product_tag?post=872"}],"curies":[{"name":"wp","href":"https:\/\/api.w.org\/{rel}","templated":true}]}}