{"id":871,"date":"2022-03-27T10:33:14","date_gmt":"2022-03-27T13:33:14","guid":{"rendered":"https:\/\/cabanadoelfo.com.br\/loja\/?post_type=product&#038;p=871"},"modified":"2024-03-11T07:50:45","modified_gmt":"2024-03-11T10:50:45","slug":"canvas","status":"publish","type":"product","link":"https:\/\/cabanadoelfo.com.br\/loja\/jogo\/canvas\/","title":{"rendered":"Canvas"},"content":{"rendered":"<p>Cada cart\u00e3o cont\u00e9m uma obra de arte, bem como um conjunto de \u00edcones usados durante a pontua\u00e7\u00e3o. Os \u00edcones ser\u00e3o revelados ou ocultos com base na maneira como os jogadores escolhem para colocar as cartas em camadas, criando um quebra-cabe\u00e7a emocionante.<\/p>\n<p>As pinturas s\u00e3o pontuadas com base em um conjunto de cartas de pontua\u00e7\u00e3o que mudam a cada jogo. Assim que os jogadores criarem e marcarem 3 pinturas, o jogo termina.<\/p>\n<p>O jogador com mais pontos \u00e9 o Artista Consagrado!<\/p>\n<p><iframe loading=\"lazy\" title=\"Canvas - Regras em menos de 10 minutos\" width=\"500\" height=\"281\" src=\"https:\/\/www.youtube.com\/embed\/lFFTjDhR5yM?feature=oembed\" frameborder=\"0\" allow=\"accelerometer; autoplay; clipboard-write; encrypted-media; gyroscope; picture-in-picture; web-share\" referrerpolicy=\"strict-origin-when-cross-origin\" allowfullscreen><\/iframe><\/p>\n<h2>Componentes:<\/h2>\n<ul>\n<li>1 Livro de Regras<\/li>\n<li>1 Tabuleiro de Telas<\/li>\n<li>1 Caixa de Baralho<\/li>\n<li>12 Cartas de Pontua\u00e7\u00e3o<\/li>\n<li>20 Cartas de Fundo (acompanha sleeves)<\/li>\n<li>20 Fichas de Inspira\u00e7\u00e3o (paleta de tintas)<\/li>\n<li>60 Cartas de Arte (transparentes)<\/li>\n<li>100 Fichas de Fita (20 de cada cor)<\/li>\n<\/ul>\n<h2>Regras para o aluguel:<\/h2>\n<ul>\n<li>O per\u00edodo de aluguel inclui a data de entrega e devolu\u00e7\u00e3o do jogo;<\/li>\n<li>O atraso na devolu\u00e7\u00e3o dos jogos, resultar\u00e1 em cobran\u00e7a adicional no valor de um aluguel di\u00e1rio por cada dia de atraso;<\/li>\n<li>Em caso de danos que comprometam a experi\u00eancia do jogo (perda ou avaria de componentes), o cliente dever\u00e1 arcar com os custos da reposi\u00e7\u00e3o dos componentes (quando dispon\u00edveis no mercado) ou aquisi\u00e7\u00e3o de um novo exemplar do jogo.<\/li>\n<\/ul>\n","protected":false},"excerpt":{"rendered":"<div class=\"woocommerce-product-details__short-description\">\n<p>Em Canvas, voc\u00ea joga como um pintor competindo em uma competi\u00e7\u00e3o de arte. Os jogadores ir\u00e3o coletar cartas de arte, colocando 3 delas juntas para criar sua pr\u00f3pria pintura \u00fanica.<\/p>\n<\/div>\n<div class=\"more-link-wrapper\"><a class=\"more-link\" href=\"https:\/\/cabanadoelfo.com.br\/loja\/jogo\/canvas\/\">Read More<span class=\"screen-reader-text\">Canvas<\/span><\/a><\/div>\n","protected":false},"featured_media":874,"comment_status":"open","ping_status":"closed","template":"","meta":[],"product_brand":[],"product_cat":[37],"product_tag":[],"class_list":{"0":"post-871","1":"product","2":"type-product","3":"status-publish","4":"has-post-thumbnail","6":"product_cat-jogo-de-cartas","7":"pa_complexidade-jogos-familiares","8":"pa_designer-andrew-nerger","9":"pa_designer-jeff-chin","10":"pa_duracao-30-min","11":"pa_editora-galapagos-jogos","12":"pa_estilo-colecionar-componentes","13":"pa_estilo-gestao-de-mao","14":"pa_estilo-selecao-de-cartas","15":"pa_idade-61","16":"pa_idioma-portugues","17":"pa_jogadores-1-a-5","18":"pa_modo-multijogador-competitivo","19":"pa_tema-arte","20":"pa_tema-estrategia-abstrata","21":"pa_tema-quebra-cabeca","22":"entry","24":"first","25":"instock","26":"purchasable","27":"product-type-redq_rental"},"jetpack_sharing_enabled":true,"_links":{"self":[{"href":"https:\/\/cabanadoelfo.com.br\/loja\/wp-json\/wp\/v2\/product\/871","targetHints":{"allow":["GET"]}}],"collection":[{"href":"https:\/\/cabanadoelfo.com.br\/loja\/wp-json\/wp\/v2\/product"}],"about":[{"href":"https:\/\/cabanadoelfo.com.br\/loja\/wp-json\/wp\/v2\/types\/product"}],"replies":[{"embeddable":true,"href":"https:\/\/cabanadoelfo.com.br\/loja\/wp-json\/wp\/v2\/comments?post=871"}],"wp:featuredmedia":[{"embeddable":true,"href":"https:\/\/cabanadoelfo.com.br\/loja\/wp-json\/wp\/v2\/media\/874"}],"wp:attachment":[{"href":"https:\/\/cabanadoelfo.com.br\/loja\/wp-json\/wp\/v2\/media?parent=871"}],"wp:term":[{"taxonomy":"product_brand","embeddable":true,"href":"https:\/\/cabanadoelfo.com.br\/loja\/wp-json\/wp\/v2\/product_brand?post=871"},{"taxonomy":"product_cat","embeddable":true,"href":"https:\/\/cabanadoelfo.com.br\/loja\/wp-json\/wp\/v2\/product_cat?post=871"},{"taxonomy":"product_tag","embeddable":true,"href":"https:\/\/cabanadoelfo.com.br\/loja\/wp-json\/wp\/v2\/product_tag?post=871"}],"curies":[{"name":"wp","href":"https:\/\/api.w.org\/{rel}","templated":true}]}}