{"id":827,"date":"2021-12-14T17:22:20","date_gmt":"2021-12-14T20:22:20","guid":{"rendered":"https:\/\/cabanadoelfo.com.br\/loja\/?post_type=product&#038;p=827"},"modified":"2024-03-11T07:51:02","modified_gmt":"2024-03-11T10:51:02","slug":"clue-o-classico-jogo-dos-investigadores","status":"publish","type":"product","link":"https:\/\/cabanadoelfo.com.br\/loja\/jogo\/clue-o-classico-jogo-dos-investigadores\/","title":{"rendered":"Clue"},"content":{"rendered":"<p>O jogo cl\u00e1ssico com duas cenas do crime: Mans\u00e3o ou Praia, qual voc\u00ea escolhe? Voc\u00ea \u00e9 o investigador, descubra quem, onde e como! Use suas habilidades para resolver o mist\u00e9rio. Para vencer o jogo, seja o primeiro a descobrir: Quem \u00e9 o assassino? Qual foi a arma do crime? Onde aconteceu?<\/p>\n<p>Quem desvendar o mist\u00e9rio primeiro \u00e9 o vencedor! Descubra antes dos outros jogadores quais s\u00e3o as cartas de suspeito, arma e c\u00f4modo que est\u00e3o dentro do envelope confidencial. Em cada jogada tente entrar em um ambiente diferente, independente da cena do crime escolhida. D\u00ea um palpite quando estiver no ambiente, de quem foi, com que arma e onde.<\/p>\n<h2>Componentes:<\/h2>\n<ul>\n<li>2 Manuais de Regras<\/li>\n<li>1 Tabuleiro duplo Mans\u00e3o\/Praia<\/li>\n<li>1 Envelope confidencial<\/li>\n<li>1 Bloco de notas do investigador<\/li>\n<li>6 Pe\u00f5es de Personagem<\/li>\n<li>6 Pe\u00e7as de Armas<\/li>\n<li>2 Dados<\/li>\n<li>27 Cartas CLUE<br \/>\n\u2013 6 Cartas de Personagem<br \/>\n\u2013 6 Cartas de de Armas<br \/>\n\u2013 15 Cartas de Local<\/li>\n<li>3 Cartas b\u00f4nus<\/li>\n<li>1 Base<\/li>\n<\/ul>\n<h2>Regras para o aluguel:<\/h2>\n<ul>\n<li>O per\u00edodo de aluguel inclui a data de entrega e devolu\u00e7\u00e3o do jogo;<\/li>\n<li>O atraso na devolu\u00e7\u00e3o dos jogos, resultar\u00e1 em cobran\u00e7a adicional no valor de um aluguel di\u00e1rio por cada dia de atraso;<\/li>\n<li>Em caso de danos que comprometam a experi\u00eancia do jogo (perda ou avaria de componentes), o cliente dever\u00e1 arcar com os custos da reposi\u00e7\u00e3o dos componentes (quando dispon\u00edveis no mercado) ou aquisi\u00e7\u00e3o de um novo exemplar do jogo.<\/li>\n<\/ul>\n","protected":false},"excerpt":{"rendered":"<div class=\"woocommerce-product-details__short-description\">\n<p>O valor corresponde ao aluguel di\u00e1rio do jogo. Consulte as condi\u00e7\u00f5es abaixo.<\/p>\n<\/div>\n<div class=\"more-link-wrapper\"><a class=\"more-link\" href=\"https:\/\/cabanadoelfo.com.br\/loja\/jogo\/clue-o-classico-jogo-dos-investigadores\/\">Read More<span class=\"screen-reader-text\">Clue<\/span><\/a><\/div>\n","protected":false},"featured_media":828,"comment_status":"open","ping_status":"closed","template":"","meta":[],"product_brand":[],"product_cat":[37,15],"product_tag":[],"class_list":{"0":"post-827","1":"product","2":"type-product","3":"status-publish","4":"has-post-thumbnail","6":"product_cat-jogo-de-cartas","7":"product_cat-jogos-de-tabuleiro","8":"pa_complexidade-jogo-de-entrada","9":"pa_complexidade-jogos-familiares","10":"pa_designer-anthony-e-pratt","11":"pa_duracao-60-min","12":"pa_editora-hasbro-gaming","13":"pa_estilo-deducao","14":"pa_estilo-force-sua-sorte","15":"pa_estilo-posicionamento-secreto","16":"pa_estilo-rolar-e-mover","17":"pa_idade-133","18":"pa_idioma-portugues","19":"pa_jogadores-3-a-6","20":"pa_modo-multijogador-competitivo","21":"pa_tema-aventura","22":"pa_tema-investigacao","23":"entry","25":"first","26":"instock","27":"purchasable","28":"product-type-redq_rental"},"jetpack_sharing_enabled":true,"_links":{"self":[{"href":"https:\/\/cabanadoelfo.com.br\/loja\/wp-json\/wp\/v2\/product\/827","targetHints":{"allow":["GET"]}}],"collection":[{"href":"https:\/\/cabanadoelfo.com.br\/loja\/wp-json\/wp\/v2\/product"}],"about":[{"href":"https:\/\/cabanadoelfo.com.br\/loja\/wp-json\/wp\/v2\/types\/product"}],"replies":[{"embeddable":true,"href":"https:\/\/cabanadoelfo.com.br\/loja\/wp-json\/wp\/v2\/comments?post=827"}],"wp:featuredmedia":[{"embeddable":true,"href":"https:\/\/cabanadoelfo.com.br\/loja\/wp-json\/wp\/v2\/media\/828"}],"wp:attachment":[{"href":"https:\/\/cabanadoelfo.com.br\/loja\/wp-json\/wp\/v2\/media?parent=827"}],"wp:term":[{"taxonomy":"product_brand","embeddable":true,"href":"https:\/\/cabanadoelfo.com.br\/loja\/wp-json\/wp\/v2\/product_brand?post=827"},{"taxonomy":"product_cat","embeddable":true,"href":"https:\/\/cabanadoelfo.com.br\/loja\/wp-json\/wp\/v2\/product_cat?post=827"},{"taxonomy":"product_tag","embeddable":true,"href":"https:\/\/cabanadoelfo.com.br\/loja\/wp-json\/wp\/v2\/product_tag?post=827"}],"curies":[{"name":"wp","href":"https:\/\/api.w.org\/{rel}","templated":true}]}}