{"id":819,"date":"2021-12-14T15:57:10","date_gmt":"2021-12-14T18:57:10","guid":{"rendered":"https:\/\/cabanadoelfo.com.br\/loja\/?post_type=product&#038;p=819"},"modified":"2024-03-11T07:51:11","modified_gmt":"2024-03-11T10:51:11","slug":"marvel-united","status":"publish","type":"product","link":"https:\/\/cabanadoelfo.com.br\/loja\/jogo\/marvel-united\/","title":{"rendered":"Marvel United"},"content":{"rendered":"<p>Em Marvel United, voc\u00ea e seus amigos v\u00e3o assumir os pap\u00e9is dos mais poderosos her\u00f3is do planeta terra. Seu objetivo? Trabalhar juntos para derrotar os mais perigosos vil\u00f5es do universo, proteger os inocentes e salvar o mundo.<\/p>\n<p>Cada vil\u00e3o revela seu plano mestre \u00fanico, com cartas que desencadeiam efeitos diferentes e amea\u00e7as que representam desafios em todos os locais. Os her\u00f3is devem escolher cuidadosamente as cartas para jogar de seus baralhos exclusivos, que n\u00e3o s\u00f3 oferecem diferentes a\u00e7\u00f5es e superpoderes para usar, mas tamb\u00e9m se combinam com as a\u00e7\u00f5es de outros her\u00f3is para fazer o imposs\u00edvel.<\/p>\n<p>Construa seu enredo, re\u00fana seus poderes, salve o dia!<\/p>\n<p>&nbsp;<\/p>\n<h2>Componentes:<\/h2>\n<ul>\n<li>7 Miniaturas de her\u00f3i (Azul)<\/li>\n<li>3 Miniaturas de vil\u00e3o (Vermelha)<\/li>\n<li>3 Pain\u00e9is de vil\u00e3o<\/li>\n<li>84 Cartas de her\u00f3i (12 de cada her\u00f3i)<\/li>\n<li>156 fichas<br \/>\n\u2013 36 Fichas de Bandido\/Civil<br \/>\n\u2013 6 Fichas de Amea\u00e7a<br \/>\n\u2013 4 Fichas de Invulner\u00e1vel<br \/>\n\u2013 54 Fichas de A\u00e7\u00e3o (21 heroica, 12 ataque, 12 movimento e 12 selvagem)<br \/>\n\u2013 35 Fichas de Sa\u00fade<br \/>\n\u2013 18 Fichas de Crise<\/li>\n<li>8 Locais<\/li>\n<li>3 Cartas de miss\u00e3o<\/li>\n<li>1 Guia de miss\u00e3o<\/li>\n<li>18 Cartas de amea\u00e7a (6 de cada vil\u00e3o)<\/li>\n<li>3 Cartas de desafio<\/li>\n<li>36 Cartas de plano mestre (12 de cada vil\u00e3o)<\/li>\n<li>1 Rastreador de Vil\u00e3o<\/li>\n<li>1 Manual de Regras<\/li>\n<\/ul>\n<h2>Regras para o aluguel:<\/h2>\n<ul>\n<li>O per\u00edodo de aluguel inclui a data de entrega e devolu\u00e7\u00e3o do jogo;<\/li>\n<li>O atraso na devolu\u00e7\u00e3o dos jogos, resultar\u00e1 em cobran\u00e7a adicional no valor de um aluguel di\u00e1rio por cada dia de atraso;<\/li>\n<li>Em caso de danos que comprometam a experi\u00eancia do jogo (perda ou avaria de componentes), o cliente dever\u00e1 arcar com os custos da reposi\u00e7\u00e3o dos componentes (quando dispon\u00edveis no mercado) ou aquisi\u00e7\u00e3o de um novo exemplar do jogo.<\/li>\n<\/ul>\n","protected":false},"excerpt":{"rendered":"<div class=\"woocommerce-product-details__short-description\">\n<p>O valor corresponde ao aluguel di\u00e1rio do jogo. Consulte as condi\u00e7\u00f5es abaixo.<\/p>\n<\/div>\n<div class=\"more-link-wrapper\"><a class=\"more-link\" href=\"https:\/\/cabanadoelfo.com.br\/loja\/jogo\/marvel-united\/\">Read More<span class=\"screen-reader-text\">Marvel United<\/span><\/a><\/div>\n","protected":false},"featured_media":820,"comment_status":"open","ping_status":"closed","template":"","meta":[],"product_brand":[],"product_cat":[37],"product_tag":[],"class_list":{"0":"post-819","1":"product","2":"type-product","3":"status-publish","4":"has-post-thumbnail","6":"product_cat-jogo-de-cartas","7":"pa_complexidade-jogos-familiares","8":"pa_designer-andrea-chiarvesio","9":"pa_designer-eric-m-lang","10":"pa_duracao-90-min","11":"pa_editora-cmon-limited","12":"pa_editora-spin-master","13":"pa_estilo-campanha-batalhas-dirigidas-por-cartas","14":"pa_estilo-jogadores-com-diferentes-habilidades","15":"pa_estilo-jogo-de-administracao-de-cartas","16":"pa_estilo-jogo-em-equipe","17":"pa_idade-133","18":"pa_idioma-ingles","19":"pa_jogadores-1-a-4","20":"pa_modo-multijogador-cooperativo","21":"pa_tema-aventura","22":"pa_tema-estrategia","23":"pa_tema-fantasia","24":"pa_tema-geek","25":"pa_tema-luta-artes-marciais","26":"pa_tema-quadrinhos","27":"entry","29":"first","30":"instock","31":"purchasable","32":"product-type-redq_rental"},"jetpack_sharing_enabled":true,"_links":{"self":[{"href":"https:\/\/cabanadoelfo.com.br\/loja\/wp-json\/wp\/v2\/product\/819","targetHints":{"allow":["GET"]}}],"collection":[{"href":"https:\/\/cabanadoelfo.com.br\/loja\/wp-json\/wp\/v2\/product"}],"about":[{"href":"https:\/\/cabanadoelfo.com.br\/loja\/wp-json\/wp\/v2\/types\/product"}],"replies":[{"embeddable":true,"href":"https:\/\/cabanadoelfo.com.br\/loja\/wp-json\/wp\/v2\/comments?post=819"}],"wp:featuredmedia":[{"embeddable":true,"href":"https:\/\/cabanadoelfo.com.br\/loja\/wp-json\/wp\/v2\/media\/820"}],"wp:attachment":[{"href":"https:\/\/cabanadoelfo.com.br\/loja\/wp-json\/wp\/v2\/media?parent=819"}],"wp:term":[{"taxonomy":"product_brand","embeddable":true,"href":"https:\/\/cabanadoelfo.com.br\/loja\/wp-json\/wp\/v2\/product_brand?post=819"},{"taxonomy":"product_cat","embeddable":true,"href":"https:\/\/cabanadoelfo.com.br\/loja\/wp-json\/wp\/v2\/product_cat?post=819"},{"taxonomy":"product_tag","embeddable":true,"href":"https:\/\/cabanadoelfo.com.br\/loja\/wp-json\/wp\/v2\/product_tag?post=819"}],"curies":[{"name":"wp","href":"https:\/\/api.w.org\/{rel}","templated":true}]}}