{"id":815,"date":"2021-12-14T15:12:03","date_gmt":"2021-12-14T18:12:03","guid":{"rendered":"https:\/\/cabanadoelfo.com.br\/loja\/?post_type=product&#038;p=815"},"modified":"2024-03-11T07:51:20","modified_gmt":"2024-03-11T10:51:20","slug":"harry-potter-desafio-das-horcruxes","status":"publish","type":"product","link":"https:\/\/cabanadoelfo.com.br\/loja\/jogo\/harry-potter-desafio-das-horcruxes\/","title":{"rendered":"Harry Potter: Desafio das Horcruxes"},"content":{"rendered":"<p>Harry Potter e seus amigos seguem \u00e0 procura das Horcruxes. O objetivo \u00e9 encontra e, em seguida, destru\u00ed-las, para eliminar Lorde Voldemort de uma vez por todas. Junte sua turma para participar dessa busca tamb\u00e9m! Neste jogo cooperativo, vencer ou perder depende do esfor\u00e7o de todos os jogadores!<\/p>\n<h2>Componentes:<\/h2>\n<ul>\n<li>32 Cartas<\/li>\n<li>1 Carta de Regras<\/li>\n<\/ul>\n<h2>Regras para o aluguel:<\/h2>\n<ul>\n<li>O per\u00edodo de aluguel inclui a data de entrega e devolu\u00e7\u00e3o do jogo;<\/li>\n<li>O atraso na devolu\u00e7\u00e3o dos jogos, resultar\u00e1 em cobran\u00e7a adicional no valor de um aluguel di\u00e1rio por cada dia de atraso;<\/li>\n<li>Em caso de danos que comprometam a experi\u00eancia do jogo (perda ou avaria de componentes), o cliente dever\u00e1 arcar com os custos da reposi\u00e7\u00e3o dos componentes (quando dispon\u00edveis no mercado) ou aquisi\u00e7\u00e3o de um novo exemplar do jogo.<\/li>\n<\/ul>\n","protected":false},"excerpt":{"rendered":"<div class=\"woocommerce-product-details__short-description\">\n<p>O valor corresponde ao aluguel di\u00e1rio do jogo. Consulte as condi\u00e7\u00f5es abaixo.<\/p>\n<\/div>\n<div class=\"more-link-wrapper\"><a class=\"more-link\" href=\"https:\/\/cabanadoelfo.com.br\/loja\/jogo\/harry-potter-desafio-das-horcruxes\/\">Read More<span class=\"screen-reader-text\">Harry Potter: Desafio das Horcruxes<\/span><\/a><\/div>\n","protected":false},"featured_media":816,"comment_status":"open","ping_status":"closed","template":"","meta":[],"product_brand":[],"product_cat":[37],"product_tag":[],"class_list":{"0":"post-815","1":"product","2":"type-product","3":"status-publish","4":"has-post-thumbnail","6":"product_cat-jogo-de-cartas","7":"pa_complexidade-jogo-de-entrada","8":"pa_complexidade-jogos-familiares","9":"pa_complexidade-jogos-infantis","10":"pa_duracao-15-min","11":"pa_estilo-colecionar-componentes","12":"pa_estilo-jogo-em-equipe","13":"pa_estilo-memoria","14":"pa_idade-356","15":"pa_idioma-portugues","16":"pa_jogadores-2-a-4","17":"pa_modo-multijogador-cooperativo","18":"pa_tema-fantasia","19":"pa_tema-geek","20":"pa_tema-literatura-livros","21":"entry","23":"first","24":"instock","25":"purchasable","26":"product-type-redq_rental"},"jetpack_sharing_enabled":true,"_links":{"self":[{"href":"https:\/\/cabanadoelfo.com.br\/loja\/wp-json\/wp\/v2\/product\/815","targetHints":{"allow":["GET"]}}],"collection":[{"href":"https:\/\/cabanadoelfo.com.br\/loja\/wp-json\/wp\/v2\/product"}],"about":[{"href":"https:\/\/cabanadoelfo.com.br\/loja\/wp-json\/wp\/v2\/types\/product"}],"replies":[{"embeddable":true,"href":"https:\/\/cabanadoelfo.com.br\/loja\/wp-json\/wp\/v2\/comments?post=815"}],"wp:featuredmedia":[{"embeddable":true,"href":"https:\/\/cabanadoelfo.com.br\/loja\/wp-json\/wp\/v2\/media\/816"}],"wp:attachment":[{"href":"https:\/\/cabanadoelfo.com.br\/loja\/wp-json\/wp\/v2\/media?parent=815"}],"wp:term":[{"taxonomy":"product_brand","embeddable":true,"href":"https:\/\/cabanadoelfo.com.br\/loja\/wp-json\/wp\/v2\/product_brand?post=815"},{"taxonomy":"product_cat","embeddable":true,"href":"https:\/\/cabanadoelfo.com.br\/loja\/wp-json\/wp\/v2\/product_cat?post=815"},{"taxonomy":"product_tag","embeddable":true,"href":"https:\/\/cabanadoelfo.com.br\/loja\/wp-json\/wp\/v2\/product_tag?post=815"}],"curies":[{"name":"wp","href":"https:\/\/api.w.org\/{rel}","templated":true}]}}