{"id":793,"date":"2021-12-14T12:39:49","date_gmt":"2021-12-14T15:39:49","guid":{"rendered":"https:\/\/cabanadoelfo.com.br\/loja\/?post_type=product&#038;p=793"},"modified":"2024-04-23T21:30:50","modified_gmt":"2024-04-24T00:30:50","slug":"cosmos","status":"publish","type":"product","link":"https:\/\/cabanadoelfo.com.br\/loja\/jogo\/cosmos\/","title":{"rendered":"Cosmos"},"content":{"rendered":"<p>Embarque em uma jordana pelos Cosmos neste jogo estrat\u00e9gico sobre forma\u00e7\u00e3o de planetas!<\/p>\n<p>O Universo \u00e9 gigantesco. Nele, existem cerca de 100 bilh\u00f5es de gal\u00e1xias, e nelas, 250 milh\u00f5es de estrelas nascem e morrem todos os dias. Em Cosmos faremos um recorte fict\u00edcio em uma dessas estrelas: Beta Eva. Ao longo de seu surgimento, elementos remanescentes de sua cria\u00e7\u00e3o juntaram-se entre si e formaram bolas de massa presas em \u00f3rbitas ao seu redor. Este ser\u00e1 voc\u00ea, um protoplaneta. Durante um per\u00edodo de 7 bilh\u00f5es de anos, seu objetivo ser\u00e1 desenvolv\u00ea-lo ao m\u00e1ximo. Forme sua atmosfera, ajuste sua gravidade e rota\u00e7\u00e3o, mantenha equilibrada sua temperatura, para que seja poss\u00edvel a evolu\u00e7\u00e3o da vida como a conhecemos.<\/p>\n<div>\n<p><iframe loading=\"lazy\" title=\"Cosmos - Regras Completas - Aprenda em Minutos\" width=\"500\" height=\"281\" src=\"https:\/\/www.youtube.com\/embed\/50LOINd3MEI?feature=oembed\" frameborder=\"0\" allow=\"accelerometer; autoplay; clipboard-write; encrypted-media; gyroscope; picture-in-picture; web-share\" referrerpolicy=\"strict-origin-when-cross-origin\" allowfullscreen><\/iframe><\/p>\n<\/div>\n<h2>Componentes:<\/h2>\n<ul>\n<li>1 Manual<\/li>\n<li>1 Tabuleiro central<\/li>\n<li>4 Tabuleiros individuais<\/li>\n<li>1 Ficha de primeiro jogador<\/li>\n<li>1 Ficha de a\u00e7\u00e3o<\/li>\n<li>1 Ficha de rodada<\/li>\n<li>1 Saco de Pano (Espa\u00e7o)<\/li>\n<li>100 Fichas de Elementos (20 de cada tipo)<\/li>\n<li>20 Fichas de Asteroides<\/li>\n<li>16 Marcadores de trilhas (4 de cada cor)<\/li>\n<li>107 Cartas:<br \/>\n&#8211; 20 Cartas iniciais (5 em cada baralho)<br \/>\n&#8211; 18 Cartas de Microrganismos (4 b\u00e1sicos e 14 avan\u00e7ados)<br \/>\n&#8211; 15 Cartas de Evento (5 em cada n\u00edvel)<br \/>\n&#8211; 70 Cartas avan\u00e7adas (10 em cada baralho)<br \/>\n&#8211; 4 Cartas Arquivar (1 Regras e 3 Cartas Arquivar)<\/li>\n<li>4 Fichas de protoplanetas<\/li>\n<li>4 Fichas de sat\u00e9lite<\/li>\n<li>4 Fichas de pontua\u00e7\u00e3o 60\/120<\/li>\n<li>12 Fichas de atmosfera (3 de cada cor)<\/li>\n<\/ul>\n<h2>Regras para o aluguel:<\/h2>\n<ul>\n<li>O per\u00edodo de aluguel inclui a data de entrega e devolu\u00e7\u00e3o do jogo;<\/li>\n<li>O atraso na devolu\u00e7\u00e3o dos jogos, resultar\u00e1 em cobran\u00e7a adicional no valor de um aluguel di\u00e1rio por cada dia de atraso;<\/li>\n<li>Em caso de danos que comprometam a experi\u00eancia do jogo (perda ou avaria de componentes), o cliente dever\u00e1 arcar com os custos da reposi\u00e7\u00e3o dos componentes (quando dispon\u00edveis no mercado) ou aquisi\u00e7\u00e3o de um novo exemplar do jogo.<\/li>\n<\/ul>\n","protected":false},"excerpt":{"rendered":"<div class=\"woocommerce-product-details__short-description\">\n<div>Na sua vez, voc\u00ea deve escolher uma carta de sua m\u00e3o e realizar sua a\u00e7\u00e3o. Conforme voc\u00ea vai jogando, suas cartas v\u00e3o ficando na mesa e em algum momento ser\u00e1 necess\u00e1rio gastar uma a\u00e7\u00e3o para recuper\u00e1-las novamente. Por\u00e9m, voc\u00ea tamb\u00e9m poder\u00e1 adquirir novas cartas ao longo da partida, criando novas oportunidades.<\/div>\n<div>\n<p>Com quatro baralhos diferentes para escolher cartas na hora de comprar, as possibilidades de a\u00e7\u00f5es diferentes s\u00e3o v\u00e1rias, permitindo diversos caminhos distintos para a vit\u00f3ria!<\/p>\n<p>Conforme suas caracter\u00edsticas v\u00e3o sendo formadas, voc\u00ea liberar\u00e1 novas habilidades que aprimoram suas jogadas, permitindo buscar mais elementos de uma vez, alcan\u00e7ar elementos mais distantes, ou at\u00e9 mesmo jogar mais vezes por rodada!<\/p>\n<p>Monte sua estrat\u00e9gia, planeje suas jogadas e evolua a vida em seu planeta!<\/p>\n<\/div>\n<p><strong>Edi\u00e7\u00e3o de Colecionador<\/strong><\/p>\n<\/div>\n<div class=\"more-link-wrapper\"><a class=\"more-link\" href=\"https:\/\/cabanadoelfo.com.br\/loja\/jogo\/cosmos\/\">Read More<span class=\"screen-reader-text\">Cosmos<\/span><\/a><\/div>\n","protected":false},"featured_media":795,"comment_status":"open","ping_status":"closed","template":"","meta":[],"product_brand":[],"product_cat":[37,15],"product_tag":[],"class_list":{"0":"post-793","1":"product","2":"type-product","3":"status-publish","4":"has-post-thumbnail","6":"product_cat-jogo-de-cartas","7":"product_cat-jogos-de-tabuleiro","8":"pa_complexidade-jogos-expert","9":"pa_designer-diego-de-moraes","10":"pa_designer-tiago-sousa","11":"pa_duracao-90-min","12":"pa_editora-dijon","13":"pa_estilo-colecionar-componentes","14":"pa_estilo-construcao-de-baralho-pecas","15":"pa_estilo-gestao-de-mao","16":"pa_estilo-jogadores-com-diferentes-habilidades","17":"pa_estilo-jogo-de-administracao-de-cartas","18":"pa_estilo-movimento-em-grade","19":"pa_idade-61","20":"pa_idioma-portugues","21":"pa_jogadores-1-a-4","22":"pa_modo-multijogador-competitivo","23":"pa_tema-biologia","24":"pa_tema-ciencias","25":"pa_tema-educativo","26":"pa_tema-estrategia","27":"entry","29":"first","30":"instock","31":"purchasable","32":"product-type-redq_rental"},"jetpack_sharing_enabled":true,"_links":{"self":[{"href":"https:\/\/cabanadoelfo.com.br\/loja\/wp-json\/wp\/v2\/product\/793","targetHints":{"allow":["GET"]}}],"collection":[{"href":"https:\/\/cabanadoelfo.com.br\/loja\/wp-json\/wp\/v2\/product"}],"about":[{"href":"https:\/\/cabanadoelfo.com.br\/loja\/wp-json\/wp\/v2\/types\/product"}],"replies":[{"embeddable":true,"href":"https:\/\/cabanadoelfo.com.br\/loja\/wp-json\/wp\/v2\/comments?post=793"}],"wp:featuredmedia":[{"embeddable":true,"href":"https:\/\/cabanadoelfo.com.br\/loja\/wp-json\/wp\/v2\/media\/795"}],"wp:attachment":[{"href":"https:\/\/cabanadoelfo.com.br\/loja\/wp-json\/wp\/v2\/media?parent=793"}],"wp:term":[{"taxonomy":"product_brand","embeddable":true,"href":"https:\/\/cabanadoelfo.com.br\/loja\/wp-json\/wp\/v2\/product_brand?post=793"},{"taxonomy":"product_cat","embeddable":true,"href":"https:\/\/cabanadoelfo.com.br\/loja\/wp-json\/wp\/v2\/product_cat?post=793"},{"taxonomy":"product_tag","embeddable":true,"href":"https:\/\/cabanadoelfo.com.br\/loja\/wp-json\/wp\/v2\/product_tag?post=793"}],"curies":[{"name":"wp","href":"https:\/\/api.w.org\/{rel}","templated":true}]}}