{"id":770,"date":"2021-11-06T23:13:38","date_gmt":"2021-11-07T02:13:38","guid":{"rendered":"https:\/\/cabanadoelfo.com.br\/loja\/?post_type=product&#038;p=770"},"modified":"2024-03-11T07:51:51","modified_gmt":"2024-03-11T10:51:51","slug":"wingspan","status":"publish","type":"product","link":"https:\/\/cabanadoelfo.com.br\/loja\/jogo\/wingspan\/","title":{"rendered":"Wingspan"},"content":{"rendered":"<p>Wingspan \u00e9 um jogo de tabuleiro com a mec\u00e2nica de engine building (constru\u00e7\u00e3o de motores), de peso m\u00e9dio.<\/p>\n<p>Voc\u00eas s\u00e3o entusiastas de p\u00e1ssaros &#8211; pesquisadores, observadores de p\u00e1ssaros, ornit\u00f3logos e colecionadores &#8211; que procuram descobrir e atrair as melhores aves para o seu avi\u00e1rio. Cada ave estende uma cadeia de combina\u00e7\u00f5es poderosas em um dos seus habitats (a\u00e7\u00f5es). Estes habitats concentram-se em v\u00e1rios aspectos fundamentais do crescimento:<br \/>\n&#8211; Ganhar fichas de comida via dados personalizados em uma torre de dados<br \/>\n&#8211; Colocar ovos usando miniaturas de ovos em uma variedade de cores<br \/>\n&#8211; Selecione a partir de centenas de cartas \u00fanicas de aves e jogue-as<\/p>\n<p>O vencedor \u00e9 o jogador com mais pontos ap\u00f3s 4 rodadas.<\/p>\n<p>Pr\u00eamios:<br \/>\n<strong>**************************************************************************<\/strong><br \/>\n<strong>Indicado ao Pr\u00eamio Ludopedia Jogo Expert do Ano 2019<\/strong><br \/>\n<strong>Indicado ao Pr\u00eamio Ludopedia Jogo Expert do Ano 2019 &#8211; Voto Popular<\/strong><br \/>\n<strong>[2019] &#8220;5 Seasons: Jogo Estrat\u00e9gico Internacional do Ano&#8221; (Vencedor)<\/strong><br \/>\n<strong>[2019] &#8220;5 Seasons: Distribuidora Portuguesa do Ano&#8221; (Nomeado)<\/strong><br \/>\n<strong>**************************************************************************<\/strong><\/p>\n<h2>Componentes:<\/h2>\n<ul>\n<li>1 Manual de Regras<\/li>\n<li>1 Ap\u00eandice<\/li>\n<li>1 Bandeja de Aves<\/li>\n<li>1 Bloco de Pontua\u00e7\u00e3o<\/li>\n<li>1 Torre do Comedouro<\/li>\n<li>1 Marcador de Primeiro Jogador<\/li>\n<li>1 Tabuleiro de Objetivos<\/li>\n<li>5 Tabuleiros Individuais<\/li>\n<li>5 Dados Customizados<\/li>\n<li>8 Pe\u00e7as de Objetivos<\/li>\n<li>40 Marcadores de A\u00e7\u00f5es (8 casinhas de cada cor)<\/li>\n<li>75 Miniaturas de Ovos (15 de cada cor)<\/li>\n<li>105 Marcadores de Comida (21 de cada tipo: frutas, invertebrados, sementes, peixes e roedores)<\/li>\n<li>26 Cartas B\u00f4nus<\/li>\n<li>170 Cartas de Aves<\/li>\n<\/ul>\n<h2>Componentes Expans\u00e3o &#8211; Europa<\/h2>\n<ul>\n<li>1 Manual de Regras<\/li>\n<li>1 Ficha de Refer\u00eancia<\/li>\n<li>1 Bandeja de Aves<\/li>\n<li>1 Bloco de Pontua\u00e7\u00e3o (m\u00faltiplos jogadores \/ solo)<\/li>\n<li>5 Fichas de Objetivos<\/li>\n<li>38 Fichas de Comida<\/li>\n<li>15 Miniaturas de Ovo (roxas)<\/li>\n<li>4 Cartas Automa<\/li>\n<li>5 Cartas B\u00f4nus<\/li>\n<li>81 Cartas de Aves (\u00fanicas e novas)<\/li>\n<\/ul>\n<h2>Regras para o aluguel:<\/h2>\n<ul>\n<li>O per\u00edodo de aluguel inclui a data de entrega e devolu\u00e7\u00e3o do jogo;<\/li>\n<li>O atraso na devolu\u00e7\u00e3o dos jogos, resultar\u00e1 em cobran\u00e7a adicional no valor de um aluguel di\u00e1rio por cada dia de atraso;<\/li>\n<li>Em caso de danos que comprometam a experi\u00eancia do jogo (perda ou avaria de componentes), o cliente dever\u00e1 arcar com os custos da reposi\u00e7\u00e3o dos componentes (quando dispon\u00edveis no mercado) ou aquisi\u00e7\u00e3o de um novo exemplar do jogo.<\/li>\n<\/ul>\n","protected":false},"excerpt":{"rendered":"<div class=\"woocommerce-product-details__short-description\">\n<p>O valor corresponde ao aluguel di\u00e1rio do jogo. Consulte as condi\u00e7\u00f5es abaixo.<\/p>\n<p><strong>Inclui a Expans\u00e3o:<\/strong><\/p>\n<ul>\n<li><strong>Europa<\/strong><\/li>\n<\/ul>\n<\/div>\n<div class=\"more-link-wrapper\"><a class=\"more-link\" href=\"https:\/\/cabanadoelfo.com.br\/loja\/jogo\/wingspan\/\">Read More<span class=\"screen-reader-text\">Wingspan<\/span><\/a><\/div>\n","protected":false},"featured_media":779,"comment_status":"open","ping_status":"closed","template":"","meta":[],"product_brand":[],"product_cat":[37,86,15],"product_tag":[],"class_list":{"0":"post-770","1":"product","2":"type-product","3":"status-publish","4":"has-post-thumbnail","6":"product_cat-jogo-de-cartas","7":"product_cat-jogo-de-dados","8":"product_cat-jogos-de-tabuleiro","9":"pa_complexidade-jogos-expert","10":"pa_designer-elizabeth-hargrave","11":"pa_duracao-75-min","12":"pa_editora-ludofy-creative","13":"pa_estilo-colecionar-componentes","14":"pa_estilo-gestao-de-mao","15":"pa_estilo-rolagem-de-dados","16":"pa_estilo-selecao-de-cartas","17":"pa_idade-35","18":"pa_idioma-portugues","19":"pa_jogadores-1-a-5","20":"pa_modo-multijogador-competitivo","21":"pa_tema-animais","22":"pa_tema-biologia","23":"pa_tema-educativo","24":"entry","26":"first","27":"instock","28":"purchasable","29":"product-type-redq_rental"},"jetpack_sharing_enabled":true,"_links":{"self":[{"href":"https:\/\/cabanadoelfo.com.br\/loja\/wp-json\/wp\/v2\/product\/770","targetHints":{"allow":["GET"]}}],"collection":[{"href":"https:\/\/cabanadoelfo.com.br\/loja\/wp-json\/wp\/v2\/product"}],"about":[{"href":"https:\/\/cabanadoelfo.com.br\/loja\/wp-json\/wp\/v2\/types\/product"}],"replies":[{"embeddable":true,"href":"https:\/\/cabanadoelfo.com.br\/loja\/wp-json\/wp\/v2\/comments?post=770"}],"wp:featuredmedia":[{"embeddable":true,"href":"https:\/\/cabanadoelfo.com.br\/loja\/wp-json\/wp\/v2\/media\/779"}],"wp:attachment":[{"href":"https:\/\/cabanadoelfo.com.br\/loja\/wp-json\/wp\/v2\/media?parent=770"}],"wp:term":[{"taxonomy":"product_brand","embeddable":true,"href":"https:\/\/cabanadoelfo.com.br\/loja\/wp-json\/wp\/v2\/product_brand?post=770"},{"taxonomy":"product_cat","embeddable":true,"href":"https:\/\/cabanadoelfo.com.br\/loja\/wp-json\/wp\/v2\/product_cat?post=770"},{"taxonomy":"product_tag","embeddable":true,"href":"https:\/\/cabanadoelfo.com.br\/loja\/wp-json\/wp\/v2\/product_tag?post=770"}],"curies":[{"name":"wp","href":"https:\/\/api.w.org\/{rel}","templated":true}]}}