{"id":765,"date":"2021-11-06T22:37:43","date_gmt":"2021-11-07T01:37:43","guid":{"rendered":"https:\/\/cabanadoelfo.com.br\/loja\/?post_type=product&#038;p=765"},"modified":"2024-05-10T14:56:41","modified_gmt":"2024-05-10T17:56:41","slug":"tiny-epic-dinosaurs","status":"publish","type":"product","link":"https:\/\/cabanadoelfo.com.br\/loja\/jogo\/tiny-epic-dinosaurs\/","title":{"rendered":"Tiny Epic Dinosaurs"},"content":{"rendered":"<p><strong>Tiny Epic Dinosaurs\u00a0<\/strong>vai agradar f\u00e3s de dinossauros e de jogos inteligentes, entregando divers\u00e3o de qualidade e que pode ser experimentada por 1 a 4 jogadores.<\/p>\n<p>Aceite o desafio e se torne o maior dinofazendeiro de todos os tempos!<\/p>\n<p><iframe loading=\"lazy\" title=\"Tiny Epic Dinosaurs - Como Jogar\" width=\"500\" height=\"281\" src=\"https:\/\/www.youtube.com\/embed\/2EdqtPMOtw8?feature=oembed\" frameborder=\"0\" allow=\"accelerometer; autoplay; clipboard-write; encrypted-media; gyroscope; picture-in-picture; web-share\" referrerpolicy=\"strict-origin-when-cross-origin\" allowfullscreen><\/iframe><\/p>\n<h2>Componentes:<\/h2>\n<ul>\n<li>1 Livro de Regras<\/li>\n<li>1 Dado de Ca\u00e7a<\/li>\n<li>1 Marcador de Rodada<\/li>\n<li>1 Marcador de Primeiro Jogador<\/li>\n<li>4 Marcadores de Planta<\/li>\n<li>4 Marcadores de Carne<\/li>\n<li>4 Marcadores de Suprimento<\/li>\n<li>3 Tabuleiros de Jogo (rodada, contrato e pesquisa)<\/li>\n<li>4 Tabuleiros de Jogador (verso com modo solo)<\/li>\n<li>4 Tabuleiros de Fazenda (frente e verso)<\/li>\n<li>4 Tabuleiros de A\u00e7\u00e3o (frente e verso)<\/li>\n<li>4 Capatazes (1 de cada cor)<\/li>\n<li>16 Dinofazendeiros (4 de cada cor)<\/li>\n<li>15 Alossauros<\/li>\n<li>15 Braquiossauros<\/li>\n<li>15 Estegossauros<\/li>\n<li>15 Velociraptores<\/li>\n<li>15 Dinossauros \u00danicos<\/li>\n<li>26 Barreiras<\/li>\n<li>8 Cartas de Fazenda Rival (para partida solo)<\/li>\n<li>8 Cartas de Contrato Privado<\/li>\n<li>28 Cartas de Contrato P\u00fablico<\/li>\n<li>30 Cartas de Pesquisa<\/li>\n<\/ul>\n<h2>Regras para o aluguel:<\/h2>\n<ul>\n<li>O per\u00edodo de aluguel inclui a data de entrega e devolu\u00e7\u00e3o do jogo;<\/li>\n<li>O atraso na devolu\u00e7\u00e3o dos jogos, resultar\u00e1 em cobran\u00e7a adicional no valor de um aluguel di\u00e1rio por cada dia de atraso;<\/li>\n<li>Em caso de danos que comprometam a experi\u00eancia do jogo (perda ou avaria de componentes), o cliente dever\u00e1 arcar com os custos da reposi\u00e7\u00e3o dos componentes (quando dispon\u00edveis no mercado) ou aquisi\u00e7\u00e3o de um novo exemplar do jogo.<\/li>\n<\/ul>\n","protected":false},"excerpt":{"rendered":"<div class=\"woocommerce-product-details__short-description\">\n<p>Em\u00a0<strong>Tiny Epic Dinosaurs<\/strong>\u00a0voc\u00ea \u00e9 um dinofazendeiro, comandando uma opera\u00e7\u00e3o em larga escala em uma ilha tropical distante. Os dinossauros se reproduzem nestas ilhas e s\u00e3o vendidos para quem pagar mais, para serem usados em parques tem\u00e1ticos.<\/p>\n<p>Mas criar estas bestas pr\u00e9-hist\u00f3ricas \u00e9 um trabalho \u00e1rduo e perigoso: voc\u00ea deve alimentar os dinos, administrar as barreiras de conten\u00e7\u00e3o para evitar a fuga dos animais, realizar pesquisas e entregar os dinossauros certos para os compradores do mundo todo.<\/p>\n<\/div>\n<div class=\"more-link-wrapper\"><a class=\"more-link\" href=\"https:\/\/cabanadoelfo.com.br\/loja\/jogo\/tiny-epic-dinosaurs\/\">Read More<span class=\"screen-reader-text\">Tiny Epic Dinosaurs<\/span><\/a><\/div>\n","protected":false},"featured_media":766,"comment_status":"open","ping_status":"closed","template":"","meta":[],"product_brand":[],"product_cat":[37,15],"product_tag":[],"class_list":{"0":"post-765","1":"product","2":"type-product","3":"status-publish","4":"has-post-thumbnail","6":"product_cat-jogo-de-cartas","7":"product_cat-jogos-de-tabuleiro","8":"pa_complexidade-jogos-expert","9":"pa_designer-scott-almes","10":"pa_duracao-60-min","11":"pa_editora-meeple-br-jogos","12":"pa_estilo-alocacao-de-trabalhadores","13":"pa_estilo-cerco-de-area","14":"pa_idade-61","15":"pa_idioma-portugues","16":"pa_jogadores-1-a-4","17":"pa_modo-multijogador-competitivo","18":"pa_tema-animais","19":"pa_tema-dinossauros","20":"pa_tema-economia-producao","21":"entry","23":"first","24":"instock","25":"purchasable","26":"product-type-redq_rental"},"jetpack_sharing_enabled":true,"_links":{"self":[{"href":"https:\/\/cabanadoelfo.com.br\/loja\/wp-json\/wp\/v2\/product\/765","targetHints":{"allow":["GET"]}}],"collection":[{"href":"https:\/\/cabanadoelfo.com.br\/loja\/wp-json\/wp\/v2\/product"}],"about":[{"href":"https:\/\/cabanadoelfo.com.br\/loja\/wp-json\/wp\/v2\/types\/product"}],"replies":[{"embeddable":true,"href":"https:\/\/cabanadoelfo.com.br\/loja\/wp-json\/wp\/v2\/comments?post=765"}],"wp:featuredmedia":[{"embeddable":true,"href":"https:\/\/cabanadoelfo.com.br\/loja\/wp-json\/wp\/v2\/media\/766"}],"wp:attachment":[{"href":"https:\/\/cabanadoelfo.com.br\/loja\/wp-json\/wp\/v2\/media?parent=765"}],"wp:term":[{"taxonomy":"product_brand","embeddable":true,"href":"https:\/\/cabanadoelfo.com.br\/loja\/wp-json\/wp\/v2\/product_brand?post=765"},{"taxonomy":"product_cat","embeddable":true,"href":"https:\/\/cabanadoelfo.com.br\/loja\/wp-json\/wp\/v2\/product_cat?post=765"},{"taxonomy":"product_tag","embeddable":true,"href":"https:\/\/cabanadoelfo.com.br\/loja\/wp-json\/wp\/v2\/product_tag?post=765"}],"curies":[{"name":"wp","href":"https:\/\/api.w.org\/{rel}","templated":true}]}}