{"id":750,"date":"2021-11-06T21:37:12","date_gmt":"2021-11-07T00:37:12","guid":{"rendered":"https:\/\/cabanadoelfo.com.br\/loja\/?post_type=product&#038;p=750"},"modified":"2024-04-20T13:59:31","modified_gmt":"2024-04-20T16:59:31","slug":"cryptid","status":"publish","type":"product","link":"https:\/\/cabanadoelfo.com.br\/loja\/jogo\/cryptid\/","title":{"rendered":"Cryptid"},"content":{"rendered":"<p>Voc\u00ea estudou as imagens, conectou os pontos e reuniu as poucas evid\u00eancias que podia. Voc\u00ea est\u00e1 perto &#8211; logo o mundo inteiro saber\u00e1 a verdade por tr\u00e1s de Cryptid. Um grupo de criptozoologistas com a mesma mentalidade se reuniu para finalmente descobrir a criatura esquiva, mas a gl\u00f3ria da descoberta \u00e9 muito rica para ser compartilhada. Sem revelar o que voc\u00ea sabe, voc\u00ea nunca conseguir\u00e1 localizar a fera, mas revelar muito far\u00e1 com que seu nome seja esquecido por muito tempo!<\/p>\n<p>Cryptid \u00e9 um jogo \u00fanico de dedu\u00e7\u00e3o por um direcionamento honesto, no qual os jogadores tentam descobrir informa\u00e7\u00f5es sobre as pistas de seus oponentes, enquanto joga pistas fora do seu pr\u00f3prio jeito. Cada jogador possui uma prova para ajud\u00e1-los a encontrar a criatura e, por sua vez, eles podem tentar obter mais informa\u00e7\u00f5es de seus oponentes. Esteja avisado; doe muito e seus oponentes podem derrot\u00e1-lo ao misterioso animal e reivindicar a gl\u00f3ria por si mesmos!<\/p>\n<p>O jogo inclui um tabuleiro modular, cinco livros de dicas e um baralho de setup com centenas de poss\u00edveis configura\u00e7\u00f5es em dois n\u00edveis de dificuldade. Tamb\u00e9m \u00e9 suportado por um complemento digital totalmente opcional, permitindo uma configura\u00e7\u00e3o mais r\u00e1pida do jogo e uma gama quase infinita de puzzles.<\/p>\n<h2>Componentes:<\/h2>\n<ul>\n<li>1 Livro de Regras<\/li>\n<li>5 Livros de Pistas<\/li>\n<li>1 Pe\u00e3o Cryptid<\/li>\n<li>1 Tabuleiro Modular (6 pe\u00e7as de mapas numeradas)<\/li>\n<li>4 Cabanas Abandonadas (tri\u00e2ngulos)<\/li>\n<li>4 Rochas Verticais (oct\u00f3gonos)<\/li>\n<li>5 Conjuntos de Marcadores de Jogador (1 de cada cor)<\/li>\n<li>54 Cartas<\/li>\n<\/ul>\n<h2>Regras para o aluguel:<\/h2>\n<ul>\n<li>O per\u00edodo de aluguel inclui a data de entrega e devolu\u00e7\u00e3o do jogo;<\/li>\n<li>O atraso na devolu\u00e7\u00e3o dos jogos, resultar\u00e1 em cobran\u00e7a adicional no valor de um aluguel di\u00e1rio por cada dia de atraso;<\/li>\n<li>Em caso de danos que comprometam a experi\u00eancia do jogo (perda ou avaria de componentes), o cliente dever\u00e1 arcar com os custos da reposi\u00e7\u00e3o dos componentes (quando dispon\u00edveis no mercado) ou aquisi\u00e7\u00e3o de um novo exemplar do jogo.<\/li>\n<\/ul>\n","protected":false},"excerpt":{"rendered":"<div class=\"woocommerce-product-details__short-description\">\n<p>O valor corresponde ao aluguel di\u00e1rio do jogo. Consulte as condi\u00e7\u00f5es abaixo.<\/p>\n<\/div>\n<div class=\"more-link-wrapper\"><a class=\"more-link\" href=\"https:\/\/cabanadoelfo.com.br\/loja\/jogo\/cryptid\/\">Read More<span class=\"screen-reader-text\">Cryptid<\/span><\/a><\/div>\n","protected":false},"featured_media":755,"comment_status":"open","ping_status":"closed","template":"","meta":[],"product_brand":[],"product_cat":[15],"product_tag":[],"class_list":{"0":"post-750","1":"product","2":"type-product","3":"status-publish","4":"has-post-thumbnail","6":"product_cat-jogos-de-tabuleiro","7":"pa_complexidade-jogos-expert","8":"pa_designer-hal-duncan","9":"pa_designer-ruth-veevers","10":"pa_duracao-50-min","11":"pa_editora-ludofy-creative","12":"pa_estilo-colocacao-de-pecas","13":"pa_estilo-deducao","14":"pa_estilo-reconhecimento-de-padrao","15":"pa_estilo-tabuleiro-modular","16":"pa_idade-35","17":"pa_idioma-portugues","18":"pa_jogadores-3-a-5","19":"pa_modo-multijogador-competitivo","20":"pa_tema-aventura","21":"pa_tema-estrategia","22":"pa_tema-fantasia","23":"entry","25":"first","26":"instock","27":"purchasable","28":"product-type-redq_rental"},"jetpack_sharing_enabled":true,"_links":{"self":[{"href":"https:\/\/cabanadoelfo.com.br\/loja\/wp-json\/wp\/v2\/product\/750","targetHints":{"allow":["GET"]}}],"collection":[{"href":"https:\/\/cabanadoelfo.com.br\/loja\/wp-json\/wp\/v2\/product"}],"about":[{"href":"https:\/\/cabanadoelfo.com.br\/loja\/wp-json\/wp\/v2\/types\/product"}],"replies":[{"embeddable":true,"href":"https:\/\/cabanadoelfo.com.br\/loja\/wp-json\/wp\/v2\/comments?post=750"}],"wp:featuredmedia":[{"embeddable":true,"href":"https:\/\/cabanadoelfo.com.br\/loja\/wp-json\/wp\/v2\/media\/755"}],"wp:attachment":[{"href":"https:\/\/cabanadoelfo.com.br\/loja\/wp-json\/wp\/v2\/media?parent=750"}],"wp:term":[{"taxonomy":"product_brand","embeddable":true,"href":"https:\/\/cabanadoelfo.com.br\/loja\/wp-json\/wp\/v2\/product_brand?post=750"},{"taxonomy":"product_cat","embeddable":true,"href":"https:\/\/cabanadoelfo.com.br\/loja\/wp-json\/wp\/v2\/product_cat?post=750"},{"taxonomy":"product_tag","embeddable":true,"href":"https:\/\/cabanadoelfo.com.br\/loja\/wp-json\/wp\/v2\/product_tag?post=750"}],"curies":[{"name":"wp","href":"https:\/\/api.w.org\/{rel}","templated":true}]}}