{"id":744,"date":"2021-11-06T20:28:28","date_gmt":"2021-11-06T23:28:28","guid":{"rendered":"https:\/\/cabanadoelfo.com.br\/loja\/?post_type=product&#038;p=744"},"modified":"2026-03-09T20:50:03","modified_gmt":"2026-03-09T23:50:03","slug":"cartografos","status":"publish","type":"product","link":"https:\/\/cabanadoelfo.com.br\/loja\/jogo\/cartografos\/","title":{"rendered":"Cart\u00f3grafos"},"content":{"rendered":"<p>Em Cart\u00f3grafos, os jogadores competem para ganhar a maior quantidade de estrelas de reputa\u00e7\u00e3o ao longo de quatro esta\u00e7\u00f5es do ano. A cada esta\u00e7\u00e3o, os jogadores desenham em suas folhas de mapa e ganham<br \/>\nreputa\u00e7\u00e3o cumprindo os decretos da rainha antes do t\u00e9rmino da esta\u00e7\u00e3o. O jogador com mais estrelas de reputa\u00e7\u00e3o ao fim do inverno \u00e9 o vencedor!<\/p>\n<p><strong>**************************************************************************<\/strong><br \/>\n<strong>Vencedor do Pr\u00eamio Ludopedia Jogo Fam\u00edlia do Ano 2019<\/strong><br \/>\n<strong>Vencedor do Pr\u00eamio Ludopedia Jogo Fam\u00edlia do Ano (Designer Nacional) 2019<\/strong><br \/>\n<strong>Vencedor do Pr\u00eamio Ludopedia Jogo Fam\u00edlia do Ano (Designer Nacional) 2019 &#8211; Voto Popular<\/strong><br \/>\n<strong>**************************************************************************<\/strong><\/p>\n<p><iframe loading=\"lazy\" title=\"Carto\u0301grafos - Como Jogar\" width=\"500\" height=\"281\" src=\"https:\/\/www.youtube.com\/embed\/GwQQFfCCKvM?feature=oembed\" frameborder=\"0\" allow=\"accelerometer; autoplay; clipboard-write; encrypted-media; gyroscope; picture-in-picture; web-share\" referrerpolicy=\"strict-origin-when-cross-origin\" allowfullscreen><\/iframe><\/p>\n<h2>Componentes:<\/h2>\n<ul>\n<li>1 Livro de Regras<\/li>\n<li>1 Caixa de L\u00e1pis de Cor<\/li>\n<li>4 Cartas de Ciladas<\/li>\n<li>4 Cartas de Decretos<\/li>\n<li>4 Cartas de Esta\u00e7\u00e3o<\/li>\n<li>13 Cartas de Explora\u00e7\u00e3o<\/li>\n<li>16 Cartas de Pontua\u00e7\u00e3o<\/li>\n<li>100 Folhas de Mapa (dupla-face \/ ermos e abismo)<\/li>\n<\/ul>\n<h2>Componentes do Conjunto Promocional Blocos &amp; Promos:<\/h2>\n<ul>\n<li>1 Caixa de L\u00e1pis de Cor<\/li>\n<li>1 Bloco Extra de Folhas de Mapas<\/li>\n<li>1 Bloco de Folhas de Mapas da Variante &#8220;T\u00e1bula Rasa&#8221;<\/li>\n<li>4 Novas Cartas de Cilada<\/li>\n<\/ul>\n<h2>Regras para o aluguel:<\/h2>\n<ul>\n<li>O per\u00edodo de aluguel inclui a data de entrega e devolu\u00e7\u00e3o do jogo;<\/li>\n<li>O atraso na devolu\u00e7\u00e3o dos jogos, resultar\u00e1 em cobran\u00e7a adicional no valor de um aluguel di\u00e1rio por cada dia de atraso;<\/li>\n<li>Em caso de danos que comprometam a experi\u00eancia do jogo (perda ou avaria de componentes), o cliente dever\u00e1 arcar com os custos da reposi\u00e7\u00e3o dos componentes (quando dispon\u00edveis no mercado) ou aquisi\u00e7\u00e3o de um novo exemplar do jogo.<\/li>\n<\/ul>\n","protected":false},"excerpt":{"rendered":"<div class=\"woocommerce-product-details__short-description\">\n<p>A Rainha Gimnax ordenou a recupera\u00e7\u00e3o das terras do norte. Como cart\u00f3grafo a seu servi\u00e7o, voc\u00ea \u00e9 enviado para mapear este territ\u00f3rio, reivindicando-o para o Reino de Nalos. Atrav\u00e9s de decretos oficiais, a rainha anunciar\u00e1 quais terras ela mais valoriza, e voc\u00ea aumentar\u00e1 sua reputa\u00e7\u00e3o satisfazendo suas demandas. Mas voc\u00ea n\u00e3o est\u00e1 sozinho nessa vastid\u00e3o. Os Dragul contestam suas reivindica\u00e7\u00f5es com seus postos avan\u00e7ados, ent\u00e3o voc\u00ea deve desenhar suas linhas cuidadosamente reduzindo a influ\u00eancia deles. Recupere a maior quantidade de terras desejadas pela rainha e voc\u00ea ser\u00e1 declarado o maior cart\u00f3grafo do reino.<\/p>\n<p><strong>Inclui o Conjunto Promocional:<\/strong><\/p>\n<ul>\n<li><strong>Blocos &amp; Promos<\/strong><\/li>\n<\/ul>\n<\/div>\n<div class=\"more-link-wrapper\"><a class=\"more-link\" href=\"https:\/\/cabanadoelfo.com.br\/loja\/jogo\/cartografos\/\">Read More<span class=\"screen-reader-text\">Cart\u00f3grafos<\/span><\/a><\/div>\n","protected":false},"featured_media":746,"comment_status":"open","ping_status":"closed","template":"","meta":[],"product_brand":[],"product_cat":[37],"product_tag":[],"class_list":{"0":"post-744","1":"product","2":"type-product","3":"status-publish","4":"has-post-thumbnail","6":"product_cat-jogo-de-cartas","7":"pa_complexidade-jogos-familiares","8":"pa_designer-jordy-adan","9":"pa_duracao-45-min","10":"pa_editora-ludofy-creative","11":"pa_estilo-desenhar","12":"pa_estilo-papel-e-caneta","13":"pa_idade-61","14":"pa_idioma-portugues","15":"pa_jogadores-1-a-100","16":"pa_modo-multijogador-competitivo","17":"pa_tema-arte","18":"pa_tema-fantasia","19":"entry","21":"first","22":"instock","23":"purchasable","24":"product-type-redq_rental"},"jetpack_sharing_enabled":true,"_links":{"self":[{"href":"https:\/\/cabanadoelfo.com.br\/loja\/wp-json\/wp\/v2\/product\/744","targetHints":{"allow":["GET"]}}],"collection":[{"href":"https:\/\/cabanadoelfo.com.br\/loja\/wp-json\/wp\/v2\/product"}],"about":[{"href":"https:\/\/cabanadoelfo.com.br\/loja\/wp-json\/wp\/v2\/types\/product"}],"replies":[{"embeddable":true,"href":"https:\/\/cabanadoelfo.com.br\/loja\/wp-json\/wp\/v2\/comments?post=744"}],"wp:featuredmedia":[{"embeddable":true,"href":"https:\/\/cabanadoelfo.com.br\/loja\/wp-json\/wp\/v2\/media\/746"}],"wp:attachment":[{"href":"https:\/\/cabanadoelfo.com.br\/loja\/wp-json\/wp\/v2\/media?parent=744"}],"wp:term":[{"taxonomy":"product_brand","embeddable":true,"href":"https:\/\/cabanadoelfo.com.br\/loja\/wp-json\/wp\/v2\/product_brand?post=744"},{"taxonomy":"product_cat","embeddable":true,"href":"https:\/\/cabanadoelfo.com.br\/loja\/wp-json\/wp\/v2\/product_cat?post=744"},{"taxonomy":"product_tag","embeddable":true,"href":"https:\/\/cabanadoelfo.com.br\/loja\/wp-json\/wp\/v2\/product_tag?post=744"}],"curies":[{"name":"wp","href":"https:\/\/api.w.org\/{rel}","templated":true}]}}