{"id":715,"date":"2021-07-29T10:56:09","date_gmt":"2021-07-29T13:56:09","guid":{"rendered":"https:\/\/cabanadoelfo.com.br\/loja\/?post_type=product&#038;p=715"},"modified":"2026-01-01T19:49:11","modified_gmt":"2026-01-01T22:49:11","slug":"vudu-expansao-2-em-1","status":"publish","type":"product","link":"https:\/\/cabanadoelfo.com.br\/loja\/jogo\/vudu-expansao-2-em-1\/","title":{"rendered":"Vud\u00fa"},"content":{"rendered":"<p>Em Vud\u00f9, os jogadores atuam como os mais perversos e maliciosos feiticeiros de todos os tempos, e eles querem usar suas maldi\u00e7\u00f5es e magia negra para fazer a vida de seus inimigos imposs\u00edvel de super\u00e1-los!<\/p>\n<p>Em cada turno, voc\u00ea joga 5 dados, coleta ingredientes, escolhe se vai pegar novas cartas, novos itens ou conjurar uma magia. Cada magia tem uma maldi\u00e7\u00e3o poderosa e trapaceira ligada a ela que obriga seu alvo a jogar de uma maneira espec\u00edfica, por exemplo, falar com sua l\u00edngua para fora durante o resto do jogo, utilizar apenas uma m\u00e3o, ou correr em volta da mesa a cada turno.<\/p>\n<p>Cada maldi\u00e7\u00e3o fornece pontos quando voc\u00ea a conjura e muitos mais se seu alvo esquecer de obedec\u00ea-la ou ficar muito cansado para continuar. Colete o maior n\u00famero de pontos de maldi\u00e7\u00e3o poss\u00edvel para alcan\u00e7ar a pontua\u00e7\u00e3o final antes de todos os outros!<\/p>\n<p><iframe loading=\"lazy\" title=\"Covil dos Jogos - Review e Gameplay Vudu\" width=\"500\" height=\"281\" src=\"https:\/\/www.youtube.com\/embed\/XDmYWa5viXo?feature=oembed\" frameborder=\"0\" allow=\"accelerometer; autoplay; clipboard-write; encrypted-media; gyroscope; picture-in-picture; web-share\" referrerpolicy=\"strict-origin-when-cross-origin\" allowfullscreen><\/iframe><\/p>\n<h2>Componentes Jogo Base:<\/h2>\n<ul>\n<li>1 Folheto de Regras<\/li>\n<li>1 Trilha de Pontos na Caixa do Jogo<\/li>\n<li>1 Boneco Vud\u00fa<\/li>\n<li>5 Dados de Ingredientes<\/li>\n<li>6 Esferas<\/li>\n<li>1 Carta de Alvo<\/li>\n<li>10 Cartas de Maldi\u00e7\u00f5es Permanentes<\/li>\n<li>13 Cartas de Artefatos<\/li>\n<li>36 Cartas de Maldi\u00e7\u00f5es (12 celtas, 12 eg\u00edpcias e 12 haitianas)<\/li>\n<\/ul>\n<h2>Expans\u00e3o 2 em 1 &#8211; Zumbis vs B\u00e1rbaros e Ninjas vs Pigmeus<\/h2>\n<p>Vudu: expans\u00e3o 2 em 1, traz 4 novas escolas de magia, regras para mais jogadores e muito mais zoeira para suas partidas!<\/p>\n<p>A expans\u00e3o Zumbis vs B\u00e1rbaros apresenta duas novas escolas de magia: os b\u00e1rbaros teimosos e os zumbis infecciosos.<\/p>\n<p>Devido a sua insist\u00eancia, os b\u00e1rbaros te permitem ignorar uma maldi\u00e7\u00e3o e fingir que ela n\u00e3o foi quebrada; j\u00e1 o v\u00edrus zumbi se propaga durante a partida, levando a maldi\u00e7\u00e3o de um jogador para o outro!<\/p>\n<p>Em Ninjas vs Pigmeus, temos duas novas escolas de magia para criar ainda mais confus\u00e3o: os esquivos ninjas, com suas maldi\u00e7\u00f5es que s\u00e3o dif\u00edceis de lembrar e f\u00e1ceis de quebrar; e os velozes e mortais pigmeus, capazes de fazer maldi\u00e7\u00f5es com apenas um componente.<\/p>\n<p>Em termos de regras, essa expans\u00e3o traz a possibilidade de se jogar com 2 a 8 jogadores, ampliando a versatilidade do jogo base.<\/p>\n<h3>Componentes Expans\u00e3o 2 em 1 &#8211; Zumbis vs B\u00e1rbaros:<\/h3>\n<ul>\n<li>5 Cartas de Artefatos<\/li>\n<li>5 Cartas de Maldi\u00e7\u00f5es Permanentes<\/li>\n<li>20 Cartas de maldi\u00e7\u00f5es (10 zumbis e 10 b\u00e1rbaros)<\/li>\n<\/ul>\n<h3>Componentes Expans\u00e3o 2 em 1 &#8211; Ninjas vs Pigmeus:<\/h3>\n<ul>\n<li>2 Esferas<\/li>\n<li>5 Cartas de Artefatos<\/li>\n<li>5 Cartas de Maldi\u00e7\u00f5es Permanentes<\/li>\n<li>20 Cartas de maldi\u00e7\u00f5es (10 ninjas e 10 pigmeus)<\/li>\n<\/ul>\n<h2>Regras para o aluguel:<\/h2>\n<ul>\n<li>O per\u00edodo de aluguel inclui a data de entrega e devolu\u00e7\u00e3o do jogo;<\/li>\n<li>O atraso na devolu\u00e7\u00e3o dos jogos, resultar\u00e1 em cobran\u00e7a adicional no valor de um aluguel di\u00e1rio por cada dia de atraso;<\/li>\n<li>Em caso de danos que comprometam a experi\u00eancia do jogo (perda ou avaria de componentes), o cliente dever\u00e1 arcar com os custos da reposi\u00e7\u00e3o dos componentes (quando dispon\u00edveis no mercado) ou aquisi\u00e7\u00e3o de um novo exemplar do jogo.<\/li>\n<\/ul>\n","protected":false},"excerpt":{"rendered":"<div class=\"woocommerce-product-details__short-description\">\n<p>Magia antiga, aug\u00farios negros e maldi\u00e7\u00f5es inacab\u00e1veis \u2013 voc\u00ea se tornar\u00e1 um dos adeptos da magia negra dos Eg\u00edpcios ou um seguidor da antiga arte dos Druidas Quase-Mortos ou um feiticeiro arcano dos rituais Vud\u00f9! Preparem-se para a maior disputa de magia negra de todos os tempos. O Torneio Vud\u00f9 acabou de come\u00e7ar!<\/p>\n<p><strong>Inclui as Expans\u00f5es:<\/strong><\/p>\n<ul>\n<li><strong>Zumbis vs B\u00e1rbaros<\/strong><\/li>\n<li><strong>Ninjas vs Pigmeus<\/strong><\/li>\n<\/ul>\n<\/div>\n<div class=\"more-link-wrapper\"><a class=\"more-link\" href=\"https:\/\/cabanadoelfo.com.br\/loja\/jogo\/vudu-expansao-2-em-1\/\">Read More<span class=\"screen-reader-text\">Vud\u00fa<\/span><\/a><\/div>\n","protected":false},"featured_media":720,"comment_status":"open","ping_status":"closed","template":"","meta":[],"product_brand":[],"product_cat":[37,86],"product_tag":[],"class_list":{"0":"post-715","1":"product","2":"type-product","3":"status-publish","4":"has-post-thumbnail","6":"product_cat-jogo-de-cartas","7":"product_cat-jogo-de-dados","8":"pa_complexidade-jogos-familiares","9":"pa_complexidade-jogo-festivo","10":"pa_designer-francesco-giovo","11":"pa_designer-marco-valtriani","12":"pa_duracao-30-min","13":"pa_editora-meeple-br-jogos","14":"pa_estilo-atuacao","15":"pa_estilo-gestao-de-mao","16":"pa_estilo-memoria","17":"pa_estilo-rolagem-de-dados","18":"pa_estilo-rolar-e-mover","19":"pa_estilo-toma-essa","20":"pa_idade-61","21":"pa_idioma-portugues","22":"pa_jogadores-2-a-8","23":"pa_jogadores-3-a-6","24":"pa_modo-multijogador-competitivo","25":"pa_tema-civilizacao","26":"pa_tema-humor","27":"entry","29":"first","30":"instock","31":"purchasable","32":"product-type-redq_rental"},"jetpack_sharing_enabled":true,"_links":{"self":[{"href":"https:\/\/cabanadoelfo.com.br\/loja\/wp-json\/wp\/v2\/product\/715","targetHints":{"allow":["GET"]}}],"collection":[{"href":"https:\/\/cabanadoelfo.com.br\/loja\/wp-json\/wp\/v2\/product"}],"about":[{"href":"https:\/\/cabanadoelfo.com.br\/loja\/wp-json\/wp\/v2\/types\/product"}],"replies":[{"embeddable":true,"href":"https:\/\/cabanadoelfo.com.br\/loja\/wp-json\/wp\/v2\/comments?post=715"}],"wp:featuredmedia":[{"embeddable":true,"href":"https:\/\/cabanadoelfo.com.br\/loja\/wp-json\/wp\/v2\/media\/720"}],"wp:attachment":[{"href":"https:\/\/cabanadoelfo.com.br\/loja\/wp-json\/wp\/v2\/media?parent=715"}],"wp:term":[{"taxonomy":"product_brand","embeddable":true,"href":"https:\/\/cabanadoelfo.com.br\/loja\/wp-json\/wp\/v2\/product_brand?post=715"},{"taxonomy":"product_cat","embeddable":true,"href":"https:\/\/cabanadoelfo.com.br\/loja\/wp-json\/wp\/v2\/product_cat?post=715"},{"taxonomy":"product_tag","embeddable":true,"href":"https:\/\/cabanadoelfo.com.br\/loja\/wp-json\/wp\/v2\/product_tag?post=715"}],"curies":[{"name":"wp","href":"https:\/\/api.w.org\/{rel}","templated":true}]}}