{"id":704,"date":"2021-07-27T14:05:42","date_gmt":"2021-07-27T17:05:42","guid":{"rendered":"https:\/\/cabanadoelfo.com.br\/loja\/?post_type=product&#038;p=704"},"modified":"2026-01-01T19:34:41","modified_gmt":"2026-01-01T22:34:41","slug":"trial-by-trolley","status":"publish","type":"product","link":"https:\/\/cabanadoelfo.com.br\/loja\/jogo\/trial-by-trolley\/","title":{"rendered":"Trial by Trolley"},"content":{"rendered":"<h2>Componentes:<\/h2>\n<ul>\n<li>1 Folheto de Regras<\/li>\n<li>1 Folheto de Trilho de Trem<\/li>\n<li>1 Ficha do Bento Bondinho<\/li>\n<li>24 Fichas de Morte<\/li>\n<li>497 Cartas (63 x 88mm):<br \/>\n\u2013 175 Modificador<br \/>\n\u2013 122 Culpado<br \/>\n\u2013 200 Inocente<\/li>\n<\/ul>\n<h2>Regras para o aluguel:<\/h2>\n<ul>\n<li>O per\u00edodo de aluguel inclui a data de entrega e devolu\u00e7\u00e3o do jogo;<\/li>\n<li>O atraso na devolu\u00e7\u00e3o dos jogos, resultar\u00e1 em cobran\u00e7a adicional no valor de um aluguel di\u00e1rio por cada dia de atraso;<\/li>\n<li>Em caso de danos que comprometam a experi\u00eancia do jogo (perda ou avaria de componentes), o cliente dever\u00e1 arcar com os custos da reposi\u00e7\u00e3o dos componentes (quando dispon\u00edveis no mercado) ou aquisi\u00e7\u00e3o de um novo exemplar do jogo.<\/li>\n<\/ul>\n","protected":false},"excerpt":{"rendered":"<div class=\"woocommerce-product-details__short-description\">\n<p>Em Trial by Trolley, um jogador age como o operador de um bonde assassino descontrolado e deve escolher para onde mand\u00e1-lo. Todos os outros jogadores da mesa jogam cartas e tentam convencer o operador a poupar suas vidas e condenar todos na outra pista a uma horr\u00edvel morte.<\/p>\n<\/div>\n<div class=\"more-link-wrapper\"><a class=\"more-link\" href=\"https:\/\/cabanadoelfo.com.br\/loja\/jogo\/trial-by-trolley\/\">Read More<span class=\"screen-reader-text\">Trial by Trolley<\/span><\/a><\/div>\n","protected":false},"featured_media":705,"comment_status":"open","ping_status":"closed","template":"","meta":[],"product_brand":[],"product_cat":[37],"product_tag":[],"class_list":{"0":"post-704","1":"product","2":"type-product","3":"status-publish","4":"has-post-thumbnail","6":"product_cat-jogo-de-cartas","7":"pa_complexidade-jogo-de-entrada","8":"pa_complexidade-jogos-familiares","9":"pa_complexidade-jogo-festivo","10":"pa_designer-scott-houser","11":"pa_duracao-15-min","12":"pa_editora-galapagos-jogos","13":"pa_estilo-acao-simultanea","14":"pa_estilo-campanha-batalhas-dirigidas-por-cartas","15":"pa_estilo-gestao-de-mao","16":"pa_estilo-jogo-em-equipe","17":"pa_estilo-selecao-de-cartas","18":"pa_estilo-toma-essa","19":"pa_estilo-votacao","20":"pa_idade-61","21":"pa_idioma-portugues","22":"pa_jogadores-3-a-13","23":"pa_modo-multijogador-competitivo","24":"pa_modo-multijogador-semi-cooperativo","25":"pa_tema-humor","26":"entry","28":"first","29":"instock","30":"purchasable","31":"product-type-redq_rental"},"jetpack_sharing_enabled":true,"_links":{"self":[{"href":"https:\/\/cabanadoelfo.com.br\/loja\/wp-json\/wp\/v2\/product\/704","targetHints":{"allow":["GET"]}}],"collection":[{"href":"https:\/\/cabanadoelfo.com.br\/loja\/wp-json\/wp\/v2\/product"}],"about":[{"href":"https:\/\/cabanadoelfo.com.br\/loja\/wp-json\/wp\/v2\/types\/product"}],"replies":[{"embeddable":true,"href":"https:\/\/cabanadoelfo.com.br\/loja\/wp-json\/wp\/v2\/comments?post=704"}],"wp:featuredmedia":[{"embeddable":true,"href":"https:\/\/cabanadoelfo.com.br\/loja\/wp-json\/wp\/v2\/media\/705"}],"wp:attachment":[{"href":"https:\/\/cabanadoelfo.com.br\/loja\/wp-json\/wp\/v2\/media?parent=704"}],"wp:term":[{"taxonomy":"product_brand","embeddable":true,"href":"https:\/\/cabanadoelfo.com.br\/loja\/wp-json\/wp\/v2\/product_brand?post=704"},{"taxonomy":"product_cat","embeddable":true,"href":"https:\/\/cabanadoelfo.com.br\/loja\/wp-json\/wp\/v2\/product_cat?post=704"},{"taxonomy":"product_tag","embeddable":true,"href":"https:\/\/cabanadoelfo.com.br\/loja\/wp-json\/wp\/v2\/product_tag?post=704"}],"curies":[{"name":"wp","href":"https:\/\/api.w.org\/{rel}","templated":true}]}}