{"id":694,"date":"2021-07-27T12:49:18","date_gmt":"2021-07-27T15:49:18","guid":{"rendered":"https:\/\/cabanadoelfo.com.br\/loja\/?post_type=product&#038;p=694"},"modified":"2024-09-26T16:32:27","modified_gmt":"2024-09-26T19:32:27","slug":"misty","status":"publish","type":"product","link":"https:\/\/cabanadoelfo.com.br\/loja\/jogo\/misty\/","title":{"rendered":"Misty"},"content":{"rendered":"<p>Em Misty, cada jogador deve montar uma janela com 12 cartas. Para montar sua janela, cada jogador ter\u00e1 que escolher uma carta da m\u00e3o, e ent\u00e3o passar as cartas restantes para o vizinho. Os jogadores ter\u00e3o escolhas a fazer: pegar esta carta ou impedir que o vizinho pegue aquela outra?<\/p>\n<p>Quando todas as cartas tiverem sido jogadas, algumas delas ser\u00e3o movidas e cobrir\u00e3o outras: estas \u00faltimas ser\u00e3o eliminadas do jogo. Para vencer, os jogadores dever\u00e3o planejar e otimizar sua janela para marcar o m\u00e1ximo de pontos.<\/p>\n<p>O primeiro jogador a vencer 2 rodadas ser\u00e1 declarado o vencedor da partida.<\/p>\n<p><iframe loading=\"lazy\" title=\"MISTY em 7 minutos\" width=\"500\" height=\"281\" src=\"https:\/\/www.youtube.com\/embed\/PbwFJ7xObM0?feature=oembed\" frameborder=\"0\" allow=\"accelerometer; autoplay; clipboard-write; encrypted-media; gyroscope; picture-in-picture; web-share\" referrerpolicy=\"strict-origin-when-cross-origin\" allowfullscreen><\/iframe><\/p>\n<h2>Componentes:<\/h2>\n<ul>\n<li>1 Folheto de Regras<\/li>\n<li>57 Cartas (45 x 90mm)\n<ul>\n<li>54 Cartas Base<\/li>\n<li>3 Cartas Expans\u00f5es &#8220;Arco e Flecha&#8221;<\/li>\n<\/ul>\n<\/li>\n<\/ul>\n<h2>Regras para o aluguel:<\/h2>\n<ul>\n<li>O per\u00edodo de aluguel inclui a data de entrega e devolu\u00e7\u00e3o do jogo;<\/li>\n<li>O atraso na devolu\u00e7\u00e3o dos jogos, resultar\u00e1 em cobran\u00e7a adicional no valor de um aluguel di\u00e1rio por cada dia de atraso;<\/li>\n<li>Em caso de danos que comprometam a experi\u00eancia do jogo (perda ou avaria de componentes), o cliente dever\u00e1 arcar com os custos da reposi\u00e7\u00e3o dos componentes (quando dispon\u00edveis no mercado) ou aquisi\u00e7\u00e3o de um novo exemplar do jogo.<\/li>\n<\/ul>\n","protected":false},"excerpt":{"rendered":"<div class=\"woocommerce-product-details__short-description\">\n<p>Era uma tarde escura e chuvosa\u2026 A chuva escorre pelas janelas e os vidros aos poucos ficam emba\u00e7ados. Enquanto voc\u00ea rabisca na janela, seus desenhos de repente ganham vida: caminh\u00f5es se movem, foguetes decolam, folhas caem. E cuidado! Um monstro comedor de flores est\u00e1 \u00e0 espreita\u2026 Bem vindo a Misty!<\/p>\n<\/div>\n<div class=\"more-link-wrapper\"><a class=\"more-link\" href=\"https:\/\/cabanadoelfo.com.br\/loja\/jogo\/misty\/\">Read More<span class=\"screen-reader-text\">Misty<\/span><\/a><\/div>\n","protected":false},"featured_media":714,"comment_status":"open","ping_status":"closed","template":"","meta":[],"product_brand":[],"product_cat":[37],"product_tag":[],"class_list":{"0":"post-694","1":"product","2":"type-product","3":"status-publish","4":"has-post-thumbnail","6":"product_cat-jogo-de-cartas","7":"pa_complexidade-jogo-de-entrada","8":"pa_complexidade-jogos-familiares","9":"pa_complexidade-jogo-festivo","10":"pa_designer-florian-fay","11":"pa_duracao-20-min","12":"pa_editora-papergames","13":"pa_estilo-gestao-de-mao","14":"pa_estilo-selecao-de-cartas","15":"pa_idade-50","16":"pa_idioma-portugues","17":"pa_jogadores-2-a-4","18":"pa_modo-multijogador-competitivo","19":"pa_tema-fantasia","20":"entry","22":"first","23":"instock","24":"purchasable","25":"product-type-redq_rental"},"jetpack_sharing_enabled":true,"_links":{"self":[{"href":"https:\/\/cabanadoelfo.com.br\/loja\/wp-json\/wp\/v2\/product\/694","targetHints":{"allow":["GET"]}}],"collection":[{"href":"https:\/\/cabanadoelfo.com.br\/loja\/wp-json\/wp\/v2\/product"}],"about":[{"href":"https:\/\/cabanadoelfo.com.br\/loja\/wp-json\/wp\/v2\/types\/product"}],"replies":[{"embeddable":true,"href":"https:\/\/cabanadoelfo.com.br\/loja\/wp-json\/wp\/v2\/comments?post=694"}],"wp:featuredmedia":[{"embeddable":true,"href":"https:\/\/cabanadoelfo.com.br\/loja\/wp-json\/wp\/v2\/media\/714"}],"wp:attachment":[{"href":"https:\/\/cabanadoelfo.com.br\/loja\/wp-json\/wp\/v2\/media?parent=694"}],"wp:term":[{"taxonomy":"product_brand","embeddable":true,"href":"https:\/\/cabanadoelfo.com.br\/loja\/wp-json\/wp\/v2\/product_brand?post=694"},{"taxonomy":"product_cat","embeddable":true,"href":"https:\/\/cabanadoelfo.com.br\/loja\/wp-json\/wp\/v2\/product_cat?post=694"},{"taxonomy":"product_tag","embeddable":true,"href":"https:\/\/cabanadoelfo.com.br\/loja\/wp-json\/wp\/v2\/product_tag?post=694"}],"curies":[{"name":"wp","href":"https:\/\/api.w.org\/{rel}","templated":true}]}}