{"id":561,"date":"2020-12-01T13:59:35","date_gmt":"2020-12-01T16:59:35","guid":{"rendered":"https:\/\/cabanadoelfo.com.br\/loja\/?post_type=product&#038;p=561"},"modified":"2024-06-01T19:36:51","modified_gmt":"2024-06-01T22:36:51","slug":"zombicide-black-plague","status":"publish","type":"product","link":"https:\/\/cabanadoelfo.com.br\/loja\/jogo\/zombicide-black-plague\/","title":{"rendered":"Zombicide Black Plague"},"content":{"rendered":"<p>Zombicide: Black Plague permite assumir o controle de paladinos, an\u00f5es, cavaleiros e magos, empunhando espadas poderosas, bestas, e at\u00e9 mesmo magias para derrotar as hordas de zumbis e seus senhores Necromantes. As regras cl\u00e1ssicas de Zombicide foram renovadas para esta nova encarna\u00e7\u00e3o do jogo, mantendo a a\u00e7\u00e3o ininterrupta, clima tenso e f\u00e1cil de aprender.<\/p>\n<p>Equipe seu sobrevivente com equipamentos como armadura de cota de malha ou escudos para se defender contra os mortos-vivos, pegue livros de magia para realizar encantamentos fant\u00e1sticos, ou acenda uma po\u00e7a de bile de drag\u00e3o para criar um inferno!<\/p>\n<p>Assuma a invas\u00e3o zumbi das ruas medievais para cofres secretos que criam passagens r\u00e1pidas atrav\u00e9s da cidadela (e muitas vezes segure artefatos especiais). Persiga os Necromantes elusivos para evitar que multipliquem as massas de zumbis. E enfrente todo um novo conjunto de miss\u00f5es atrav\u00e9s do qual o seu grupo de sobreviventes se tornar\u00e3o os her\u00f3is da terra (ou as \u00faltimas v\u00edtimas do massacre de zumbis).<\/p>\n<p><iframe loading=\"lazy\" title=\"Como \u00e9 que Joga? - Zombicide Black Plague\" width=\"500\" height=\"281\" src=\"https:\/\/www.youtube.com\/embed\/lip9divAoVE?feature=oembed\" frameborder=\"0\" allow=\"accelerometer; autoplay; clipboard-write; encrypted-media; gyroscope; picture-in-picture; web-share\" referrerpolicy=\"strict-origin-when-cross-origin\" allowfullscreen><\/iframe><\/p>\n<h2>Componentes:<\/h2>\n<ul>\n<li>1 Livro de Regras em Ingl\u00eas<\/li>\n<li>1 Livro de Regras em Portugu\u00eas<\/li>\n<li>9 Pe\u00e7as de Mapa (frente e verso)<\/li>\n<li>6 Fichas de Sobreviventes<\/li>\n<li>6 Miniaturas de Sobreviventes<\/li>\n<li>6 Planilhas de Sobreviventes<\/li>\n<li>6 Bases Coloridas para Sobreviventes<\/li>\n<li>6 Dados Vermelhos<\/li>\n<li>1 Miniatura de Zumbi Abomina\u00e7\u00e3o<\/li>\n<li>1 Miniatura de Zumbi Necromante<\/li>\n<li>35 Miniaturas de Zumbis Lerdos<\/li>\n<li>14 Miniaturas de Zumbis Balofos<\/li>\n<li>14 Miniaturas de Zumbis Corredores<\/li>\n<li>48 Pinos Coloridos (8 de cada cor)<\/li>\n<li>1 Ficha de Primeiro Jogador<\/li>\n<li>1 Ficha de Ponto de Sa\u00edda<\/li>\n<li>1 Ficha de A\u00e7\u00e3o Gr\u00e1tis<\/li>\n<li>1 Ficha de Apodrecido<\/li>\n<li>2 Pe\u00e7as de Zonas de Criptas (1 violeta, 1 amarela)<\/li>\n<li>4 Fichas de Portas de Criptas (2 violetas, 2 amarelas)<\/li>\n<li>18 Fichas de Sa\u00edda<\/li>\n<li>12 Fichas de Entrada de Zumbis (de diferentes cores)<\/li>\n<li>69 Mini Cartas de Equipamentos<\/li>\n<li>54 Mini Cartas de Zumbis<\/li>\n<li>14 Fichas de Portas (1 azul, 1 verde, 12 neutras)<\/li>\n<li>4 Fichas de Bile de Drag\u00e3o<\/li>\n<\/ul>\n<h2>Regras para o aluguel:<\/h2>\n<ul>\n<li>O per\u00edodo de aluguel inclui a data de entrega e devolu\u00e7\u00e3o do jogo;<\/li>\n<li>O atraso na devolu\u00e7\u00e3o dos jogos, resultar\u00e1 em cobran\u00e7a adicional no valor de um aluguel di\u00e1rio por cada dia de atraso;<\/li>\n<li>Em caso de danos que comprometam a experi\u00eancia do jogo (perda ou avaria de componentes), o cliente dever\u00e1 arcar com os custos da reposi\u00e7\u00e3o dos componentes (quando dispon\u00edveis no mercado) ou aquisi\u00e7\u00e3o de um novo exemplar do jogo.<\/li>\n<\/ul>\n","protected":false},"excerpt":{"rendered":"<div class=\"woocommerce-product-details__short-description\">\n<p>Zombicide: Black Plague leva o apocalipse zumbi para um cen\u00e1rio medieval fant\u00e1stico! Os poderes arcanos dos Necromantes desencadearam uma invas\u00e3o de zumbis na idade das espadas e feiti\u00e7aria, e cabe ao seu grupo de desgarrados sobreviventes ficarem n\u00e3o s\u00f3 vivos durante esses tempos sombrios, mas ter de volta o reino e punir os respons\u00e1veis \u200b\u200bpelo Apocalipse!<\/p>\n<\/div>\n<div class=\"more-link-wrapper\"><a class=\"more-link\" href=\"https:\/\/cabanadoelfo.com.br\/loja\/jogo\/zombicide-black-plague\/\">Read More<span class=\"screen-reader-text\">Zombicide Black Plague<\/span><\/a><\/div>\n","protected":false},"featured_media":562,"comment_status":"open","ping_status":"closed","template":"","meta":[],"product_brand":[],"product_cat":[15],"product_tag":[],"class_list":{"0":"post-561","1":"product","2":"type-product","3":"status-publish","4":"has-post-thumbnail","6":"product_cat-jogos-de-tabuleiro","7":"pa_complexidade-jogos-expert","8":"pa_designer-jean-baptiste-lullien","9":"pa_designer-nicolas-raoult","10":"pa_designer-raphael-guiton","11":"pa_duracao-60-min","12":"pa_editora-cool-mini-or-not","13":"pa_estilo-eliminacao-de-jogadores","14":"pa_estilo-gestao-de-mao","15":"pa_estilo-jogadores-com-diferentes-habilidades","16":"pa_estilo-rolagem-de-dados","17":"pa_estilo-sistema-de-pontos-de-acao","18":"pa_estilo-tabuleiro-modular","19":"pa_idade-61","20":"pa_idioma-ingles","21":"pa_jogadores-1-a-6","22":"pa_modo-multijogador-cooperativo","23":"pa_tema-aventura","24":"pa_tema-estrategia","25":"pa_tema-fantasia","26":"pa_tema-horror","27":"pa_tema-luta-artes-marciais","28":"pa_tema-medieval","29":"pa_tema-zumbis","30":"entry","32":"first","33":"instock","34":"purchasable","35":"product-type-redq_rental"},"jetpack_sharing_enabled":true,"_links":{"self":[{"href":"https:\/\/cabanadoelfo.com.br\/loja\/wp-json\/wp\/v2\/product\/561","targetHints":{"allow":["GET"]}}],"collection":[{"href":"https:\/\/cabanadoelfo.com.br\/loja\/wp-json\/wp\/v2\/product"}],"about":[{"href":"https:\/\/cabanadoelfo.com.br\/loja\/wp-json\/wp\/v2\/types\/product"}],"replies":[{"embeddable":true,"href":"https:\/\/cabanadoelfo.com.br\/loja\/wp-json\/wp\/v2\/comments?post=561"}],"wp:featuredmedia":[{"embeddable":true,"href":"https:\/\/cabanadoelfo.com.br\/loja\/wp-json\/wp\/v2\/media\/562"}],"wp:attachment":[{"href":"https:\/\/cabanadoelfo.com.br\/loja\/wp-json\/wp\/v2\/media?parent=561"}],"wp:term":[{"taxonomy":"product_brand","embeddable":true,"href":"https:\/\/cabanadoelfo.com.br\/loja\/wp-json\/wp\/v2\/product_brand?post=561"},{"taxonomy":"product_cat","embeddable":true,"href":"https:\/\/cabanadoelfo.com.br\/loja\/wp-json\/wp\/v2\/product_cat?post=561"},{"taxonomy":"product_tag","embeddable":true,"href":"https:\/\/cabanadoelfo.com.br\/loja\/wp-json\/wp\/v2\/product_tag?post=561"}],"curies":[{"name":"wp","href":"https:\/\/api.w.org\/{rel}","templated":true}]}}