{"id":555,"date":"2020-12-01T13:32:06","date_gmt":"2020-12-01T16:32:06","guid":{"rendered":"https:\/\/cabanadoelfo.com.br\/loja\/?post_type=product&#038;p=555"},"modified":"2025-10-22T21:27:01","modified_gmt":"2025-10-23T00:27:01","slug":"potion-explosion","status":"publish","type":"product","link":"https:\/\/cabanadoelfo.com.br\/loja\/jogo\/potion-explosion\/","title":{"rendered":"Potion Explosion"},"content":{"rendered":"<p>\u00c9 hora dos exames finais da aula de Po\u00e7\u00f5es na Sorcery School for Witty Witches and Wizards! As regras s\u00e3o sempre as mesmas: os alunos t\u00eam de pegar os ingredientes do distribuidor para completar suas receitas, mantendo em mente as rea\u00e7\u00f5es m\u00e1gicas que voc\u00ea pode desencadear.<\/p>\n<p>Eles t\u00eam que fazer uso inteligente das po\u00e7\u00f5es e preparar durante o exame para fazer um trabalho mais r\u00e1pido e melhor do que todos os outros.<\/p>\n<p><iframe loading=\"lazy\" title=\"Potion Explosion - Regras e Coment\u00e1rios\" width=\"500\" height=\"281\" src=\"https:\/\/www.youtube.com\/embed\/l1QBevDsn8Y?feature=oembed\" frameborder=\"0\" allow=\"accelerometer; autoplay; clipboard-write; encrypted-media; gyroscope; picture-in-picture; web-share\" referrerpolicy=\"strict-origin-when-cross-origin\" allowfullscreen><\/iframe><\/p>\n<h2>Componentes:<\/h2>\n<ul>\n<li>1 Manual de Regras<\/li>\n<li>1 Dispensador de Pl\u00e1stico<\/li>\n<li>1 Ficha de primeiro Jogador<\/li>\n<li>4 Bancadas<\/li>\n<li>80 Ingredientes (bolinhas de gude, 20 de cada cor)<\/li>\n<li>64 Fichas de Po\u00e7\u00e3o (8 de cada tipo)<\/li>\n<li>15 Fichas de Compet\u00eancia<\/li>\n<li>21 Fichas de Ajudinha<\/li>\n<\/ul>\n<h2>Regras para o aluguel:<\/h2>\n<ul>\n<li>O per\u00edodo de aluguel inclui a data de entrega e devolu\u00e7\u00e3o do jogo;<\/li>\n<li>O atraso na devolu\u00e7\u00e3o dos jogos, resultar\u00e1 em cobran\u00e7a adicional no valor de um aluguel di\u00e1rio por cada dia de atraso;<\/li>\n<li>Em caso de danos que comprometam a experi\u00eancia do jogo (perda ou avaria de componentes), o cliente dever\u00e1 arcar com os custos da reposi\u00e7\u00e3o dos componentes (quando dispon\u00edveis no mercado) ou aquisi\u00e7\u00e3o de um novo exemplar do jogo.<\/li>\n<\/ul>\n","protected":false},"excerpt":{"rendered":"<div class=\"woocommerce-product-details__short-description\">\n<p>Potion Explosion \u00e9 um jogo familiar, com uma boa parte de estrat\u00e9gia. Os jogadores podem escolher tiles de receita e comprar bolas coloridas de ingredientes a partir do distribuidor. Se eles fizerem bolas da mesma cor colidirem depois de tomar um ingrediente, esta rea\u00e7\u00e3o m\u00e1gica tamb\u00e9m lhes permitem pegar esses ingredientes!<\/p>\n<p>Cada po\u00e7\u00e3o tem um poder especial que pode ser usado apenas uma vez durante o jogo; esses poderes lhe permitem criar combina\u00e7\u00f5es e provocar ainda maiores rea\u00e7\u00f5es em cadeia, a fim de completar as suas receitas mais r\u00e1pido. Cada po\u00e7\u00e3o vale pontos, com o valor sendo dependente de quantos ingredientes s\u00e3o necess\u00e1rios para complet\u00e1-lo.<\/p>\n<\/div>\n<div class=\"more-link-wrapper\"><a class=\"more-link\" href=\"https:\/\/cabanadoelfo.com.br\/loja\/jogo\/potion-explosion\/\">Read More<span class=\"screen-reader-text\">Potion Explosion<\/span><\/a><\/div>\n","protected":false},"featured_media":685,"comment_status":"open","ping_status":"closed","template":"","meta":[],"product_brand":[],"product_cat":[15],"product_tag":[],"class_list":{"0":"post-555","1":"product","2":"type-product","3":"status-publish","4":"has-post-thumbnail","6":"product_cat-jogos-de-tabuleiro","7":"pa_complexidade-jogos-familiares","8":"pa_designer-andrea-crespi","9":"pa_designer-lorenzo-silva","10":"pa_designer-stefano-castelli","11":"pa_duracao-45-min","12":"pa_editora-galapagos-jogos","13":"pa_estilo-colecionar-componentes","14":"pa_estilo-reconhecimento-de-padrao","15":"pa_idade-61","16":"pa_idioma-portugues","17":"pa_jogadores-2-a-4","18":"pa_modo-multijogador-competitivo","19":"pa_tema-fantasia","20":"entry","22":"first","23":"instock","24":"purchasable","25":"product-type-redq_rental"},"jetpack_sharing_enabled":true,"_links":{"self":[{"href":"https:\/\/cabanadoelfo.com.br\/loja\/wp-json\/wp\/v2\/product\/555","targetHints":{"allow":["GET"]}}],"collection":[{"href":"https:\/\/cabanadoelfo.com.br\/loja\/wp-json\/wp\/v2\/product"}],"about":[{"href":"https:\/\/cabanadoelfo.com.br\/loja\/wp-json\/wp\/v2\/types\/product"}],"replies":[{"embeddable":true,"href":"https:\/\/cabanadoelfo.com.br\/loja\/wp-json\/wp\/v2\/comments?post=555"}],"wp:featuredmedia":[{"embeddable":true,"href":"https:\/\/cabanadoelfo.com.br\/loja\/wp-json\/wp\/v2\/media\/685"}],"wp:attachment":[{"href":"https:\/\/cabanadoelfo.com.br\/loja\/wp-json\/wp\/v2\/media?parent=555"}],"wp:term":[{"taxonomy":"product_brand","embeddable":true,"href":"https:\/\/cabanadoelfo.com.br\/loja\/wp-json\/wp\/v2\/product_brand?post=555"},{"taxonomy":"product_cat","embeddable":true,"href":"https:\/\/cabanadoelfo.com.br\/loja\/wp-json\/wp\/v2\/product_cat?post=555"},{"taxonomy":"product_tag","embeddable":true,"href":"https:\/\/cabanadoelfo.com.br\/loja\/wp-json\/wp\/v2\/product_tag?post=555"}],"curies":[{"name":"wp","href":"https:\/\/api.w.org\/{rel}","templated":true}]}}