{"id":530,"date":"2020-11-29T21:46:15","date_gmt":"2020-11-30T00:46:15","guid":{"rendered":"https:\/\/cabanadoelfo.com.br\/loja\/?post_type=product&#038;p=530"},"modified":"2024-03-11T07:55:05","modified_gmt":"2024-03-11T10:55:05","slug":"telma","status":"publish","type":"product","link":"https:\/\/cabanadoelfo.com.br\/loja\/jogo\/telma\/","title":{"rendered":"Telma"},"content":{"rendered":"<p>Cada jogador deve escolher um apelido para si pr\u00f3prio, e fazer com que todos da mesa decorem. As cartas s\u00e3o distribu\u00eddas e, um por um, todos come\u00e7am a revelar uma carta na mesa por vez. Quando aparecerem duas cartas iguais na mesa, os jogadores que jogaram as cartas iguais t\u00eam que dizer em voz alta o apelido um do outro o mais r\u00e1pido que conseguir! Quem disser primeiro ganha, e o outro leva as cartas! A medida que as rodadas v\u00e3o acontecendo, a dificuldade dos apelidos cresce, pois deve-se acrescentar adjetivos e proced\u00eancia a ele!<\/p>\n<p>Um jogo divertido, barulhento e com apelidos cada vez mais malucos, feito pra toda fam\u00edlia. Quem se livrar de todas as cartas primeiro, est\u00e1 no caminho de uma vit\u00f3ria gloriosa!!!<\/p>\n<p><iframe loading=\"lazy\" title=\"Direto ao Ponto - EP 502 -  Telma (Devir Brasil)\" width=\"500\" height=\"281\" src=\"https:\/\/www.youtube.com\/embed\/2-yK5_xplVw?feature=oembed\" frameborder=\"0\" allow=\"accelerometer; autoplay; clipboard-write; encrypted-media; gyroscope; picture-in-picture; web-share\" referrerpolicy=\"strict-origin-when-cross-origin\" allowfullscreen><\/iframe><\/p>\n<h2>Componentes:<\/h2>\n<ul>\n<li>49 Cartas<\/li>\n<li>5 Cartas Manual<\/li>\n<\/ul>\n<h2>Regras para o aluguel:<\/h2>\n<ul>\n<li>O per\u00edodo de aluguel inclui a data de entrega e devolu\u00e7\u00e3o do jogo;<\/li>\n<li>O atraso na devolu\u00e7\u00e3o dos jogos, resultar\u00e1 em cobran\u00e7a adicional no valor de um aluguel di\u00e1rio por cada dia de atraso;<\/li>\n<li>Em caso de danos que comprometam a experi\u00eancia do jogo (perda ou avaria de componentes), o cliente dever\u00e1 arcar com os custos da reposi\u00e7\u00e3o dos componentes (quando dispon\u00edveis no mercado) ou aquisi\u00e7\u00e3o de um novo exemplar do jogo.<\/li>\n<\/ul>\n","protected":false},"excerpt":{"rendered":"<div class=\"woocommerce-product-details__short-description\">\n<p>Sucesso de vendas agora em sua segunda edi\u00e7\u00e3o: nova caixa e uma nova carta! Ponha a prova toda a sua mem\u00f3ria e aten\u00e7\u00e3o com TELMA, um jogo de cartas alucinante para chorar de rir com toda a fam\u00edlia e amigos.<\/p>\n<\/div>\n<div class=\"more-link-wrapper\"><a class=\"more-link\" href=\"https:\/\/cabanadoelfo.com.br\/loja\/jogo\/telma\/\">Read More<span class=\"screen-reader-text\">Telma<\/span><\/a><\/div>\n","protected":false},"featured_media":533,"comment_status":"open","ping_status":"closed","template":"","meta":[],"product_brand":[],"product_cat":[37],"product_tag":[],"class_list":{"0":"post-530","1":"product","2":"type-product","3":"status-publish","4":"has-post-thumbnail","6":"product_cat-jogo-de-cartas","7":"pa_complexidade-jogo-de-entrada","8":"pa_complexidade-jogos-familiares","9":"pa_complexidade-jogo-festivo","10":"pa_complexidade-jogos-infantis","11":"pa_designer-pedro-ometto","12":"pa_designer-vitor-fernandes","13":"pa_duracao-20-min","14":"pa_editora-devir","15":"pa_estilo-memoria","16":"pa_estilo-reconhecimento-de-padrao","17":"pa_idade-50","18":"pa_idioma-espanhol","19":"pa_idioma-portugues","20":"pa_jogadores-4-a-8","21":"pa_modo-multijogador-competitivo","22":"pa_tema-humor","23":"entry","25":"first","26":"instock","27":"purchasable","28":"product-type-redq_rental"},"jetpack_sharing_enabled":true,"_links":{"self":[{"href":"https:\/\/cabanadoelfo.com.br\/loja\/wp-json\/wp\/v2\/product\/530","targetHints":{"allow":["GET"]}}],"collection":[{"href":"https:\/\/cabanadoelfo.com.br\/loja\/wp-json\/wp\/v2\/product"}],"about":[{"href":"https:\/\/cabanadoelfo.com.br\/loja\/wp-json\/wp\/v2\/types\/product"}],"replies":[{"embeddable":true,"href":"https:\/\/cabanadoelfo.com.br\/loja\/wp-json\/wp\/v2\/comments?post=530"}],"wp:featuredmedia":[{"embeddable":true,"href":"https:\/\/cabanadoelfo.com.br\/loja\/wp-json\/wp\/v2\/media\/533"}],"wp:attachment":[{"href":"https:\/\/cabanadoelfo.com.br\/loja\/wp-json\/wp\/v2\/media?parent=530"}],"wp:term":[{"taxonomy":"product_brand","embeddable":true,"href":"https:\/\/cabanadoelfo.com.br\/loja\/wp-json\/wp\/v2\/product_brand?post=530"},{"taxonomy":"product_cat","embeddable":true,"href":"https:\/\/cabanadoelfo.com.br\/loja\/wp-json\/wp\/v2\/product_cat?post=530"},{"taxonomy":"product_tag","embeddable":true,"href":"https:\/\/cabanadoelfo.com.br\/loja\/wp-json\/wp\/v2\/product_tag?post=530"}],"curies":[{"name":"wp","href":"https:\/\/api.w.org\/{rel}","templated":true}]}}