{"id":525,"date":"2020-11-29T16:56:07","date_gmt":"2020-11-29T19:56:07","guid":{"rendered":"https:\/\/cabanadoelfo.com.br\/loja\/?post_type=product&#038;p=525"},"modified":"2024-08-28T21:06:44","modified_gmt":"2024-08-29T00:06:44","slug":"encantados","status":"publish","type":"product","link":"https:\/\/cabanadoelfo.com.br\/loja\/jogo\/encantados\/","title":{"rendered":"Encantados"},"content":{"rendered":"<p>Encantados \u00e9 um filler em que o jogador assume o papel de um jardineiro e precisa popular seu jardim com criaturas m\u00e1gicas. \u00c9\u00a0jogado em uma s\u00e9rie de rodadas. Em cada rodada, os jogadores compram uma nova m\u00e3o de cartas e jogam turnos alternados at\u00e9 que um (ou mais) jogador(es) fique sem cartas na m\u00e3o. Ao final de uma rodada se a pontua\u00e7\u00e3o de um jogador for 100, o jogo termina imediatamente.<\/p>\n<p><iframe loading=\"lazy\" title=\"Encantados - Como Jogar (acione legendas klingon)\" width=\"500\" height=\"281\" src=\"https:\/\/www.youtube.com\/embed\/RgXOY0klndw?feature=oembed\" frameborder=\"0\" allow=\"accelerometer; autoplay; clipboard-write; encrypted-media; gyroscope; picture-in-picture; web-share\" referrerpolicy=\"strict-origin-when-cross-origin\" allowfullscreen><\/iframe><\/p>\n<h2>Componentes:<\/h2>\n<ul>\n<li>60 Cartas de Encantados<\/li>\n<li>1 Manual de Regras<\/li>\n<\/ul>\n<h2>Regras para o aluguel:<\/h2>\n<ul>\n<li>O per\u00edodo de aluguel inclui a data de entrega e devolu\u00e7\u00e3o do jogo;<\/li>\n<li>O atraso na devolu\u00e7\u00e3o dos jogos, resultar\u00e1 em cobran\u00e7a adicional no valor de um aluguel di\u00e1rio por cada dia de atraso;<\/li>\n<li>Em caso de danos que comprometam a experi\u00eancia do jogo (perda ou avaria de componentes), o cliente dever\u00e1 arcar com os custos da reposi\u00e7\u00e3o dos componentes (quando dispon\u00edveis no mercado) ou aquisi\u00e7\u00e3o de um novo exemplar do jogo.<\/li>\n<\/ul>\n","protected":false},"excerpt":{"rendered":"<div class=\"woocommerce-product-details__short-description\">\n<p>Fadas, Duendes, Gnomos, Trolls, Goblins e Kobolds!<br \/>\nCada ra\u00e7a tem uma habilidade especial para te ajudar (ou atrapalhar o amiguinho\/equipe advers\u00e1ria). O jogo sabe equilibrar simplicidade com alta rejogabilidade e muita divers\u00e3o. Maravilhoso em todos os aspectos, seja na sua mec\u00e2nica simples, seja na sua arte caprichada!<\/p>\n<\/div>\n<div class=\"more-link-wrapper\"><a class=\"more-link\" href=\"https:\/\/cabanadoelfo.com.br\/loja\/jogo\/encantados\/\">Read More<span class=\"screen-reader-text\">Encantados<\/span><\/a><\/div>\n","protected":false},"featured_media":546,"comment_status":"open","ping_status":"closed","template":"","meta":[],"product_brand":[],"product_cat":[37],"product_tag":[],"class_list":{"0":"post-525","1":"product","2":"type-product","3":"status-publish","4":"has-post-thumbnail","6":"product_cat-jogo-de-cartas","7":"pa_complexidade-jogo-de-entrada","8":"pa_complexidade-jogos-familiares","9":"pa_complexidade-jogos-infantis","10":"pa_designer-fel-barros","11":"pa_designer-shea-parkes","12":"pa_duracao-40-min","13":"pa_editora-ace-studios","14":"pa_estilo-colecionar-componentes","15":"pa_estilo-gestao-de-mao","16":"pa_estilo-jogadores-com-diferentes-habilidades","17":"pa_estilo-selecao-de-cartas","18":"pa_estilo-toma-essa","19":"pa_idade-35","20":"pa_idioma-portugues","21":"pa_jogadores-2-a-4","22":"pa_modo-multijogador-competitivo","23":"pa_modo-multijogador-semi-cooperativo","24":"pa_tema-fantasia","25":"pa_tema-mitologia","26":"entry","28":"first","29":"instock","30":"purchasable","31":"product-type-redq_rental"},"jetpack_sharing_enabled":true,"_links":{"self":[{"href":"https:\/\/cabanadoelfo.com.br\/loja\/wp-json\/wp\/v2\/product\/525","targetHints":{"allow":["GET"]}}],"collection":[{"href":"https:\/\/cabanadoelfo.com.br\/loja\/wp-json\/wp\/v2\/product"}],"about":[{"href":"https:\/\/cabanadoelfo.com.br\/loja\/wp-json\/wp\/v2\/types\/product"}],"replies":[{"embeddable":true,"href":"https:\/\/cabanadoelfo.com.br\/loja\/wp-json\/wp\/v2\/comments?post=525"}],"wp:featuredmedia":[{"embeddable":true,"href":"https:\/\/cabanadoelfo.com.br\/loja\/wp-json\/wp\/v2\/media\/546"}],"wp:attachment":[{"href":"https:\/\/cabanadoelfo.com.br\/loja\/wp-json\/wp\/v2\/media?parent=525"}],"wp:term":[{"taxonomy":"product_brand","embeddable":true,"href":"https:\/\/cabanadoelfo.com.br\/loja\/wp-json\/wp\/v2\/product_brand?post=525"},{"taxonomy":"product_cat","embeddable":true,"href":"https:\/\/cabanadoelfo.com.br\/loja\/wp-json\/wp\/v2\/product_cat?post=525"},{"taxonomy":"product_tag","embeddable":true,"href":"https:\/\/cabanadoelfo.com.br\/loja\/wp-json\/wp\/v2\/product_tag?post=525"}],"curies":[{"name":"wp","href":"https:\/\/api.w.org\/{rel}","templated":true}]}}