{"id":519,"date":"2020-11-29T10:41:47","date_gmt":"2020-11-29T13:41:47","guid":{"rendered":"https:\/\/cabanadoelfo.com.br\/loja\/?post_type=product&#038;p=519"},"modified":"2026-04-04T16:12:24","modified_gmt":"2026-04-04T19:12:24","slug":"coup","status":"publish","type":"product","link":"https:\/\/cabanadoelfo.com.br\/loja\/jogo\/coup\/","title":{"rendered":"Coup"},"content":{"rendered":"<p>Em Coup, voc\u00ea quer ser o \u00faltimo jogador com influ\u00eancia no jogo. A influ\u00eancia \u00e9 representada por cartas de personagens com a face para baixo em sua \u00e1rea de jogo. Cada jogador come\u00e7a o jogo com duas moedas e dois de influ\u00eancia \u2013 ou seja, duas cartas de personagens viradas para baixo.<\/p>\n<p>O baralho consiste em cinco personagens diferentes, cada um com um conjunto \u00fanico de poderes: duque, assassino, condessa, capit\u00e3o e embaixador. Na sua vez, voc\u00ea pode ter qualquer uma das a\u00e7\u00f5es listadas para cada personagem, independentemente de quais personagens voc\u00ea realmente tenha na sua frente.<\/p>\n<p>Esse jogo acompanha 2 expans\u00f5es: <em>A Reforma<\/em>, incluindo o personagem Inquisidor. E\u00a0<em>Buf\u00e3o e Burocrata<\/em>.<\/p>\n<p><iframe loading=\"lazy\" title=\"Coup - Regras - Aprenda em Minutos - Ep. 2\" width=\"500\" height=\"281\" src=\"https:\/\/www.youtube.com\/embed\/zqd9N8inmEA?feature=oembed\" frameborder=\"0\" allow=\"accelerometer; autoplay; clipboard-write; encrypted-media; gyroscope; picture-in-picture; web-share\" referrerpolicy=\"strict-origin-when-cross-origin\" allowfullscreen><\/iframe><\/p>\n<h2>Componentes:<\/h2>\n<ul>\n<li>1 Livreto de Regras<\/li>\n<li>1 Carta A Corte (refer\u00eancia)<\/li>\n<li>25 Cartas de Personagem (5 de cada: duque, assassino, capit\u00e3o, embaixador, condessa)<\/li>\n<li>6 Cartas de Ajuda<\/li>\n<li>20 Moedas de Prata<\/li>\n<li>6 Moedas de Ouro<\/li>\n<\/ul>\n<h2>Componentes da Expans\u00e3o A Reforma:<\/h2>\n<ul>\n<li>1 Tabuleiro de Asilo<\/li>\n<li>5 Cartas de Inquisidor<\/li>\n<li>10 Cartas Protestante\/Cat\u00f3lico<\/li>\n<\/ul>\n<h2>Componentes da Expans\u00e3o Buf\u00e3o e Burocrata:<\/h2>\n<ul>\n<li>5 Cartas Buf\u00e3o<\/li>\n<li>5 Cartas de Burocrata<\/li>\n<\/ul>\n<h2>Regras para o aluguel:<\/h2>\n<ul>\n<li>O per\u00edodo de aluguel inclui a data de entrega e devolu\u00e7\u00e3o do jogo;<\/li>\n<li>O atraso na devolu\u00e7\u00e3o dos jogos, resultar\u00e1 em cobran\u00e7a adicional no valor de um aluguel di\u00e1rio por cada dia de atraso;<\/li>\n<li>Em caso de danos que comprometam a experi\u00eancia do jogo (perda ou avaria de componentes), o cliente dever\u00e1 arcar com os custos da reposi\u00e7\u00e3o dos componentes (quando dispon\u00edveis no mercado) ou aquisi\u00e7\u00e3o de um novo exemplar do jogo.<\/li>\n<\/ul>\n","protected":false},"excerpt":{"rendered":"<div class=\"woocommerce-product-details__short-description\">\n<p>Voc\u00ea \u00e9 o chefe de uma fam\u00edlia em uma cidade-estado italiana administrada por uma corte fraca, corrupta e repleta de intrigas. Voc\u00ea est\u00e1 tentando controlar a cidade atrav\u00e9s de manipula\u00e7\u00e3o, blefe e suborno para chegar ao poder. Seu objetivo \u00e9 destruir a influ\u00eancia de todas as outras fam\u00edlias, for\u00e7ando-as ao ex\u00edlio. Apenas uma fam\u00edlia sobreviver\u00e1.<\/p>\n<p><strong>Inclui as expans\u00f5es:<\/strong><\/p>\n<ul>\n<li><strong>A Reforma<\/strong><\/li>\n<li><strong>Buf\u00e3o &amp; Burocrata<\/strong><\/li>\n<\/ul>\n<\/div>\n<div class=\"more-link-wrapper\"><a class=\"more-link\" href=\"https:\/\/cabanadoelfo.com.br\/loja\/jogo\/coup\/\">Read More<span class=\"screen-reader-text\">Coup<\/span><\/a><\/div>\n","protected":false},"featured_media":1284,"comment_status":"open","ping_status":"closed","template":"","meta":[],"product_brand":[],"product_cat":[37],"product_tag":[],"class_list":{"0":"post-519","1":"product","2":"type-product","3":"status-publish","4":"has-post-thumbnail","6":"product_cat-jogo-de-cartas","7":"pa_complexidade-jogos-familiares","8":"pa_complexidade-jogo-festivo","9":"pa_designer-rikki-tahta","10":"pa_duracao-15-min","11":"pa_editora-mandala-jogos","12":"pa_estilo-blefe","13":"pa_estilo-deducao","14":"pa_estilo-eliminacao-de-jogadores","15":"pa_estilo-jogadores-com-diferentes-habilidades","16":"pa_estilo-memoria","17":"pa_estilo-toma-essa","18":"pa_idade-61","19":"pa_idioma-portugues","20":"pa_jogadores-2-a-6","21":"pa_modo-multijogador-competitivo","22":"pa_tema-politica","23":"entry","25":"first","26":"instock","27":"purchasable","28":"product-type-redq_rental"},"jetpack_sharing_enabled":true,"_links":{"self":[{"href":"https:\/\/cabanadoelfo.com.br\/loja\/wp-json\/wp\/v2\/product\/519","targetHints":{"allow":["GET"]}}],"collection":[{"href":"https:\/\/cabanadoelfo.com.br\/loja\/wp-json\/wp\/v2\/product"}],"about":[{"href":"https:\/\/cabanadoelfo.com.br\/loja\/wp-json\/wp\/v2\/types\/product"}],"replies":[{"embeddable":true,"href":"https:\/\/cabanadoelfo.com.br\/loja\/wp-json\/wp\/v2\/comments?post=519"}],"wp:featuredmedia":[{"embeddable":true,"href":"https:\/\/cabanadoelfo.com.br\/loja\/wp-json\/wp\/v2\/media\/1284"}],"wp:attachment":[{"href":"https:\/\/cabanadoelfo.com.br\/loja\/wp-json\/wp\/v2\/media?parent=519"}],"wp:term":[{"taxonomy":"product_brand","embeddable":true,"href":"https:\/\/cabanadoelfo.com.br\/loja\/wp-json\/wp\/v2\/product_brand?post=519"},{"taxonomy":"product_cat","embeddable":true,"href":"https:\/\/cabanadoelfo.com.br\/loja\/wp-json\/wp\/v2\/product_cat?post=519"},{"taxonomy":"product_tag","embeddable":true,"href":"https:\/\/cabanadoelfo.com.br\/loja\/wp-json\/wp\/v2\/product_tag?post=519"}],"curies":[{"name":"wp","href":"https:\/\/api.w.org\/{rel}","templated":true}]}}