{"id":509,"date":"2020-11-28T15:23:43","date_gmt":"2020-11-28T18:23:43","guid":{"rendered":"https:\/\/cabanadoelfo.com.br\/loja\/?post_type=product&#038;p=509"},"modified":"2024-09-26T20:14:11","modified_gmt":"2024-09-26T23:14:11","slug":"pega-em-6","status":"publish","type":"product","link":"https:\/\/cabanadoelfo.com.br\/loja\/jogo\/pega-em-6\/","title":{"rendered":"Pega em 6!"},"content":{"rendered":"<p>Em Pega em 6!, voc\u00ea deve marcar o m\u00ednimo de pontos poss\u00edvel.<\/p>\n<p>Cada jogador recebe 10 cartas e na sua vez, escolhe, revela e posiciona uma delas em uma das quatro fileiras da mesa. Se incluir a sexta carta, ele deve pegar as cinco primeiras. Seu objetivo \u00e9 evitar pegar cartas pois cada uma que voc\u00ea pega rende pontos negativos!<\/p>\n<p>A din\u00e2mica do jogo muda \u00e0 medida que mais jogadores participam, colocando cartas em cada uma das fileiras e pegando todas quando o limite de 5 for alcan\u00e7ado.<\/p>\n<p>A edi\u00e7\u00e3o comemorativa de 25 Anos inclui 28 cartas adicionais, para uma nova forma de jogar, que permite abrir novas fileiras, mover e inserir cartas, aumentar os limites ou ainda bloquear as fileiras.<\/p>\n<p>Tome muito cuidado para n\u00e3o pegar nenhum boi pelo caminho! Um jogo para toda a fam\u00edlia e todas as idades.<\/p>\n<p>Do renomado autor Wolfgang Kramer, Pega em 6! venceu in\u00fameros pr\u00eamios ao longo de 25 anos, tornou-se um cl\u00e1ssico e vendeu 4 milh\u00f5es de c\u00f3pias em mais de 50 pa\u00edses.<\/p>\n<p><strong>2008 &#8211; Finalista do Pr\u00eamio Juego del A\u00f1o &#8211; Jogo do Ano &#8211; Espanha<\/strong><br \/>\n<strong>2006 &#8211; Indicado ao Pr\u00eamio Japan Boardgame Prize &#8211; Jogo do Ano &#8211; Jap\u00e3o<\/strong><br \/>\n<strong>2005 &#8211; Indicado ao Pr\u00eamio Hra roku &#8211; Jogo do Ano &#8211; Rep\u00fablica Tcheca<\/strong><br \/>\n<strong>1996 &#8211; Vencedor do Pr\u00eamio Mensa Select \u2013 Jogo do Ano &#8211; Estados Unidos<\/strong><br \/>\n<strong>1994 &#8211; Vencedor do Pr\u00eamio Deutscher Spiele Preis &#8211; Melhor Jogo Familiar &#8211; Alemanha<\/strong><br \/>\n<strong>1994 &#8211; Vencedor do Pr\u00eamio \u00c0 la carte &#8211; Jogo do Ano &#8211; Alemanha<\/strong><br \/>\n<strong>1994 &#8211; Recomendado do Pr\u00eamio Spiel des Jahres &#8211; Alemanha<\/strong><\/p>\n<h2>Componentes:<\/h2>\n<ul>\n<li>1 Livreto de Regras<\/li>\n<li>1 Bloco de Pontua\u00e7\u00e3o<\/li>\n<li>104 Cartas (numeradas de 1 a 104)<\/li>\n<li>28 Cartas Especiais (4 de cada tipo)<\/li>\n<li>3 Livreto de Regras das Expans\u00f5es (1 de cada)<\/li>\n<li>7 Cartas de Valor Zero da Expans\u00e3o &#8220;Plus&#8221;<\/li>\n<li>3 Cartas da Expans\u00e3o &#8220;Maleta&#8221;<\/li>\n<li>10 Cartas da Expans\u00e3o &#8220;Curingas&#8221; (numeradas de 0.0 a 0.9)<\/li>\n<\/ul>\n<h2>Regras para o aluguel:<\/h2>\n<ul>\n<li>O per\u00edodo de aluguel inclui a data de entrega e devolu\u00e7\u00e3o do jogo;<\/li>\n<li>O atraso na devolu\u00e7\u00e3o dos jogos, resultar\u00e1 em cobran\u00e7a adicional no valor de um aluguel di\u00e1rio por cada dia de atraso;<\/li>\n<li>Em caso de danos que comprometam a experi\u00eancia do jogo (perda ou avaria de componentes), o cliente dever\u00e1 arcar com os custos da reposi\u00e7\u00e3o dos componentes (quando dispon\u00edveis no mercado) ou aquisi\u00e7\u00e3o de um novo exemplar do jogo.<\/li>\n<\/ul>\n","protected":false},"excerpt":{"rendered":"<div class=\"woocommerce-product-details__short-description\">\n<p>O valor corresponde ao aluguel di\u00e1rio do jogo. Consulte as condi\u00e7\u00f5es abaixo.<\/p>\n<p><strong>Inclui as Expans\u00f5es:<\/strong><\/p>\n<ul>\n<li><strong> Plus<\/strong><\/li>\n<li><strong>Curingas<\/strong><\/li>\n<li><strong>Maleta<\/strong><\/li>\n<\/ul>\n<\/div>\n<div class=\"more-link-wrapper\"><a class=\"more-link\" href=\"https:\/\/cabanadoelfo.com.br\/loja\/jogo\/pega-em-6\/\">Read More<span class=\"screen-reader-text\">Pega em 6!<\/span><\/a><\/div>\n","protected":false},"featured_media":510,"comment_status":"open","ping_status":"closed","template":"","meta":[],"product_brand":[],"product_cat":[37],"product_tag":[],"class_list":{"0":"post-509","1":"product","2":"type-product","3":"status-publish","4":"has-post-thumbnail","6":"product_cat-jogo-de-cartas","7":"pa_complexidade-jogos-familiares","8":"pa_designer-wolfgang-kramer","9":"pa_duracao-45-min","10":"pa_editora-papergames","11":"pa_estilo-acao-simultanea","12":"pa_estilo-gestao-de-mao","13":"pa_idade-61","14":"pa_idioma-portugues","15":"pa_jogadores-2-a-10","16":"pa_modo-multijogador-competitivo","17":"pa_tema-educativo","18":"entry","20":"first","21":"instock","22":"purchasable","23":"product-type-redq_rental"},"jetpack_sharing_enabled":true,"_links":{"self":[{"href":"https:\/\/cabanadoelfo.com.br\/loja\/wp-json\/wp\/v2\/product\/509","targetHints":{"allow":["GET"]}}],"collection":[{"href":"https:\/\/cabanadoelfo.com.br\/loja\/wp-json\/wp\/v2\/product"}],"about":[{"href":"https:\/\/cabanadoelfo.com.br\/loja\/wp-json\/wp\/v2\/types\/product"}],"replies":[{"embeddable":true,"href":"https:\/\/cabanadoelfo.com.br\/loja\/wp-json\/wp\/v2\/comments?post=509"}],"wp:featuredmedia":[{"embeddable":true,"href":"https:\/\/cabanadoelfo.com.br\/loja\/wp-json\/wp\/v2\/media\/510"}],"wp:attachment":[{"href":"https:\/\/cabanadoelfo.com.br\/loja\/wp-json\/wp\/v2\/media?parent=509"}],"wp:term":[{"taxonomy":"product_brand","embeddable":true,"href":"https:\/\/cabanadoelfo.com.br\/loja\/wp-json\/wp\/v2\/product_brand?post=509"},{"taxonomy":"product_cat","embeddable":true,"href":"https:\/\/cabanadoelfo.com.br\/loja\/wp-json\/wp\/v2\/product_cat?post=509"},{"taxonomy":"product_tag","embeddable":true,"href":"https:\/\/cabanadoelfo.com.br\/loja\/wp-json\/wp\/v2\/product_tag?post=509"}],"curies":[{"name":"wp","href":"https:\/\/api.w.org\/{rel}","templated":true}]}}