{"id":471,"date":"2020-11-26T23:48:10","date_gmt":"2020-11-27T02:48:10","guid":{"rendered":"https:\/\/cabanadoelfo.com.br\/loja\/?post_type=product&#038;p=471"},"modified":"2024-09-16T11:22:02","modified_gmt":"2024-09-16T14:22:02","slug":"ticket-to-ride-new-york","status":"publish","type":"product","link":"https:\/\/cabanadoelfo.com.br\/loja\/jogo\/ticket-to-ride-new-york\/","title":{"rendered":"Ticket to Ride: New York"},"content":{"rendered":"<p>Neste jogo r\u00e1pido de Ticket to Ride, os jogadores competem entre si pelas ruas movimentadas da cidade de Nova York para visitar as mais prestigiosas atra\u00e7\u00f5es tur\u00edsticas e completar seus bilhetes de destino. O jogo apresenta as famosas regras Ticket to Ride de Alan Moon, incluindo pontua\u00e7\u00e3o de pontos para bilhetes conclu\u00eddos e para conectar cidades, com pontos de b\u00f4nus para conectar destinos tur\u00edsticos populares.<\/p>\n<p>A eleg\u00e2ncia e simplicidade de Ticket to Ride atrai tanto jogadores iniciantes quanto experientes. Essa vers\u00e3o reduzida \u00e9 mais r\u00e1pida e f\u00e1cil! Aprenda o jogo em 3 minutos, jogue por horas!<\/p>\n<p><iframe loading=\"lazy\" title=\"Ticket to Ride: New York\u2502Apresenta\u00e7\u00e3o + Regras\u2502Gal\u00e1pagos\" width=\"500\" height=\"281\" src=\"https:\/\/www.youtube.com\/embed\/TLI_qZqk9Z4?feature=oembed\" frameborder=\"0\" allow=\"accelerometer; autoplay; clipboard-write; encrypted-media; gyroscope; picture-in-picture; web-share\" referrerpolicy=\"strict-origin-when-cross-origin\" allowfullscreen><\/iframe><\/p>\n<h2>Componentes:<\/h2>\n<ul>\n<li>1 Folheto de Regras<\/li>\n<li>1 Tabuleiro com o Mapa de Nova York<\/li>\n<li>60 Taxis de Pl\u00e1stico (15 de cada cor)<\/li>\n<li>8 Taxis Extras<\/li>\n<li>44 Cartas de Transporte<\/li>\n<li>18 Cartas de Bilhetes de Destino<\/li>\n<li>1 Bloco de Pontua\u00e7\u00e3o<\/li>\n<li>1 L\u00e1pis<\/li>\n<\/ul>\n<h2>Regras para o aluguel:<\/h2>\n<ul>\n<li>O per\u00edodo de aluguel inclui a data de entrega e devolu\u00e7\u00e3o do jogo;<\/li>\n<li>O atraso na devolu\u00e7\u00e3o dos jogos, resultar\u00e1 em cobran\u00e7a adicional no valor de um aluguel di\u00e1rio por cada dia de atraso;<\/li>\n<li>Em caso de danos que comprometam a experi\u00eancia do jogo (perda ou avaria de componentes), o cliente dever\u00e1 arcar com os custos da reposi\u00e7\u00e3o dos componentes (quando dispon\u00edveis no mercado) ou aquisi\u00e7\u00e3o de um novo exemplar do jogo.<\/li>\n<\/ul>\n","protected":false},"excerpt":{"rendered":"<p>Bem-vindo aos anos 60! Admire a vista deslumbrante do Empire State Building, o arranha-c\u00e9u mais alto do mundo, ou caminhe pelo magn\u00edfico Central Park. V\u00e1 da Times Square ao Brooklyn para fazer alguns passeios\u2026 e divirta-se!<\/p>\n<div class=\"more-link-wrapper\"><a class=\"more-link\" href=\"https:\/\/cabanadoelfo.com.br\/loja\/jogo\/ticket-to-ride-new-york\/\">Read More<span class=\"screen-reader-text\">Ticket to Ride: New York<\/span><\/a><\/div>\n","protected":false},"featured_media":472,"comment_status":"open","ping_status":"closed","template":"","meta":[],"product_brand":[],"product_cat":[37,15],"product_tag":[],"class_list":{"0":"post-471","1":"product","2":"type-product","3":"status-publish","4":"has-post-thumbnail","6":"product_cat-jogo-de-cartas","7":"product_cat-jogos-de-tabuleiro","8":"pa_complexidade-jogo-de-entrada","9":"pa_complexidade-jogos-familiares","10":"pa_complexidade-jogos-infantis","11":"pa_designer-alan-r-moon","12":"pa_duracao-15-min","13":"pa_editora-galapagos-jogos","14":"pa_estilo-colecionar-componentes","15":"pa_estilo-construcao-de-rotas","16":"pa_estilo-gestao-de-mao","17":"pa_estilo-selecao-de-cartas","18":"pa_idade-133","19":"pa_idioma-portugues","20":"pa_jogadores-2-a-4","21":"pa_modo-multijogador-competitivo","22":"pa_tema-transportes","23":"entry","25":"first","26":"instock","27":"purchasable","28":"product-type-redq_rental"},"jetpack_sharing_enabled":true,"_links":{"self":[{"href":"https:\/\/cabanadoelfo.com.br\/loja\/wp-json\/wp\/v2\/product\/471","targetHints":{"allow":["GET"]}}],"collection":[{"href":"https:\/\/cabanadoelfo.com.br\/loja\/wp-json\/wp\/v2\/product"}],"about":[{"href":"https:\/\/cabanadoelfo.com.br\/loja\/wp-json\/wp\/v2\/types\/product"}],"replies":[{"embeddable":true,"href":"https:\/\/cabanadoelfo.com.br\/loja\/wp-json\/wp\/v2\/comments?post=471"}],"wp:featuredmedia":[{"embeddable":true,"href":"https:\/\/cabanadoelfo.com.br\/loja\/wp-json\/wp\/v2\/media\/472"}],"wp:attachment":[{"href":"https:\/\/cabanadoelfo.com.br\/loja\/wp-json\/wp\/v2\/media?parent=471"}],"wp:term":[{"taxonomy":"product_brand","embeddable":true,"href":"https:\/\/cabanadoelfo.com.br\/loja\/wp-json\/wp\/v2\/product_brand?post=471"},{"taxonomy":"product_cat","embeddable":true,"href":"https:\/\/cabanadoelfo.com.br\/loja\/wp-json\/wp\/v2\/product_cat?post=471"},{"taxonomy":"product_tag","embeddable":true,"href":"https:\/\/cabanadoelfo.com.br\/loja\/wp-json\/wp\/v2\/product_tag?post=471"}],"curies":[{"name":"wp","href":"https:\/\/api.w.org\/{rel}","templated":true}]}}