{"id":463,"date":"2020-11-26T23:21:00","date_gmt":"2020-11-27T02:21:00","guid":{"rendered":"https:\/\/cabanadoelfo.com.br\/loja\/?post_type=product&#038;p=463"},"modified":"2024-03-11T07:56:28","modified_gmt":"2024-03-11T10:56:28","slug":"clans-of-caledonia","status":"publish","type":"product","link":"https:\/\/cabanadoelfo.com.br\/loja\/jogo\/clans-of-caledonia\/","title":{"rendered":"Clans of Caledonia"},"content":{"rendered":"<p>Clans of Caledonia \u00e9 um jogo de tabuleiro econ\u00f4mico, estrat\u00e9gico e interativo que est\u00e1 ambientado na Esc\u00f3cia do s\u00e9culo XIX.<\/p>\n<p>Nesta \u00e9poca, a Esc\u00f3cia fez a transi\u00e7\u00e3o de um pa\u00eds agr\u00edcola para um pa\u00eds industrializado que dependia fortemente do com\u00e9rcio e da exporta\u00e7\u00e3o. A produ\u00e7\u00e3o de alimentos aumentou significativamente para alimentar o crescimento populacional. O linho foi cada vez mais substitu\u00eddo pelo algod\u00e3o mais barato e a cria\u00e7\u00e3o de ovelhas recebeu alta import\u00e2ncia. Cada vez mais destilarias foram fundadas e o u\u00edsque tornou-se a bebida alco\u00f3lica mais nobre da Europa.<\/p>\n<p>Os jogadores representam cl\u00e3s hist\u00f3ricos com habilidades \u00fanicas e competem para produzir, comercializar e exportar produtos agr\u00edcolas e, claro, u\u00edsque!<\/p>\n<p><strong>Indicado ao Pr\u00eamio Ludopedia Jogo Expert do Ano 2017 &#8211; Voto Popular<\/strong><\/p>\n<h2>Componentes:<\/h2>\n<ul>\n<li>1 Manual de Regras<\/li>\n<li>4 M\u00f3dulos do Mapa<\/li>\n<li>1 Tabuleiro do Mercado<\/li>\n<li>4 Tabuleiros Pessoais<\/li>\n<li>4 Pe\u00e7as de Caixote Pessoal de Exporta\u00e7\u00e3o<\/li>\n<li>9 Pe\u00e7as de Cl\u00e3<\/li>\n<li>9 Pe\u00e7as de Come\u00e7o de Partida<\/li>\n<li>12 Pe\u00e7as de Produto<\/li>\n<li>9 Pe\u00e7as de Pontua\u00e7\u00e3o<\/li>\n<li>50 Pe\u00e7as de Contrato de Exporta\u00e7\u00e3o<\/li>\n<li>9 Pe\u00e7as de Porto<\/li>\n<li>30 Moedas de 1<\/li>\n<li>20 Moedas de 5<\/li>\n<li>20 Moedas de 10<\/li>\n<li>1 Pe\u00e7a dos MacDonald<\/li>\n<li>4 Pe\u00e7as de Gl\u00f3ria<\/li>\n<li>8 Pe\u00e7as de Atualiza\u00e7\u00e3o Tecnol\u00f3gica<\/li>\n<li>16 Marcadores de B\u00f4nus Portu\u00e1rio<\/li>\n<li>6 Marcadores Transparentes do Mercado<\/li>\n<li>2 Dados (partida solo)<\/li>\n<li>4 Consultas do Jogador em Portugu\u00eas<\/li>\n<li>4 Consultas do Jogador em Ingl\u00eas<\/li>\n<li>1 Bloco de Planilhas de Pontua\u00e7\u00e3o<\/li>\n<li>14 Pe\u00e7as de L\u00e3<\/li>\n<li>10 Pe\u00e7as de Leite<\/li>\n<li>10 Pe\u00e7as de Queijo<\/li>\n<li>10 Pe\u00e7as de Cereais<\/li>\n<li>10 Pe\u00e7as de P\u00e3es<\/li>\n<li>10 Pe\u00e7as de U\u00edsques<\/li>\n<li>1 Pe\u00e7a de Algod\u00e3o<\/li>\n<li>1 Pe\u00e7a de Tabaco<\/li>\n<li>1 Pe\u00e7a de Cana-de-a\u00e7\u00facar<\/li>\n<li>16 Pe\u00e7as de Vaca<\/li>\n<li>16 Pe\u00e7as de Panificadora<\/li>\n<li>16 Pe\u00e7as de Ovelha<\/li>\n<li>16 Pe\u00e7as de Planta\u00e7\u00e3o<\/li>\n<li>16 Pe\u00e7as de Destilaria<\/li>\n<li>16 Pe\u00e7as de Queijaria<\/li>\n<li>32 Pe\u00e7as de Trabalhadores<\/li>\n<li>28 Pe\u00e7as de Mercadores (cubos)<\/li>\n<li>4 Marcadores de Frota Mercante<\/li>\n<li>4 Marcadores de Povoado<\/li>\n<li>4 Marcadores de Ordem dos Turnos<\/li>\n<li>4 Marcadores de Gl\u00f3ria<\/li>\n<\/ul>\n<h2>Regras para o aluguel:<\/h2>\n<ul>\n<li>O per\u00edodo de aluguel inclui a data de entrega e devolu\u00e7\u00e3o do jogo;<\/li>\n<li>O atraso na devolu\u00e7\u00e3o dos jogos, resultar\u00e1 em cobran\u00e7a adicional no valor de um aluguel di\u00e1rio por cada dia de atraso;<\/li>\n<li>Em caso de danos que comprometam a experi\u00eancia do jogo (perda ou avaria de componentes), o cliente dever\u00e1 arcar com os custos da reposi\u00e7\u00e3o dos componentes (quando dispon\u00edveis no mercado) ou aquisi\u00e7\u00e3o de um novo exemplar do jogo.<\/li>\n<\/ul>\n","protected":false},"excerpt":{"rendered":"<div class=\"woocommerce-product-details__short-description\">\n<p>O valor corresponde ao aluguel di\u00e1rio do jogo. Consulte as condi\u00e7\u00f5es abaixo.<\/p>\n<\/div>\n<div class=\"more-link-wrapper\"><a class=\"more-link\" href=\"https:\/\/cabanadoelfo.com.br\/loja\/jogo\/clans-of-caledonia\/\">Read More<span class=\"screen-reader-text\">Clans of Caledonia<\/span><\/a><\/div>\n","protected":false},"featured_media":467,"comment_status":"open","ping_status":"closed","template":"","meta":[],"product_brand":[],"product_cat":[15],"product_tag":[],"class_list":{"0":"post-463","1":"product","2":"type-product","3":"status-publish","4":"has-post-thumbnail","6":"product_cat-jogos-de-tabuleiro","7":"pa_complexidade-jogos-expert","8":"pa_designer-juma-al-joujou","9":"pa_designer-klemens-franz","10":"pa_duracao-120-min","11":"pa_editora-meeple-br-jogos","12":"pa_estilo-construcao-de-rotas","13":"pa_estilo-controle-influencia-de-area","14":"pa_estilo-especulacao-financeira","15":"pa_estilo-jogadores-com-diferentes-habilidades","16":"pa_estilo-tabuleiro-modular","17":"pa_idade-61","18":"pa_idioma-ingles","19":"pa_idioma-portugues","20":"pa_jogadores-1-a-4","21":"pa_modo-multijogador-competitivo","22":"pa_tema-civilizacao","23":"pa_tema-economia-producao","24":"pa_tema-historia","25":"entry","27":"first","28":"instock","29":"purchasable","30":"product-type-redq_rental"},"jetpack_sharing_enabled":true,"_links":{"self":[{"href":"https:\/\/cabanadoelfo.com.br\/loja\/wp-json\/wp\/v2\/product\/463","targetHints":{"allow":["GET"]}}],"collection":[{"href":"https:\/\/cabanadoelfo.com.br\/loja\/wp-json\/wp\/v2\/product"}],"about":[{"href":"https:\/\/cabanadoelfo.com.br\/loja\/wp-json\/wp\/v2\/types\/product"}],"replies":[{"embeddable":true,"href":"https:\/\/cabanadoelfo.com.br\/loja\/wp-json\/wp\/v2\/comments?post=463"}],"wp:featuredmedia":[{"embeddable":true,"href":"https:\/\/cabanadoelfo.com.br\/loja\/wp-json\/wp\/v2\/media\/467"}],"wp:attachment":[{"href":"https:\/\/cabanadoelfo.com.br\/loja\/wp-json\/wp\/v2\/media?parent=463"}],"wp:term":[{"taxonomy":"product_brand","embeddable":true,"href":"https:\/\/cabanadoelfo.com.br\/loja\/wp-json\/wp\/v2\/product_brand?post=463"},{"taxonomy":"product_cat","embeddable":true,"href":"https:\/\/cabanadoelfo.com.br\/loja\/wp-json\/wp\/v2\/product_cat?post=463"},{"taxonomy":"product_tag","embeddable":true,"href":"https:\/\/cabanadoelfo.com.br\/loja\/wp-json\/wp\/v2\/product_tag?post=463"}],"curies":[{"name":"wp","href":"https:\/\/api.w.org\/{rel}","templated":true}]}}