{"id":457,"date":"2020-11-26T22:48:34","date_gmt":"2020-11-27T01:48:34","guid":{"rendered":"https:\/\/cabanadoelfo.com.br\/loja\/?post_type=product&#038;p=457"},"modified":"2024-05-05T19:16:05","modified_gmt":"2024-05-05T22:16:05","slug":"jamaica","status":"publish","type":"product","link":"https:\/\/cabanadoelfo.com.br\/loja\/jogo\/jamaica\/","title":{"rendered":"Jamaica"},"content":{"rendered":"<p>Todos os anos, em mem\u00f3ria dos &#8220;bons velhos tempos&#8221;, Morgan organiza o Grande Desafio, uma corrida ao redor da ilha, e no final o capit\u00e3o com o m\u00e1ximo de ouro em seus por\u00f5es \u00e9 declarado o Grande Vencedor.<\/p>\n<p>Todos a bordo!<\/p>\n<h2>Componentes:<\/h2>\n<ul>\n<li>1 Manual de Regras<\/li>\n<li>1 Tabuleiro<\/li>\n<li>66 Cartas de A\u00e7\u00e3o (6 cores)<\/li>\n<li>80 Dobr\u00f5es de Ouro<\/li>\n<li>45 Marcadores de Alimento<\/li>\n<li>45 Marcadores de P\u00f3lvora<\/li>\n<li>9 Marcadores de Tesouro<\/li>\n<li>12 Cartas de Tesouro<\/li>\n<li>1 Marcador de Capit\u00e3o da Rodada (b\u00fassola)<\/li>\n<li>2 Dados de A\u00e7\u00e3o<\/li>\n<li>1 Dado de Combate<\/li>\n<li>6 Navios (6 cores)<\/li>\n<li>6 Fichas de Por\u00e3o<\/li>\n<\/ul>\n<h2>Regras para o aluguel:<\/h2>\n<ul>\n<li>O per\u00edodo de aluguel inclui a data de entrega e devolu\u00e7\u00e3o do jogo;<\/li>\n<li>O atraso na devolu\u00e7\u00e3o dos jogos, resultar\u00e1 em cobran\u00e7a adicional no valor de um aluguel di\u00e1rio por cada dia de atraso;<\/li>\n<li>Em caso de danos que comprometam a experi\u00eancia do jogo (perda ou avaria de componentes), o cliente dever\u00e1 arcar com os custos da reposi\u00e7\u00e3o dos componentes (quando dispon\u00edveis no mercado) ou aquisi\u00e7\u00e3o de um novo exemplar do jogo.<\/li>\n<\/ul>\n","protected":false},"excerpt":{"rendered":"<div class=\"woocommerce-product-details__short-description\">\n<p>Em fevereiro de 1678, ap\u00f3s uma longa carreira na pirataria, Henry Morgan foi esperto e conseguiu ser nomeado Governador da Jamaica, encarregado de afastar os piratas e bucaneiros!<\/p>\n<p>Em vez disso, ele convidou todos os seus antigos &#8220;colegas&#8221; e companheiros de armas para se instalarem no local, para que eles possam desfrutar dos frutos de seus atividades com total impunidade.<\/p>\n<\/div>\n<div class=\"more-link-wrapper\"><a class=\"more-link\" href=\"https:\/\/cabanadoelfo.com.br\/loja\/jogo\/jamaica\/\">Read More<span class=\"screen-reader-text\">Jamaica<\/span><\/a><\/div>\n","protected":false},"featured_media":461,"comment_status":"open","ping_status":"closed","template":"","meta":[],"product_brand":[],"product_cat":[15],"product_tag":[],"class_list":{"0":"post-457","1":"product","2":"type-product","3":"status-publish","4":"has-post-thumbnail","6":"product_cat-jogos-de-tabuleiro","7":"pa_complexidade-jogos-familiares","8":"pa_complexidade-jogos-infantis","9":"pa_designer-malcolm-braff-bruno-cathala","10":"pa_designer-sebastien-pauchon","11":"pa_duracao-30-min","12":"pa_editora-galapagos-jogos","13":"pa_estilo-acao-simultanea","14":"pa_estilo-colecionar-componentes","15":"pa_estilo-gestao-de-mao","16":"pa_estilo-rolagem-de-dados","17":"pa_idade-133","18":"pa_idioma-portugues","19":"pa_jogadores-2-a-6","20":"pa_modo-multijogador-competitivo","21":"pa_tema-aventura","22":"pa_tema-corrida","23":"pa_tema-piratas","24":"pa_tema-transportes","25":"entry","27":"first","28":"instock","29":"purchasable","30":"product-type-redq_rental"},"jetpack_sharing_enabled":true,"_links":{"self":[{"href":"https:\/\/cabanadoelfo.com.br\/loja\/wp-json\/wp\/v2\/product\/457","targetHints":{"allow":["GET"]}}],"collection":[{"href":"https:\/\/cabanadoelfo.com.br\/loja\/wp-json\/wp\/v2\/product"}],"about":[{"href":"https:\/\/cabanadoelfo.com.br\/loja\/wp-json\/wp\/v2\/types\/product"}],"replies":[{"embeddable":true,"href":"https:\/\/cabanadoelfo.com.br\/loja\/wp-json\/wp\/v2\/comments?post=457"}],"wp:featuredmedia":[{"embeddable":true,"href":"https:\/\/cabanadoelfo.com.br\/loja\/wp-json\/wp\/v2\/media\/461"}],"wp:attachment":[{"href":"https:\/\/cabanadoelfo.com.br\/loja\/wp-json\/wp\/v2\/media?parent=457"}],"wp:term":[{"taxonomy":"product_brand","embeddable":true,"href":"https:\/\/cabanadoelfo.com.br\/loja\/wp-json\/wp\/v2\/product_brand?post=457"},{"taxonomy":"product_cat","embeddable":true,"href":"https:\/\/cabanadoelfo.com.br\/loja\/wp-json\/wp\/v2\/product_cat?post=457"},{"taxonomy":"product_tag","embeddable":true,"href":"https:\/\/cabanadoelfo.com.br\/loja\/wp-json\/wp\/v2\/product_tag?post=457"}],"curies":[{"name":"wp","href":"https:\/\/api.w.org\/{rel}","templated":true}]}}