{"id":434,"date":"2020-11-26T11:57:01","date_gmt":"2020-11-26T14:57:01","guid":{"rendered":"https:\/\/cabanadoelfo.com.br\/loja\/?post_type=product&#038;p=434"},"modified":"2024-06-30T14:23:41","modified_gmt":"2024-06-30T17:23:41","slug":"the-mind","status":"publish","type":"product","link":"https:\/\/cabanadoelfo.com.br\/loja\/jogo\/the-mind\/","title":{"rendered":"The Mind"},"content":{"rendered":"<p>The Mind n\u00e3o \u00e9 apenas um jogo, \u00e9 a uma curiosa e envolvente experi\u00eancia em grupo que virou uma verdadeira sensa\u00e7\u00e3o mundial. Os participantes v\u00e3o trabalhar em equipe para alcan\u00e7ar a vit\u00f3ria e derrotar os 12 n\u00edveis, por\u00e9m sem usar uma \u00fanica palavra ou gesto, apenas conectando suas mentes.<\/p>\n<p>Um experimento de sensibilidade, calma e equil\u00edbrio, que desafia at\u00e9 os limites da ci\u00eancia! Simples e divertido, The Mind garante partidas emocionantes. Voc\u00ea vai prender a respira\u00e7\u00e3o e seu cora\u00e7\u00e3o vai bater mais forte a cada jogada!<\/p>\n<p>Est\u00e1 pronto para transcender o universo material e adentrar o mundo da mente?<\/p>\n<h2>Componentes:<\/h2>\n<ul>\n<li>100 cartas com n\u00fameros (1 a 100)<\/li>\n<li>12 cartas de n\u00edveis<\/li>\n<li>5 cartas de vida<\/li>\n<li>3 cartas com estrelas ninja<\/li>\n<li>1 folheto de regras<\/li>\n<\/ul>\n<h2>Regras para o aluguel:<\/h2>\n<ul>\n<li>O per\u00edodo de aluguel inclui a data de entrega e devolu\u00e7\u00e3o do jogo;<\/li>\n<li>O atraso na devolu\u00e7\u00e3o dos jogos, resultar\u00e1 em cobran\u00e7a adicional no valor de um aluguel di\u00e1rio por cada dia de atraso;<\/li>\n<li>Em caso de danos que comprometam a experi\u00eancia do jogo (perda ou avaria de componentes), o cliente dever\u00e1 arcar com os custos da reposi\u00e7\u00e3o dos componentes (quando dispon\u00edveis no mercado) ou aquisi\u00e7\u00e3o de um novo exemplar do jogo.<\/li>\n<\/ul>\n","protected":false},"excerpt":{"rendered":"<div class=\"woocommerce-product-details__short-description\">\n<p>O valor corresponde ao aluguel di\u00e1rio do jogo. Consulte as condi\u00e7\u00f5es abaixo.<\/p>\n<\/div>\n<div class=\"more-link-wrapper\"><a class=\"more-link\" href=\"https:\/\/cabanadoelfo.com.br\/loja\/jogo\/the-mind\/\">Read More<span class=\"screen-reader-text\">The Mind<\/span><\/a><\/div>\n","protected":false},"featured_media":438,"comment_status":"open","ping_status":"closed","template":"","meta":[],"product_brand":[],"product_cat":[37],"product_tag":[],"class_list":{"0":"post-434","1":"product","2":"type-product","3":"status-publish","4":"has-post-thumbnail","6":"product_cat-jogo-de-cartas","7":"pa_complexidade-jogo-de-entrada","8":"pa_complexidade-jogos-familiares","9":"pa_complexidade-jogo-festivo","10":"pa_designer-oliver-freudenreich","11":"pa_designer-wolfgang-warsch","12":"pa_duracao-20-min","13":"pa_editora-galapagos-jogos","14":"pa_estilo-force-sua-sorte","15":"pa_estilo-gestao-de-mao","16":"pa_estilo-jogo-em-equipe","17":"pa_idade-133","18":"pa_idioma-portugues","19":"pa_jogadores-2-a-4","20":"pa_modo-multijogador-cooperativo","21":"pa_tema-humor","22":"entry","24":"first","25":"instock","26":"purchasable","27":"product-type-redq_rental"},"jetpack_sharing_enabled":true,"_links":{"self":[{"href":"https:\/\/cabanadoelfo.com.br\/loja\/wp-json\/wp\/v2\/product\/434","targetHints":{"allow":["GET"]}}],"collection":[{"href":"https:\/\/cabanadoelfo.com.br\/loja\/wp-json\/wp\/v2\/product"}],"about":[{"href":"https:\/\/cabanadoelfo.com.br\/loja\/wp-json\/wp\/v2\/types\/product"}],"replies":[{"embeddable":true,"href":"https:\/\/cabanadoelfo.com.br\/loja\/wp-json\/wp\/v2\/comments?post=434"}],"wp:featuredmedia":[{"embeddable":true,"href":"https:\/\/cabanadoelfo.com.br\/loja\/wp-json\/wp\/v2\/media\/438"}],"wp:attachment":[{"href":"https:\/\/cabanadoelfo.com.br\/loja\/wp-json\/wp\/v2\/media?parent=434"}],"wp:term":[{"taxonomy":"product_brand","embeddable":true,"href":"https:\/\/cabanadoelfo.com.br\/loja\/wp-json\/wp\/v2\/product_brand?post=434"},{"taxonomy":"product_cat","embeddable":true,"href":"https:\/\/cabanadoelfo.com.br\/loja\/wp-json\/wp\/v2\/product_cat?post=434"},{"taxonomy":"product_tag","embeddable":true,"href":"https:\/\/cabanadoelfo.com.br\/loja\/wp-json\/wp\/v2\/product_tag?post=434"}],"curies":[{"name":"wp","href":"https:\/\/api.w.org\/{rel}","templated":true}]}}