{"id":425,"date":"2020-11-26T11:06:54","date_gmt":"2020-11-26T14:06:54","guid":{"rendered":"https:\/\/cabanadoelfo.com.br\/loja\/?post_type=product&#038;p=425"},"modified":"2024-08-27T23:16:32","modified_gmt":"2024-08-28T02:16:32","slug":"takenoko","status":"publish","type":"product","link":"https:\/\/cabanadoelfo.com.br\/loja\/jogo\/takenoko\/","title":{"rendered":"Takenoko"},"content":{"rendered":"<p>Em Takenoko, os jogadores v\u00e3o cultivar os terrenos, irrigando-os s para crescer uma das tr\u00eas esp\u00e9cies de bambu (verde, amarelo e rosa). Ao mesmo tempo eles ter\u00e3o que cuidar da fome do panda que adora o suculento e macio bambu. O jogador que conseguir melhor cuidar dos terrenos enquanto vai alimentando o apetite delicado do panda, ganha o jogo.<\/p>\n<p><iframe loading=\"lazy\" title=\"Takenoko: Tutorama\" width=\"500\" height=\"281\" src=\"https:\/\/www.youtube.com\/embed\/TZNn3XDCV9M?feature=oembed\" frameborder=\"0\" allow=\"accelerometer; autoplay; clipboard-write; encrypted-media; gyroscope; picture-in-picture; web-share\" referrerpolicy=\"strict-origin-when-cross-origin\" allowfullscreen><\/iframe><\/p>\n<h2>Componentes:<\/h2>\n<ul>\n<li>28 Pe\u00e7as de Terreno<\/li>\n<li>29 Segmentos de Bambu Verde<\/li>\n<li>26 Segmentos de Bambu Amarelo<\/li>\n<li>24 Segmentos de Bambu Rosa<\/li>\n<li>20 Canaletas de Irriga\u00e7\u00e3o<\/li>\n<li>9 Melhorias<\/li>\n<li>46 Cartas de Objetivo<\/li>\n<li>4 Tabuleiros Individuais<\/li>\n<li>8 Fichas de A\u00e7\u00e3o<\/li>\n<li>1 Dado do Tempo<\/li>\n<li>1 Panda<\/li>\n<li>1 Jardineiro<\/li>\n<li>1 Manual de Regras<\/li>\n<\/ul>\n<h2>Regras para o aluguel:<\/h2>\n<ul>\n<li>O per\u00edodo de aluguel inclui a data de entrega e devolu\u00e7\u00e3o do jogo;<\/li>\n<li>O atraso na devolu\u00e7\u00e3o dos jogos, resultar\u00e1 em cobran\u00e7a adicional no valor de um aluguel di\u00e1rio por cada dia de atraso;<\/li>\n<li>Em caso de danos que comprometam a experi\u00eancia do jogo (perda ou avaria de componentes), o cliente dever\u00e1 arcar com os custos da reposi\u00e7\u00e3o dos componentes (quando dispon\u00edveis no mercado) ou aquisi\u00e7\u00e3o de um novo exemplar do jogo.<\/li>\n<\/ul>\n","protected":false},"excerpt":{"rendered":"<div class=\"woocommerce-product-details__short-description\">\n<p>Muito tempo atr\u00e1s, o imperador chin\u00eas ofereceu um urso panda-gigante como um s\u00edmbolo de paz para o imperador japon\u00eas. Desde ent\u00e3o, o imperador japon\u00eas confiou lhes confiou a delicada tarefa de cuidar desse panda\u00a0 de grande import\u00e2ncia pol\u00edtica, bem como do ilustre bambuzal do imperador.<\/p>\n<\/div>\n<div class=\"more-link-wrapper\"><a class=\"more-link\" href=\"https:\/\/cabanadoelfo.com.br\/loja\/jogo\/takenoko\/\">Read More<span class=\"screen-reader-text\">Takenoko<\/span><\/a><\/div>\n","protected":false},"featured_media":430,"comment_status":"open","ping_status":"closed","template":"","meta":[],"product_brand":[],"product_cat":[37,15],"product_tag":[],"class_list":{"0":"post-425","1":"product","2":"type-product","3":"status-publish","4":"has-post-thumbnail","6":"product_cat-jogo-de-cartas","7":"product_cat-jogos-de-tabuleiro","8":"pa_complexidade-jogos-familiares","9":"pa_complexidade-jogos-infantis","10":"pa_designer-antoine-bauza","11":"pa_designer-nicolas-fructus","12":"pa_designer-picksel","13":"pa_designer-yuio","14":"pa_duracao-45-min","15":"pa_editora-galapagos-jogos","16":"pa_estilo-colecionar-componentes","17":"pa_estilo-colocacao-de-pecas","18":"pa_estilo-construcao-a-partir-de-modelo","19":"pa_estilo-movimento-em-grade","20":"pa_estilo-rolagem-de-dados","21":"pa_estilo-sistema-de-pontos-de-acao","22":"pa_estilo-tabuleiro-modular","23":"pa_idade-133","24":"pa_idioma-portugues","25":"pa_jogadores-2-a-4","26":"pa_modo-multijogador-competitivo","27":"pa_tema-animais","28":"pa_tema-cultura-oriental","29":"entry","31":"first","32":"instock","33":"purchasable","34":"product-type-redq_rental"},"jetpack_sharing_enabled":true,"_links":{"self":[{"href":"https:\/\/cabanadoelfo.com.br\/loja\/wp-json\/wp\/v2\/product\/425","targetHints":{"allow":["GET"]}}],"collection":[{"href":"https:\/\/cabanadoelfo.com.br\/loja\/wp-json\/wp\/v2\/product"}],"about":[{"href":"https:\/\/cabanadoelfo.com.br\/loja\/wp-json\/wp\/v2\/types\/product"}],"replies":[{"embeddable":true,"href":"https:\/\/cabanadoelfo.com.br\/loja\/wp-json\/wp\/v2\/comments?post=425"}],"wp:featuredmedia":[{"embeddable":true,"href":"https:\/\/cabanadoelfo.com.br\/loja\/wp-json\/wp\/v2\/media\/430"}],"wp:attachment":[{"href":"https:\/\/cabanadoelfo.com.br\/loja\/wp-json\/wp\/v2\/media?parent=425"}],"wp:term":[{"taxonomy":"product_brand","embeddable":true,"href":"https:\/\/cabanadoelfo.com.br\/loja\/wp-json\/wp\/v2\/product_brand?post=425"},{"taxonomy":"product_cat","embeddable":true,"href":"https:\/\/cabanadoelfo.com.br\/loja\/wp-json\/wp\/v2\/product_cat?post=425"},{"taxonomy":"product_tag","embeddable":true,"href":"https:\/\/cabanadoelfo.com.br\/loja\/wp-json\/wp\/v2\/product_tag?post=425"}],"curies":[{"name":"wp","href":"https:\/\/api.w.org\/{rel}","templated":true}]}}