{"id":416,"date":"2020-11-26T10:02:33","date_gmt":"2020-11-26T13:02:33","guid":{"rendered":"https:\/\/cabanadoelfo.com.br\/loja\/?post_type=product&#038;p=416"},"modified":"2024-08-28T21:12:12","modified_gmt":"2024-08-29T00:12:12","slug":"fotossintese","status":"publish","type":"product","link":"https:\/\/cabanadoelfo.com.br\/loja\/jogo\/fotossintese\/","title":{"rendered":"Fotoss\u00edntese"},"content":{"rendered":"<p>S\u00e3o muitos os tipos de \u00e1rvores que competem crescendo e espalhando as suas sementes neste pequeno, mas f\u00e9rtil, bosque&#8230; Quanto mais uma \u00e1rvore cresce, mais raios de sol recebe e mais sombra faz as \u00e1rvores que tentam crescer \u00e0 sua volta. E quando o ciclo de vida de uma \u00e1rvore chega ao fim, voc\u00ea ganha pontos proporcionais \u00e0 riqueza do solo onde a \u00e1rvore criou ra\u00edzes.<\/p>\n<p>Bem-vindo ao mundo da fotoss\u00edntese, o jogo de estrat\u00e9gia verde!<\/p>\n<p><iframe loading=\"lazy\" title=\"Fotoss\u00edntese - Review - Jack Explicador\" width=\"500\" height=\"281\" src=\"https:\/\/www.youtube.com\/embed\/o30mdbMvBL8?feature=oembed\" frameborder=\"0\" allow=\"accelerometer; autoplay; clipboard-write; encrypted-media; gyroscope; picture-in-picture; web-share\" referrerpolicy=\"strict-origin-when-cross-origin\" allowfullscreen><\/iframe><\/p>\n<h2>Componentes:<\/h2>\n<ul>\n<li>1 Manual de Regras<\/li>\n<li>1 Tabuleiro Central<\/li>\n<li>1 Marcador de Sol<\/li>\n<li>1 Marcador de Jogador Inicial<\/li>\n<li>4 Contadores de Volta do Sol<\/li>\n<li>4 Tabuleiros Individuais<\/li>\n<li>24 Fichas de Pontos<\/li>\n<li>4 Marcadores de Pontos de Luz<\/li>\n<li>24 Fichas de Sementes (6 de cada tipo)<\/li>\n<li>32 \u00c1rvores Pequenas (8 de cada tipo)<\/li>\n<li>16 \u00c1rvores M\u00e9dias (4 de cada tipo)<\/li>\n<li>8 \u00c1rvores Grandes (2 de cada tipo)<\/li>\n<\/ul>\n<h2>Regras para o aluguel:<\/h2>\n<ul>\n<li>O per\u00edodo de aluguel inclui a data de entrega e devolu\u00e7\u00e3o do jogo;<\/li>\n<li>O atraso na devolu\u00e7\u00e3o dos jogos, resultar\u00e1 em cobran\u00e7a adicional no valor de um aluguel di\u00e1rio por cada dia de atraso;<\/li>\n<li>Em caso de danos que comprometam a experi\u00eancia do jogo (perda ou avaria de componentes), o cliente dever\u00e1 arcar com os custos da reposi\u00e7\u00e3o dos componentes (quando dispon\u00edveis no mercado) ou aquisi\u00e7\u00e3o de um novo exemplar do jogo.<\/li>\n<\/ul>\n","protected":false},"excerpt":{"rendered":"<div class=\"woocommerce-product-details__short-description\">\n<p>O sol brilha intensamente no dossel da floresta, e as \u00e1rvores usam esta maravilhosa energia para crescer e desenvolver a sua bela folhagem. Semeie suas culturas com sabedoria e as sombras de suas \u00e1rvores crescentes podem retardar seus oponentes, mas n\u00e3o se esque\u00e7a que o sol gira em torno da floresta.<\/p>\n<\/div>\n<div class=\"more-link-wrapper\"><a class=\"more-link\" href=\"https:\/\/cabanadoelfo.com.br\/loja\/jogo\/fotossintese\/\">Read More<span class=\"screen-reader-text\">Fotoss\u00edntese<\/span><\/a><\/div>\n","protected":false},"featured_media":493,"comment_status":"open","ping_status":"closed","template":"","meta":[],"product_brand":[],"product_cat":[15],"product_tag":[],"class_list":{"0":"post-416","1":"product","2":"type-product","3":"status-publish","4":"has-post-thumbnail","6":"product_cat-jogos-de-tabuleiro","7":"pa_complexidade-jogos-familiares","8":"pa_designer-hjalmar-hach","9":"pa_designer-sabrina-miramon","10":"pa_duracao-60-min","11":"pa_editora-mandala-jogos","12":"pa_estilo-colocacao-de-pecas","13":"pa_estilo-controle-influencia-de-area","14":"pa_idade-61","15":"pa_idioma-portugues","16":"pa_jogadores-2-a-4","17":"pa_modo-multijogador-competitivo","18":"pa_tema-biologia","19":"pa_tema-ciencias","20":"entry","22":"first","23":"instock","24":"purchasable","25":"product-type-redq_rental"},"jetpack_sharing_enabled":true,"_links":{"self":[{"href":"https:\/\/cabanadoelfo.com.br\/loja\/wp-json\/wp\/v2\/product\/416","targetHints":{"allow":["GET"]}}],"collection":[{"href":"https:\/\/cabanadoelfo.com.br\/loja\/wp-json\/wp\/v2\/product"}],"about":[{"href":"https:\/\/cabanadoelfo.com.br\/loja\/wp-json\/wp\/v2\/types\/product"}],"replies":[{"embeddable":true,"href":"https:\/\/cabanadoelfo.com.br\/loja\/wp-json\/wp\/v2\/comments?post=416"}],"wp:featuredmedia":[{"embeddable":true,"href":"https:\/\/cabanadoelfo.com.br\/loja\/wp-json\/wp\/v2\/media\/493"}],"wp:attachment":[{"href":"https:\/\/cabanadoelfo.com.br\/loja\/wp-json\/wp\/v2\/media?parent=416"}],"wp:term":[{"taxonomy":"product_brand","embeddable":true,"href":"https:\/\/cabanadoelfo.com.br\/loja\/wp-json\/wp\/v2\/product_brand?post=416"},{"taxonomy":"product_cat","embeddable":true,"href":"https:\/\/cabanadoelfo.com.br\/loja\/wp-json\/wp\/v2\/product_cat?post=416"},{"taxonomy":"product_tag","embeddable":true,"href":"https:\/\/cabanadoelfo.com.br\/loja\/wp-json\/wp\/v2\/product_tag?post=416"}],"curies":[{"name":"wp","href":"https:\/\/api.w.org\/{rel}","templated":true}]}}