{"id":399,"date":"2020-11-25T21:13:58","date_gmt":"2020-11-26T00:13:58","guid":{"rendered":"https:\/\/cabanadoelfo.com.br\/loja\/?post_type=product&#038;p=399"},"modified":"2024-05-05T19:02:10","modified_gmt":"2024-05-05T22:02:10","slug":"viral","status":"publish","type":"product","link":"https:\/\/cabanadoelfo.com.br\/loja\/jogo\/viral\/","title":{"rendered":"Viral"},"content":{"rendered":"<p>Seu objetivo \u00e9 criar Crises em \u00f3rg\u00e3os ou controlar Zonas do corpo para ganhar Pontos Virais. Mas existem outros V\u00edrus \u2013 controlados por outros jogadores \u2013 e o pr\u00f3prio Sistema Imunol\u00f3gico que v\u00e3o te atrapalhar para evitar que voc\u00ea ven\u00e7a.<\/p>\n<p>Viral \u00e9 um jogo competitivo com belos componente se um tabuleiro alucinante.<\/p>\n<p><iframe loading=\"lazy\" title=\"VIRAL | APRENDA A JOGAR #54\" width=\"500\" height=\"281\" src=\"https:\/\/www.youtube.com\/embed\/uADvx40FkJk?feature=oembed\" frameborder=\"0\" allow=\"accelerometer; autoplay; clipboard-write; encrypted-media; gyroscope; picture-in-picture; web-share\" referrerpolicy=\"strict-origin-when-cross-origin\" allowfullscreen><\/iframe><\/p>\n<h2>Componentes:<\/h2>\n<ul>\n<li>1 Manual de Regras<\/li>\n<li>1 Tabuleiro de Jogo<\/li>\n<li>5 Tabuleiros de Jogador<\/li>\n<li>90 Cartas<\/li>\n<li>40 Fichas de V\u00edrus<\/li>\n<li>8 Fichas de Zonas<\/li>\n<li>4 Fichas de Crise<\/li>\n<li>1 Ficha de Primeiro Jogador<\/li>\n<li>5 Marcadores de Desempate<\/li>\n<li>5 Marcadores de Pontua\u00e7\u00e3o<\/li>\n<li>5 marcadores de Pesquisa<\/li>\n<li>1 Marcador de Fases<\/li>\n<\/ul>\n<h2>Regras para o aluguel:<\/h2>\n<ul>\n<li>O per\u00edodo de aluguel inclui a data de entrega e devolu\u00e7\u00e3o do jogo;<\/li>\n<li>O atraso na devolu\u00e7\u00e3o dos jogos, resultar\u00e1 em cobran\u00e7a adicional no valor de um aluguel di\u00e1rio por cada dia de atraso;<\/li>\n<li>Em caso de danos que comprometam a experi\u00eancia do jogo (perda ou avaria de componentes), o cliente dever\u00e1 arcar com os custos da reposi\u00e7\u00e3o dos componentes (quando dispon\u00edveis no mercado) ou aquisi\u00e7\u00e3o de um novo exemplar do jogo.<\/li>\n<\/ul>\n","protected":false},"excerpt":{"rendered":"<div class=\"woocommerce-product-details__short-description\">\n<p>Voc\u00ea \u00e9 um V\u00edrus que acabou de infectar um paciente. Agora, voc\u00ea precisa espalhar-se pelo corpo e conseguir muta\u00e7\u00f5es para infectar todos os \u00f3rg\u00e3os.<\/p>\n<\/div>\n<div class=\"more-link-wrapper\"><a class=\"more-link\" href=\"https:\/\/cabanadoelfo.com.br\/loja\/jogo\/viral\/\">Read More<span class=\"screen-reader-text\">Viral<\/span><\/a><\/div>\n","protected":false},"featured_media":1277,"comment_status":"open","ping_status":"closed","template":"","meta":[],"product_brand":[],"product_cat":[15],"product_tag":[],"class_list":{"0":"post-399","1":"product","2":"type-product","3":"status-publish","4":"has-post-thumbnail","6":"product_cat-jogos-de-tabuleiro","7":"pa_complexidade-jogos-familiares","8":"pa_designer-antonio-sousa-lara","9":"pa_designer-gil-dorey","10":"pa_duracao-60-min","11":"pa_editora-papergames","12":"pa_estilo-acao-simultanea","13":"pa_estilo-construcao-de-baralho-pecas","14":"pa_estilo-controle-influencia-de-area","15":"pa_estilo-gestao-de-mao","16":"pa_estilo-jogadores-com-diferentes-habilidades","17":"pa_estilo-movimento-de-area","18":"pa_estilo-selecao-de-cartas","19":"pa_idade-61","20":"pa_idioma-portugues","21":"pa_jogadores-2-a-5","22":"pa_modo-multijogador-competitivo","23":"pa_tema-biologia","24":"pa_tema-ciencias","25":"entry","27":"first","28":"instock","29":"purchasable","30":"product-type-redq_rental"},"jetpack_sharing_enabled":true,"_links":{"self":[{"href":"https:\/\/cabanadoelfo.com.br\/loja\/wp-json\/wp\/v2\/product\/399","targetHints":{"allow":["GET"]}}],"collection":[{"href":"https:\/\/cabanadoelfo.com.br\/loja\/wp-json\/wp\/v2\/product"}],"about":[{"href":"https:\/\/cabanadoelfo.com.br\/loja\/wp-json\/wp\/v2\/types\/product"}],"replies":[{"embeddable":true,"href":"https:\/\/cabanadoelfo.com.br\/loja\/wp-json\/wp\/v2\/comments?post=399"}],"wp:featuredmedia":[{"embeddable":true,"href":"https:\/\/cabanadoelfo.com.br\/loja\/wp-json\/wp\/v2\/media\/1277"}],"wp:attachment":[{"href":"https:\/\/cabanadoelfo.com.br\/loja\/wp-json\/wp\/v2\/media?parent=399"}],"wp:term":[{"taxonomy":"product_brand","embeddable":true,"href":"https:\/\/cabanadoelfo.com.br\/loja\/wp-json\/wp\/v2\/product_brand?post=399"},{"taxonomy":"product_cat","embeddable":true,"href":"https:\/\/cabanadoelfo.com.br\/loja\/wp-json\/wp\/v2\/product_cat?post=399"},{"taxonomy":"product_tag","embeddable":true,"href":"https:\/\/cabanadoelfo.com.br\/loja\/wp-json\/wp\/v2\/product_tag?post=399"}],"curies":[{"name":"wp","href":"https:\/\/api.w.org\/{rel}","templated":true}]}}