{"id":386,"date":"2020-11-25T19:58:55","date_gmt":"2020-11-25T22:58:55","guid":{"rendered":"https:\/\/cabanadoelfo.com.br\/loja\/?post_type=product&#038;p=386"},"modified":"2025-10-22T22:02:51","modified_gmt":"2025-10-23T01:02:51","slug":"taco-gato-cabra-queijo-pizza","status":"publish","type":"product","link":"https:\/\/cabanadoelfo.com.br\/loja\/jogo\/taco-gato-cabra-queijo-pizza\/","title":{"rendered":"Taco Gato Cabra Queijo Pizza"},"content":{"rendered":"<p>Seja r\u00e1pido para ser o primeiro a se livrar das suas cartas e vencer o jogo. Mas cuidado! Sua mente ir\u00e1 pregar pe\u00e7as em voc\u00ea. Taco Gato Cabra Queijo Pizza \u00e9 um jogo competitivo e viciante, t\u00e3o \u00fanico quanto seu nome. Divirta-se!<\/p>\n<p><iframe loading=\"lazy\" title=\"Taco Gato Cabra Queijo Pizza - Como Jogar\" width=\"500\" height=\"281\" src=\"https:\/\/www.youtube.com\/embed\/Rc9YHIlXvVY?feature=oembed\" frameborder=\"0\" allow=\"accelerometer; autoplay; clipboard-write; encrypted-media; gyroscope; picture-in-picture; web-share\" referrerpolicy=\"strict-origin-when-cross-origin\" allowfullscreen><\/iframe><\/p>\n<h2>Componentes:<\/h2>\n<ul>\n<li>1 Folheto de Regras<\/li>\n<li>66 Cartas (63 x 88 mm)\n<ul>\n<li>64 Cartas Base<\/li>\n<li>2 Cartas Promo (Capivara)<\/li>\n<\/ul>\n<\/li>\n<\/ul>\n<h2>Regras para o aluguel:<\/h2>\n<ul>\n<li>O per\u00edodo de aluguel inclui a data de entrega e devolu\u00e7\u00e3o do jogo;<\/li>\n<li>O atraso na devolu\u00e7\u00e3o dos jogos, resultar\u00e1 em cobran\u00e7a adicional no valor de um aluguel di\u00e1rio por cada dia de atraso;<\/li>\n<li>Em caso de danos que comprometam a experi\u00eancia do jogo (perda ou avaria de componentes), o cliente dever\u00e1 arcar com os custos da reposi\u00e7\u00e3o dos componentes (quando dispon\u00edveis no mercado) ou aquisi\u00e7\u00e3o de um novo exemplar do jogo.<\/li>\n<\/ul>\n","protected":false},"excerpt":{"rendered":"<div class=\"woocommerce-product-details__short-description\">\n<p>Taco! Gato! Cabra! Queijo! Pizza!<\/p>\n<p>Guarde estas 5 palavras malucas na cabe\u00e7a. Jogue uma carta enquanto fala uma das palavras. Assim que coincidir uma carta jogada com a palavra falada, corra para bater sua m\u00e3o na pilha de cartas. O \u00faltimo a bater pega a pilha toda.<\/p>\n<\/div>\n<div class=\"more-link-wrapper\"><a class=\"more-link\" href=\"https:\/\/cabanadoelfo.com.br\/loja\/jogo\/taco-gato-cabra-queijo-pizza\/\">Read More<span class=\"screen-reader-text\">Taco Gato Cabra Queijo Pizza<\/span><\/a><\/div>\n","protected":false},"featured_media":1292,"comment_status":"open","ping_status":"closed","template":"","meta":[],"product_brand":[],"product_cat":[37],"product_tag":[],"class_list":{"0":"post-386","1":"product","2":"type-product","3":"status-publish","4":"has-post-thumbnail","6":"product_cat-jogo-de-cartas","7":"pa_complexidade-jogo-de-entrada","8":"pa_complexidade-jogos-familiares","9":"pa_complexidade-jogo-festivo","10":"pa_complexidade-jogos-infantis","11":"pa_designer-dave-campbell","12":"pa_duracao-10-min","13":"pa_editora-papergames","14":"pa_estilo-reconhecimento-de-padrao","15":"pa_estilo-tempo-real","16":"pa_idade-133","17":"pa_idioma-portugues","18":"pa_jogadores-2-a-8","19":"pa_modo-multijogador-competitivo","20":"pa_tema-animais","21":"pa_tema-humor","22":"entry","24":"first","25":"instock","26":"purchasable","27":"product-type-redq_rental"},"jetpack_sharing_enabled":true,"_links":{"self":[{"href":"https:\/\/cabanadoelfo.com.br\/loja\/wp-json\/wp\/v2\/product\/386","targetHints":{"allow":["GET"]}}],"collection":[{"href":"https:\/\/cabanadoelfo.com.br\/loja\/wp-json\/wp\/v2\/product"}],"about":[{"href":"https:\/\/cabanadoelfo.com.br\/loja\/wp-json\/wp\/v2\/types\/product"}],"replies":[{"embeddable":true,"href":"https:\/\/cabanadoelfo.com.br\/loja\/wp-json\/wp\/v2\/comments?post=386"}],"wp:featuredmedia":[{"embeddable":true,"href":"https:\/\/cabanadoelfo.com.br\/loja\/wp-json\/wp\/v2\/media\/1292"}],"wp:attachment":[{"href":"https:\/\/cabanadoelfo.com.br\/loja\/wp-json\/wp\/v2\/media?parent=386"}],"wp:term":[{"taxonomy":"product_brand","embeddable":true,"href":"https:\/\/cabanadoelfo.com.br\/loja\/wp-json\/wp\/v2\/product_brand?post=386"},{"taxonomy":"product_cat","embeddable":true,"href":"https:\/\/cabanadoelfo.com.br\/loja\/wp-json\/wp\/v2\/product_cat?post=386"},{"taxonomy":"product_tag","embeddable":true,"href":"https:\/\/cabanadoelfo.com.br\/loja\/wp-json\/wp\/v2\/product_tag?post=386"}],"curies":[{"name":"wp","href":"https:\/\/api.w.org\/{rel}","templated":true}]}}