{"id":383,"date":"2020-11-25T19:50:22","date_gmt":"2020-11-25T22:50:22","guid":{"rendered":"https:\/\/cabanadoelfo.com.br\/loja\/?post_type=product&#038;p=383"},"modified":"2026-01-01T19:12:50","modified_gmt":"2026-01-01T22:12:50","slug":"the-big-book-of-madness","status":"publish","type":"product","link":"https:\/\/cabanadoelfo.com.br\/loja\/jogo\/the-big-book-of-madness\/","title":{"rendered":"The Big Book of Madness"},"content":{"rendered":"<p>Em The Big Book of Madness voc\u00eas jogam como aprendizes de mago, que tolamente abrem um livro antigo e libertam monstros aprisionados! Lacrem novamente o livro, p\u00e1gina a p\u00e1gina, enquanto evitam a eminente loucura. Para ganhar, voc\u00eas devem trabalhar juntos, aprendendo feiti\u00e7os, dominando os elementos e tentando n\u00e3o enlouquecer! &#8211; Voc\u00ea ganha o jogo se conseguir virar as seis p\u00e1ginas e derrotar o \u00faltimo monstro!<\/p>\n<p>The Big Book of Madness \u00e9 um jogo cooperativo usando mec\u00e2nicas de constru\u00e7\u00e3o de baralho. Essa experi\u00eancia original oferece um empolgante desafio para todos os jogadores, novatos e veteranos.<\/p>\n<p><iframe loading=\"lazy\" title=\"The Big Book of Madness - Como Jogar (acione legendas klingon)\" width=\"500\" height=\"281\" src=\"https:\/\/www.youtube.com\/embed\/vNnQNPEcRDA?feature=oembed\" frameborder=\"0\" allow=\"accelerometer; autoplay; clipboard-write; encrypted-media; gyroscope; picture-in-picture; web-share\" referrerpolicy=\"strict-origin-when-cross-origin\" allowfullscreen><\/iframe><\/p>\n<h2>Componentes:<\/h2>\n<ul>\n<li>1 Manual de Regras<\/li>\n<li>48 Cartas de Maldi\u00e7\u00e3o<\/li>\n<li>35 Cartas de Loucura<\/li>\n<li>136 Cartas de Elemento (34 de cada 4 elementos)<\/li>\n<li>20 Cartas de Feiti\u00e7os B\u00e1sicos (borda branca)<\/li>\n<li>36 Cartas de Feiti\u00e7os da Biblioteca (borda preta)<\/li>\n<li>8 Fichas de Magos (resumo do turno no verso)<\/li>\n<li>17 Cartas de Grim\u00f3rio<\/li>\n<li>1 Marcador de Invoca\u00e7\u00e3o (livro)<\/li>\n<li>1 Marcador de Rodada (chap\u00e9u)<\/li>\n<li>1 Marcador de Jogador Ativo<\/li>\n<li>16 Marcadores de Elemento (4 de cada elemento)<\/li>\n<li>1 Tabuleiro<\/li>\n<\/ul>\n<h2>Regras para o aluguel:<\/h2>\n<ul>\n<li>O per\u00edodo de aluguel inclui a data de entrega e devolu\u00e7\u00e3o do jogo;<\/li>\n<li>O atraso na devolu\u00e7\u00e3o dos jogos, resultar\u00e1 em cobran\u00e7a adicional no valor de um aluguel di\u00e1rio por cada dia de atraso;<\/li>\n<li>Em caso de danos que comprometam a experi\u00eancia do jogo (perda ou avaria de componentes), o cliente dever\u00e1 arcar com os custos da reposi\u00e7\u00e3o dos componentes (quando dispon\u00edveis no mercado) ou aquisi\u00e7\u00e3o de um novo exemplar do jogo.<\/li>\n<\/ul>\n","protected":false},"excerpt":{"rendered":"<div class=\"woocommerce-product-details__short-description\">\n<p>Abra se for capaz!<\/p>\n<p>At\u00e9 agora, o seu primeiro ano na Elementary College foi um pouco decepcionante. Eles o ensinaram a acender uma chama bruxuleante na ponta do seu dedo, n\u00e3o era bem isso que voc\u00ea esperava.<\/p>\n<p>Ent\u00e3o, quando voc\u00ea ouviu falar sobre O Grande Livro da Loucura, escondido na biblioteca da escola, voc\u00ea n\u00e3o pode esperar e decidiu reunir seus amigos e esgueirar-se at\u00e9 este tomo intrigante. Quando voc\u00eas levantam lentamente a capa do livro, algo horr\u00edvel acontece, amea\u00e7ando destruir o pr\u00f3prio mundo!<\/p>\n<\/div>\n<div class=\"more-link-wrapper\"><a class=\"more-link\" href=\"https:\/\/cabanadoelfo.com.br\/loja\/jogo\/the-big-book-of-madness\/\">Read More<span class=\"screen-reader-text\">The Big Book of Madness<\/span><\/a><\/div>\n","protected":false},"featured_media":394,"comment_status":"open","ping_status":"closed","template":"","meta":[],"product_brand":[],"product_cat":[37],"product_tag":[],"class_list":{"0":"post-383","1":"product","2":"type-product","3":"status-publish","4":"has-post-thumbnail","6":"product_cat-jogo-de-cartas","7":"pa_complexidade-jogos-expert","8":"pa_designer-maxime-rambourg","9":"pa_designer-naiade","10":"pa_duracao-90-min","11":"pa_editora-red-box","12":"pa_estilo-campanha-batalhas-dirigidas-por-cartas","13":"pa_estilo-colecionar-componentes","14":"pa_estilo-construcao-de-baralho-pecas","15":"pa_estilo-gestao-de-mao","16":"pa_estilo-jogadores-com-diferentes-habilidades","17":"pa_estilo-selecao-de-cartas","18":"pa_idade-51","19":"pa_idioma-portugues","20":"pa_jogadores-2-a-5","21":"pa_modo-multijogador-cooperativo","22":"pa_tema-aventura","23":"pa_tema-fantasia","24":"entry","26":"first","27":"instock","28":"purchasable","29":"product-type-redq_rental"},"jetpack_sharing_enabled":true,"_links":{"self":[{"href":"https:\/\/cabanadoelfo.com.br\/loja\/wp-json\/wp\/v2\/product\/383","targetHints":{"allow":["GET"]}}],"collection":[{"href":"https:\/\/cabanadoelfo.com.br\/loja\/wp-json\/wp\/v2\/product"}],"about":[{"href":"https:\/\/cabanadoelfo.com.br\/loja\/wp-json\/wp\/v2\/types\/product"}],"replies":[{"embeddable":true,"href":"https:\/\/cabanadoelfo.com.br\/loja\/wp-json\/wp\/v2\/comments?post=383"}],"wp:featuredmedia":[{"embeddable":true,"href":"https:\/\/cabanadoelfo.com.br\/loja\/wp-json\/wp\/v2\/media\/394"}],"wp:attachment":[{"href":"https:\/\/cabanadoelfo.com.br\/loja\/wp-json\/wp\/v2\/media?parent=383"}],"wp:term":[{"taxonomy":"product_brand","embeddable":true,"href":"https:\/\/cabanadoelfo.com.br\/loja\/wp-json\/wp\/v2\/product_brand?post=383"},{"taxonomy":"product_cat","embeddable":true,"href":"https:\/\/cabanadoelfo.com.br\/loja\/wp-json\/wp\/v2\/product_cat?post=383"},{"taxonomy":"product_tag","embeddable":true,"href":"https:\/\/cabanadoelfo.com.br\/loja\/wp-json\/wp\/v2\/product_tag?post=383"}],"curies":[{"name":"wp","href":"https:\/\/api.w.org\/{rel}","templated":true}]}}