{"id":339,"date":"2020-11-25T13:10:54","date_gmt":"2020-11-25T16:10:54","guid":{"rendered":"https:\/\/cabanadoelfo.com.br\/loja\/?post_type=product&#038;p=339"},"modified":"2026-01-08T04:27:40","modified_gmt":"2026-01-08T07:27:40","slug":"sagrada","status":"publish","type":"product","link":"https:\/\/cabanadoelfo.com.br\/loja\/jogo\/sagrada\/","title":{"rendered":"Sagrada"},"content":{"rendered":"<p>Um jogo de mosaicos e dados!<\/p>\n<p>Voc\u00ea \u00e9 um artista competindo com colegas de profiss\u00e3o para criar o mais lindo vitral da Sagrada Fam\u00edlia. Suas pe\u00e7as de vidro s\u00e3o representadas por dados que t\u00eam uma cor e um tom, o qual \u00e9 indicado pelos valores exibidos nos dados (quanto mais baixo o valor, mais claro o tom).<\/p>\n<p>A cada rodada, nesse jogo de 1 a 4 participantes se revezar\u00e3o para comprar dados de um acervo, colocando-os em suas janelas. Os jogadores devem posicion\u00e1-los de acordo com as restri\u00e7\u00f5es de cor e tom de sua carta de Janela, al\u00e9m de n\u00e3o ser permitido ter dados adjacentes de mesma cor ou valor. Ap\u00f3s 10 rodadas, os jogadores pontuam com base em objetivos p\u00fablicos e pessoais.<\/p>\n<p>O artes\u00e3o com a maior pontua\u00e7\u00e3o \u00e9 o vencedor!<\/p>\n<p><strong>Indicado ao Pr\u00eamio Ludopedia Jogo Fam\u00edlia do Ano 2018<\/strong><br \/>\n<strong>Indicado ao Pr\u00eamio Ludopedia Jogo Fam\u00edlia do Ano 2018 &#8211; Voto Popular<\/strong><\/p>\n<p><iframe loading=\"lazy\" title=\"Sagrada - Review - Jack Explicador\" width=\"500\" height=\"281\" src=\"https:\/\/www.youtube.com\/embed\/4PMqxqVWX7Y?feature=oembed\" frameborder=\"0\" allow=\"accelerometer; autoplay; clipboard-write; encrypted-media; gyroscope; picture-in-picture; web-share\" referrerpolicy=\"strict-origin-when-cross-origin\" allowfullscreen><\/iframe><\/p>\n<h2>Componentes:<\/h2>\n<ul>\n<li>1 Manual de regras<\/li>\n<li>4 Fichas de Jogador de Moldura de Janela<\/li>\n<li>12 Cartas de Modelo de Janela<\/li>\n<li>12 Cartas de Ferramentas<\/li>\n<li>10 Cartas de Objetivo P\u00fablico<\/li>\n<li>5 Cartas de Objetivo Pessoal<\/li>\n<li>1 Carta de Vencedor<\/li>\n<li>90 Dados (18 x 5 Cores &#8211; vermelho, amarelo, verde, azul e roxo)<\/li>\n<li>1 Bolsa de Dados<\/li>\n<li>1 Trilha de Rodadas (frente)\/Trilha de Pontua\u00e7\u00e3o (verso)<\/li>\n<li>4 Marcadores de Pontua\u00e7\u00e3o<\/li>\n<li>24 Marcadores de Benef\u00edcio<\/li>\n<\/ul>\n<h2>Regras para o aluguel:<\/h2>\n<ul>\n<li>O per\u00edodo de aluguel inclui a data de entrega e devolu\u00e7\u00e3o do jogo;<\/li>\n<li>O atraso na devolu\u00e7\u00e3o dos jogos, resultar\u00e1 em cobran\u00e7a adicional no valor de um aluguel di\u00e1rio por cada dia de atraso;<\/li>\n<li>Em caso de danos que comprometam a experi\u00eancia do jogo (perda ou avaria de componentes), o cliente dever\u00e1 arcar com os custos da reposi\u00e7\u00e3o dos componentes (quando dispon\u00edveis no mercado) ou aquisi\u00e7\u00e3o de um novo exemplar do jogo.<\/li>\n<\/ul>\n","protected":false},"excerpt":{"rendered":"<div class=\"woocommerce-product-details__short-description\">\n<p>Voc\u00ea \u00e9 um artista competindo com colegas de profiss\u00e3o para criar o mais lindo vitral da Sagrada Fam\u00edlia. Compre dados e use instrumentos do of\u00edcio par cuidadosamente construir seu vitral obra-prima.<\/p>\n<\/div>\n<div class=\"more-link-wrapper\"><a class=\"more-link\" href=\"https:\/\/cabanadoelfo.com.br\/loja\/jogo\/sagrada\/\">Read More<span class=\"screen-reader-text\">Sagrada<\/span><\/a><\/div>\n","protected":false},"featured_media":346,"comment_status":"open","ping_status":"closed","template":"","meta":[],"product_brand":[],"product_cat":[86],"product_tag":[],"class_list":{"0":"post-339","1":"product","2":"type-product","3":"status-publish","4":"has-post-thumbnail","6":"product_cat-jogo-de-dados","7":"pa_complexidade-jogos-familiares","8":"pa_designer-adrian-adamescu","9":"pa_designer-daryl-andrews","10":"pa_duracao-45-min","11":"pa_editora-galapagos-jogos","12":"pa_estilo-colecionar-componentes","13":"pa_estilo-construcao-a-partir-de-modelo","14":"pa_estilo-rolagem-de-dados","15":"pa_estilo-selecao-de-cartas","16":"pa_idade-61","17":"pa_idioma-portugues","18":"pa_jogadores-1-a-4","19":"pa_modo-multijogador-competitivo","20":"pa_tema-arte","21":"entry","23":"first","24":"instock","25":"purchasable","26":"product-type-redq_rental"},"jetpack_sharing_enabled":true,"_links":{"self":[{"href":"https:\/\/cabanadoelfo.com.br\/loja\/wp-json\/wp\/v2\/product\/339","targetHints":{"allow":["GET"]}}],"collection":[{"href":"https:\/\/cabanadoelfo.com.br\/loja\/wp-json\/wp\/v2\/product"}],"about":[{"href":"https:\/\/cabanadoelfo.com.br\/loja\/wp-json\/wp\/v2\/types\/product"}],"replies":[{"embeddable":true,"href":"https:\/\/cabanadoelfo.com.br\/loja\/wp-json\/wp\/v2\/comments?post=339"}],"wp:featuredmedia":[{"embeddable":true,"href":"https:\/\/cabanadoelfo.com.br\/loja\/wp-json\/wp\/v2\/media\/346"}],"wp:attachment":[{"href":"https:\/\/cabanadoelfo.com.br\/loja\/wp-json\/wp\/v2\/media?parent=339"}],"wp:term":[{"taxonomy":"product_brand","embeddable":true,"href":"https:\/\/cabanadoelfo.com.br\/loja\/wp-json\/wp\/v2\/product_brand?post=339"},{"taxonomy":"product_cat","embeddable":true,"href":"https:\/\/cabanadoelfo.com.br\/loja\/wp-json\/wp\/v2\/product_cat?post=339"},{"taxonomy":"product_tag","embeddable":true,"href":"https:\/\/cabanadoelfo.com.br\/loja\/wp-json\/wp\/v2\/product_tag?post=339"}],"curies":[{"name":"wp","href":"https:\/\/api.w.org\/{rel}","templated":true}]}}