{"id":336,"date":"2020-11-24T16:19:59","date_gmt":"2020-11-24T19:19:59","guid":{"rendered":"https:\/\/cabanadoelfo.com.br\/loja\/?post_type=product&#038;p=336"},"modified":"2024-03-11T07:59:02","modified_gmt":"2024-03-11T10:59:02","slug":"saboteur","status":"publish","type":"product","link":"https:\/\/cabanadoelfo.com.br\/loja\/jogo\/saboteur\/","title":{"rendered":"Saboteur"},"content":{"rendered":"<p>Nada faz o cora\u00e7\u00e3o de um an\u00e3o acelerar tanto quanto uma bela e brilhante pepita de outro. Como um membro deste intr\u00e9pido povo, voc\u00ea quer coletar o m\u00e1ximo de pepitas que puder. Mas voc\u00ea \u00e9 um minerador&#8230; Ou um sabotador?<\/p>\n<p>Em Saboteur os jogadores s\u00e3o an\u00f5es mineradores, procurando ouro no labirinto de t\u00faneis em uma mina. Mas cuidado! Alguns dos an\u00f5es s\u00e3o sabotadores tentando frustrar seus esfor\u00e7os e roubar todo o seu suado ouro.<\/p>\n<p>Continue escavando, mas desconfie de todos! Para encontrar o fil\u00e3o do min\u00e9rio, voc\u00ea deve superar desmoronamentos, lanternas pifadas e picaretas quebradas.<\/p>\n<p>Saboteur \u00e9 um jogo semicooperativo e ao final de 3 rodadas, o an\u00e3o com mais pepitas de ouro vence.<\/p>\n<p><strong>Indicado ao Pr\u00eamio Ludopedia Jogo Fam\u00edlia do Ano 2017 &#8211; Voto Popular<\/strong><br \/>\n<strong>Pr\u00eamios e Honras: <\/strong><strong>2004 Japan Boardgame Prize Best Foreign Game for Beginners &#8211; Indicado<\/strong><\/p>\n<p><iframe loading=\"lazy\" title=\"Aprenda a jogar: Saboteur\" width=\"500\" height=\"281\" src=\"https:\/\/www.youtube.com\/embed\/Od05_bMuuqY?feature=oembed\" frameborder=\"0\" allow=\"accelerometer; autoplay; clipboard-write; encrypted-media; gyroscope; picture-in-picture; web-share\" referrerpolicy=\"strict-origin-when-cross-origin\" allowfullscreen><\/iframe><\/p>\n<h2>Componentes:<\/h2>\n<ul>\n<li>1 Folheto de Regras<\/li>\n<li>110 Cartas (56 x 87 mm), sendo:<\/li>\n<li>&#8211; 44 Cartas de Caminho<\/li>\n<li>&#8211; 28 Cartas de Pepita<\/li>\n<li>&#8211; 27 Cartas de A\u00e7\u00e3o<\/li>\n<li>&#8211; 7 Cartas de Minerador<\/li>\n<li>&#8211; 4 Cartas de Sabotador<\/li>\n<\/ul>\n<h2>Regras para o aluguel:<\/h2>\n<ul>\n<li>O per\u00edodo de aluguel inclui a data de entrega e devolu\u00e7\u00e3o do jogo;<\/li>\n<li>O atraso na devolu\u00e7\u00e3o dos jogos, resultar\u00e1 em cobran\u00e7a adicional no valor de um aluguel di\u00e1rio por cada dia de atraso;<\/li>\n<li>Em caso de danos que comprometam a experi\u00eancia do jogo (perda ou avaria de componentes), o cliente dever\u00e1 arcar com os custos da reposi\u00e7\u00e3o dos componentes (quando dispon\u00edveis no mercado) ou aquisi\u00e7\u00e3o de um novo exemplar do jogo.<\/li>\n<\/ul>\n","protected":false},"excerpt":{"rendered":"<div class=\"woocommerce-product-details__short-description\">\n<p>O valor corresponde ao aluguel di\u00e1rio do jogo. Consulte as condi\u00e7\u00f5es abaixo.<\/p>\n<\/div>\n<div class=\"more-link-wrapper\"><a class=\"more-link\" href=\"https:\/\/cabanadoelfo.com.br\/loja\/jogo\/saboteur\/\">Read More<span class=\"screen-reader-text\">Saboteur<\/span><\/a><\/div>\n","protected":false},"featured_media":352,"comment_status":"open","ping_status":"closed","template":"","meta":[],"product_brand":[],"product_cat":[37],"product_tag":[],"class_list":{"0":"post-336","1":"product","2":"type-product","3":"status-publish","4":"has-post-thumbnail","6":"product_cat-jogo-de-cartas","7":"pa_complexidade-jogo-de-entrada","8":"pa_complexidade-jogos-familiares","9":"pa_complexidade-jogo-festivo","10":"pa_complexidade-jogos-infantis","11":"pa_designer-frederic-moyersoen","12":"pa_duracao-30-min","13":"pa_editora-papergames","14":"pa_estilo-atuacao","15":"pa_estilo-blefe","16":"pa_estilo-construcao-de-rotas","17":"pa_estilo-gestao-de-mao","18":"pa_estilo-jogo-em-equipe","19":"pa_estilo-toma-essa","20":"pa_idade-133","21":"pa_idioma-portugues","22":"pa_jogadores-3-a-10","23":"pa_modo-multijogador-semi-cooperativo","24":"pa_tema-fantasia","25":"pa_tema-investigacao","26":"entry","28":"first","29":"instock","30":"purchasable","31":"product-type-redq_rental"},"jetpack_sharing_enabled":true,"_links":{"self":[{"href":"https:\/\/cabanadoelfo.com.br\/loja\/wp-json\/wp\/v2\/product\/336","targetHints":{"allow":["GET"]}}],"collection":[{"href":"https:\/\/cabanadoelfo.com.br\/loja\/wp-json\/wp\/v2\/product"}],"about":[{"href":"https:\/\/cabanadoelfo.com.br\/loja\/wp-json\/wp\/v2\/types\/product"}],"replies":[{"embeddable":true,"href":"https:\/\/cabanadoelfo.com.br\/loja\/wp-json\/wp\/v2\/comments?post=336"}],"wp:featuredmedia":[{"embeddable":true,"href":"https:\/\/cabanadoelfo.com.br\/loja\/wp-json\/wp\/v2\/media\/352"}],"wp:attachment":[{"href":"https:\/\/cabanadoelfo.com.br\/loja\/wp-json\/wp\/v2\/media?parent=336"}],"wp:term":[{"taxonomy":"product_brand","embeddable":true,"href":"https:\/\/cabanadoelfo.com.br\/loja\/wp-json\/wp\/v2\/product_brand?post=336"},{"taxonomy":"product_cat","embeddable":true,"href":"https:\/\/cabanadoelfo.com.br\/loja\/wp-json\/wp\/v2\/product_cat?post=336"},{"taxonomy":"product_tag","embeddable":true,"href":"https:\/\/cabanadoelfo.com.br\/loja\/wp-json\/wp\/v2\/product_tag?post=336"}],"curies":[{"name":"wp","href":"https:\/\/api.w.org\/{rel}","templated":true}]}}