{"id":324,"date":"2020-11-24T15:44:06","date_gmt":"2020-11-24T18:44:06","guid":{"rendered":"https:\/\/cabanadoelfo.com.br\/loja\/?post_type=product&#038;p=324"},"modified":"2024-03-11T07:59:11","modified_gmt":"2024-03-11T10:59:11","slug":"quem-foi","status":"publish","type":"product","link":"https:\/\/cabanadoelfo.com.br\/loja\/jogo\/quem-foi\/","title":{"rendered":"Quem Foi?"},"content":{"rendered":"<p>Um grande coc\u00f4 foi encontrado no meio da sala! Um dos animais de estima\u00e7\u00e3o, seu ou dos outros jogadores, foi o respons\u00e1vel.<\/p>\n<p>Mas quem? Defenda a inoc\u00eancia dos seus bichinhos, livrando-se de todas as cartas da m\u00e3o. Encontre rapidamente sua carta, seja o primeiro a jog\u00e1-la na mesa, ent\u00e3o acuse outro animal!<\/p>\n<p>Para evitar ser o dono do animal culpado, aja r\u00e1pido e lembre-se de quais animais j\u00e1 foram inocentados!<\/p>\n<p>Um jogo competitivo que vai render muitas gargalhadas.<\/p>\n<h2>Componentes:<\/h2>\n<ul>\n<li>1 Folheto de Regras<\/li>\n<li>49 Cartas (58 x 88 mm)<\/li>\n<\/ul>\n<h2>Regras para o aluguel:<\/h2>\n<ul>\n<li>O per\u00edodo de aluguel inclui a data de entrega e devolu\u00e7\u00e3o do jogo;<\/li>\n<li>O atraso na devolu\u00e7\u00e3o dos jogos, resultar\u00e1 em cobran\u00e7a adicional no valor de um aluguel di\u00e1rio por cada dia de atraso;<\/li>\n<li>Em caso de danos que comprometam a experi\u00eancia do jogo (perda ou avaria de componentes), o cliente dever\u00e1 arcar com os custos da reposi\u00e7\u00e3o dos componentes (quando dispon\u00edveis no mercado) ou aquisi\u00e7\u00e3o de um novo exemplar do jogo.<\/li>\n<\/ul>\n","protected":false},"excerpt":{"rendered":"<div class=\"woocommerce-product-details__short-description\">\n<p>O valor corresponde ao aluguel di\u00e1rio do jogo. Consulte as condi\u00e7\u00f5es abaixo.<\/p>\n<\/div>\n<div class=\"more-link-wrapper\"><a class=\"more-link\" href=\"https:\/\/cabanadoelfo.com.br\/loja\/jogo\/quem-foi\/\">Read More<span class=\"screen-reader-text\">Quem Foi?<\/span><\/a><\/div>\n","protected":false},"featured_media":331,"comment_status":"open","ping_status":"closed","template":"","meta":[],"product_brand":[],"product_cat":[37],"product_tag":[],"class_list":{"0":"post-324","1":"product","2":"type-product","3":"status-publish","4":"has-post-thumbnail","6":"product_cat-jogo-de-cartas","7":"pa_complexidade-jogos-infantis","8":"pa_designer-jonathan-favre-godal","9":"pa_duracao-15-min","10":"pa_editora-papergames","11":"pa_estilo-gestao-de-mao","12":"pa_estilo-memoria","13":"pa_idade-50","14":"pa_idioma-portugues","15":"pa_jogadores-3-a-6","16":"pa_modo-multijogador-competitivo","17":"pa_tema-animais","18":"pa_tema-humor","19":"entry","21":"first","22":"instock","23":"purchasable","24":"product-type-redq_rental"},"jetpack_sharing_enabled":true,"_links":{"self":[{"href":"https:\/\/cabanadoelfo.com.br\/loja\/wp-json\/wp\/v2\/product\/324","targetHints":{"allow":["GET"]}}],"collection":[{"href":"https:\/\/cabanadoelfo.com.br\/loja\/wp-json\/wp\/v2\/product"}],"about":[{"href":"https:\/\/cabanadoelfo.com.br\/loja\/wp-json\/wp\/v2\/types\/product"}],"replies":[{"embeddable":true,"href":"https:\/\/cabanadoelfo.com.br\/loja\/wp-json\/wp\/v2\/comments?post=324"}],"wp:featuredmedia":[{"embeddable":true,"href":"https:\/\/cabanadoelfo.com.br\/loja\/wp-json\/wp\/v2\/media\/331"}],"wp:attachment":[{"href":"https:\/\/cabanadoelfo.com.br\/loja\/wp-json\/wp\/v2\/media?parent=324"}],"wp:term":[{"taxonomy":"product_brand","embeddable":true,"href":"https:\/\/cabanadoelfo.com.br\/loja\/wp-json\/wp\/v2\/product_brand?post=324"},{"taxonomy":"product_cat","embeddable":true,"href":"https:\/\/cabanadoelfo.com.br\/loja\/wp-json\/wp\/v2\/product_cat?post=324"},{"taxonomy":"product_tag","embeddable":true,"href":"https:\/\/cabanadoelfo.com.br\/loja\/wp-json\/wp\/v2\/product_tag?post=324"}],"curies":[{"name":"wp","href":"https:\/\/api.w.org\/{rel}","templated":true}]}}