{"id":316,"date":"2020-11-24T15:22:53","date_gmt":"2020-11-24T18:22:53","guid":{"rendered":"https:\/\/cabanadoelfo.com.br\/loja\/?post_type=product&#038;p=316"},"modified":"2024-03-11T07:59:21","modified_gmt":"2024-03-11T10:59:21","slug":"puerto-rico","status":"publish","type":"product","link":"https:\/\/cabanadoelfo.com.br\/loja\/jogo\/puerto-rico\/","title":{"rendered":"Puerto Rico"},"content":{"rendered":"<p>Em 1493 Crist\u00f3v\u00e3o Colombo descobriu a ilha mais oriental das Grandes Antilhas. Cerca de 50 anos depois, Puerto Rico come\u00e7ou realmente a florescer &#8211; atrav\u00e9s de voc\u00ea!<\/p>\n<p>Quais pap\u00e9is voc\u00ea vai desempenhar nesse Novo Mundo: Prefeito? Minerador? Comerciante? Produtor? Seja qual for, voc\u00ea tem um \u00fanico objetivo: alcan\u00e7ar a maior prosperidade e o mais alto prest\u00edgio!<\/p>\n<p>Os jogadores s\u00e3o propriet\u00e1rios de planta\u00e7\u00f5es em Porto Rico, nos tempos das grandes navega\u00e7\u00f5es. Crescendo com at\u00e9 cinco diferentes tipos de culturas (milho, \u00edndigo, tabaco, a\u00e7\u00facar e caf\u00e9), os jogadores devem tentar conduzir seus neg\u00f3cios de forma mais eficiente do que seus concorrentes mais pr\u00f3ximos: manter cultivo e armazenagem otimizados, desenvolver sua ilha com edif\u00edcios \u00fateis, utilizar a m\u00e3o-de-obra de colonos, vender suas colheitas no tempo certo, e, mais importante ainda, transportar suas mercadorias de volta para a Europa para o m\u00e1ximo ganho.<\/p>\n<p>O sistema de jogo permite aos jogadores escolher a ordem das fases em cada turno, permitindo que cada jogador escolha um papel (dentre as v\u00e1rias op\u00e7\u00f5es diferentes, existem por exemplo Prefeito, Construtor ou Capit\u00e3o). Nenhum papel pode ser selecionado duas vezes na mesma rodada. E \u00e9 exatamente essa uma das partes mais estrat\u00e9gicas do jogo: esta sele\u00e7\u00e3o dos melhores pap\u00e9is, que acabam permitindo avan\u00e7ar no jogo mais rapidamente, e na hora certa.<\/p>\n<p>Quem ter\u00e1 as planta\u00e7\u00f5es mais produtivas? Quem erguer\u00e1 as constru\u00e7\u00f5es mais impressionantes? E quem ganhar\u00e1 mais pontos de vit\u00f3ria?<\/p>\n<p>Nesse competitivo Novo Mundo cada jogador lutar\u00e1 para ser o que melhor se adapta a mudan\u00e7as, mas apenas o mais astuto terminar\u00e1 com mais pontos e vencer\u00e1 o jogo.<\/p>\n<p><strong>Vencedor do Pr\u00eamio Ludopedia Jogo do Ano 2015<\/strong><br \/>\n<strong>Vencedor do Pr\u00eamio Ludopedia Jogo do Ano Escolha do P\u00fablico 2015<\/strong><\/p>\n<h2>Componentes Jogo Base:<\/h2>\n<ul>\n<li>1 Livro de Regras<\/li>\n<li>1 Tabuleiro Central<\/li>\n<li>5 Tabuleiros de Ilha<\/li>\n<li>1 Cartela &#8220;Casa do Com\u00e9rcio&#8221;<\/li>\n<li>1 Cartela &#8220;Governador&#8221; (Ficha de Jogador Inicial)<\/li>\n<li>8 Cartelas de Fun\u00e7\u00e3o<\/li>\n<li>49 Fichas de Cidade<\/li>\n<li>58 Fichas de Campo<\/li>\n<li>100 Colonos<\/li>\n<li>50 Fichas de Pontos de Vit\u00f3ria<\/li>\n<li>54 Moedas<\/li>\n<\/ul>\n<h2>Componentes Expans\u00e3o I &#8211; Novas Constru\u00e7\u00f5es:<\/h2>\n<ul>\n<li>24 Constru\u00e7\u00f5es Beges e Pequenas (2 de cada tipo)<\/li>\n<li>2 Constru\u00e7\u00f5es Beges e Grandes<\/li>\n<\/ul>\n<h2>Componentes Expans\u00e3o II &#8211; Os Nobres:<\/h2>\n<ul>\n<li>12 Constru\u00e7\u00f5es Beges e Pequenas (2 de cada tipo)<\/li>\n<li>1 Constru\u00e7\u00e3o Bege e Grande<\/li>\n<li>2 Constru\u00e7\u00f5es Rosas e Pequenas<\/li>\n<li>20 Nobres<\/li>\n<\/ul>\n<h2>Componentes Especiais &#8211; Recursos em MDF:<\/h2>\n<ul>\n<li>1 Organizador Insert Bucaneiros<\/li>\n<li>50 Barris de Mercadorias<\/li>\n<li>6 Navios<\/li>\n<li>1 Casa do Com\u00e9rcio<\/li>\n<\/ul>\n<h2>Regras para o aluguel:<\/h2>\n<ul>\n<li>O per\u00edodo de aluguel inclui a data de entrega e devolu\u00e7\u00e3o do jogo;<\/li>\n<li>O atraso na devolu\u00e7\u00e3o dos jogos, resultar\u00e1 em cobran\u00e7a adicional no valor de um aluguel di\u00e1rio por cada dia de atraso;<\/li>\n<li>Em caso de danos que comprometam a experi\u00eancia do jogo (perda ou avaria de componentes), o cliente dever\u00e1 arcar com os custos da reposi\u00e7\u00e3o dos componentes (quando dispon\u00edveis no mercado) ou aquisi\u00e7\u00e3o de um novo exemplar do jogo.<\/li>\n<\/ul>\n","protected":false},"excerpt":{"rendered":"<div class=\"woocommerce-product-details__short-description\">\n<p>O valor corresponde ao aluguel di\u00e1rio do jogo. Consulte as condi\u00e7\u00f5es abaixo..<\/p>\n<p><strong>Inclui as Expans\u00f5es:<\/strong><\/p>\n<ul>\n<li><strong>Novas Constru\u00e7\u00f5es<\/strong><\/li>\n<li><strong>Os Nobres<\/strong><\/li>\n<\/ul>\n<\/div>\n<div class=\"more-link-wrapper\"><a class=\"more-link\" href=\"https:\/\/cabanadoelfo.com.br\/loja\/jogo\/puerto-rico\/\">Read More<span class=\"screen-reader-text\">Puerto Rico<\/span><\/a><\/div>\n","protected":false},"featured_media":317,"comment_status":"open","ping_status":"closed","template":"","meta":[],"product_brand":[],"product_cat":[15],"product_tag":[],"class_list":{"0":"post-316","1":"product","2":"type-product","3":"status-publish","4":"has-post-thumbnail","6":"product_cat-jogos-de-tabuleiro","7":"pa_complexidade-jogos-expert","8":"pa_designer-andreas-seyfarth","9":"pa_duracao-90-min","10":"pa_editora-grow","11":"pa_estilo-alocacao-de-trabalhadores","12":"pa_estilo-ordem-de-fases-variavel","13":"pa_idade-51","14":"pa_idioma-portugues","15":"pa_jogadores-2-a-5","16":"pa_modo-multijogador-competitivo","17":"pa_tema-economia-producao","18":"entry","20":"first","21":"instock","22":"purchasable","23":"product-type-redq_rental"},"jetpack_sharing_enabled":true,"_links":{"self":[{"href":"https:\/\/cabanadoelfo.com.br\/loja\/wp-json\/wp\/v2\/product\/316","targetHints":{"allow":["GET"]}}],"collection":[{"href":"https:\/\/cabanadoelfo.com.br\/loja\/wp-json\/wp\/v2\/product"}],"about":[{"href":"https:\/\/cabanadoelfo.com.br\/loja\/wp-json\/wp\/v2\/types\/product"}],"replies":[{"embeddable":true,"href":"https:\/\/cabanadoelfo.com.br\/loja\/wp-json\/wp\/v2\/comments?post=316"}],"wp:featuredmedia":[{"embeddable":true,"href":"https:\/\/cabanadoelfo.com.br\/loja\/wp-json\/wp\/v2\/media\/317"}],"wp:attachment":[{"href":"https:\/\/cabanadoelfo.com.br\/loja\/wp-json\/wp\/v2\/media?parent=316"}],"wp:term":[{"taxonomy":"product_brand","embeddable":true,"href":"https:\/\/cabanadoelfo.com.br\/loja\/wp-json\/wp\/v2\/product_brand?post=316"},{"taxonomy":"product_cat","embeddable":true,"href":"https:\/\/cabanadoelfo.com.br\/loja\/wp-json\/wp\/v2\/product_cat?post=316"},{"taxonomy":"product_tag","embeddable":true,"href":"https:\/\/cabanadoelfo.com.br\/loja\/wp-json\/wp\/v2\/product_tag?post=316"}],"curies":[{"name":"wp","href":"https:\/\/api.w.org\/{rel}","templated":true}]}}