{"id":309,"date":"2020-11-24T15:01:43","date_gmt":"2020-11-24T18:01:43","guid":{"rendered":"https:\/\/cabanadoelfo.com.br\/loja\/?post_type=product&#038;p=309"},"modified":"2025-10-22T21:40:18","modified_gmt":"2025-10-23T00:40:18","slug":"pandemic","status":"publish","type":"product","link":"https:\/\/cabanadoelfo.com.br\/loja\/jogo\/pandemic\/","title":{"rendered":"Pandemic"},"content":{"rendered":"<p>O tabuleiro do jogo mostra v\u00e1rios grandes centros populacionais na Terra. Em cada turno, um jogador pode utilizar at\u00e9 quatro a\u00e7\u00f5es para viajar entre cidades, tratar popula\u00e7\u00f5es infectadas, descobrir uma cura, ou construir uma esta\u00e7\u00e3o de pesquisa. Um baralho de cartas fornece habilidades aos jogadores, mas espalhados por este baralho est\u00e3o cartas de Epidemia! Estas cartas aceleram e intensificam a atividade das doen\u00e7as.<\/p>\n<p>Tomando um papel \u00fanico dentro da equipe, os jogadores devem planejar a sua estrat\u00e9gia para combinar suas for\u00e7as de especialistas, a fim de curar as doen\u00e7as. Se uma ou mais doen\u00e7as se espalha al\u00e9m da recupera\u00e7\u00e3o ou se decorrido muito tempo, todos os jogadores perdem. Se curar as quatro doen\u00e7as, todos eles ganham!<\/p>\n<p><iframe loading=\"lazy\" title=\"PANDEMIC - Regras completas\" width=\"500\" height=\"281\" src=\"https:\/\/www.youtube.com\/embed\/aGtO-XG7HT0?feature=oembed\" frameborder=\"0\" allow=\"accelerometer; autoplay; clipboard-write; encrypted-media; gyroscope; picture-in-picture; web-share\" referrerpolicy=\"strict-origin-when-cross-origin\" allowfullscreen><\/iframe><\/p>\n<h2>Componentes:<\/h2>\n<ul>\n<li>1 Tabuleiro<\/li>\n<li>7 Cartas de Fun\u00e7\u00e3o<\/li>\n<li>7 Pe\u00f5es<\/li>\n<li>6 Centros de Pesquisa<\/li>\n<li>1 Marcador de Velocidade de Infec\u00e7\u00e3o<\/li>\n<li>1 Marcador de Surtos<\/li>\n<li>4 Marcadores de Cura (1 de cada cor)<\/li>\n<li>96 Cubos de doen\u00e7a (24 de cada cor)<\/li>\n<li>4 Cartas de Refer\u00eancia<\/li>\n<li>48 Cartas de Infec\u00e7\u00e3o<\/li>\n<li>59 Cartas de Jogador (48 de Cidade, 6 de Epidemia, 5 de Evento)<\/li>\n<\/ul>\n<h2>Regras para o aluguel:<\/h2>\n<ul>\n<li>O per\u00edodo de aluguel inclui a data de entrega e devolu\u00e7\u00e3o do jogo;<\/li>\n<li>O atraso na devolu\u00e7\u00e3o dos jogos, resultar\u00e1 em cobran\u00e7a adicional no valor de um aluguel di\u00e1rio por cada dia de atraso;<\/li>\n<li>Em caso de danos que comprometam a experi\u00eancia do jogo (perda ou avaria de componentes), o cliente dever\u00e1 arcar com os custos da reposi\u00e7\u00e3o dos componentes (quando dispon\u00edveis no mercado) ou aquisi\u00e7\u00e3o de um novo exemplar do jogo.<\/li>\n<\/ul>\n<div id=\"gtx-trans\">\n<div class=\"gtx-trans-icon\"><\/div>\n<\/div>\n","protected":false},"excerpt":{"rendered":"<p>Em Pandemic, v\u00e1rias doen\u00e7as virulentas eclodiram simultaneamente em todo o mundo! Os jogadores combatem a doen\u00e7a, assumindo o papel de especialistas cuja miss\u00e3o \u00e9 tratar os focos enquanto pesquisa a cura para cada uma das quatro pragas.<\/p>\n<div class=\"more-link-wrapper\"><a class=\"more-link\" href=\"https:\/\/cabanadoelfo.com.br\/loja\/jogo\/pandemic\/\">Read More<span class=\"screen-reader-text\">Pandemic<\/span><\/a><\/div>\n","protected":false},"featured_media":311,"comment_status":"open","ping_status":"closed","template":"","meta":[],"product_brand":[],"product_cat":[15],"product_tag":[],"class_list":{"0":"post-309","1":"product","2":"type-product","3":"status-publish","4":"has-post-thumbnail","6":"product_cat-jogos-de-tabuleiro","7":"pa_complexidade-jogos-expert","8":"pa_designer-matt-leacock","9":"pa_duracao-60-min","10":"pa_editora-galapagos-jogos","11":"pa_estilo-colecionar-componentes","12":"pa_estilo-gestao-de-mao","13":"pa_estilo-jogadores-com-diferentes-habilidades","14":"pa_estilo-movimento-de-area","15":"pa_estilo-sistema-de-pontos-de-acao","16":"pa_idade-35","17":"pa_idioma-portugues","18":"pa_jogadores-2-a-4","19":"pa_modo-multijogador-cooperativo","20":"pa_tema-biologia","21":"pa_tema-ciencias","22":"entry","24":"first","25":"instock","26":"purchasable","27":"product-type-redq_rental"},"jetpack_sharing_enabled":true,"_links":{"self":[{"href":"https:\/\/cabanadoelfo.com.br\/loja\/wp-json\/wp\/v2\/product\/309","targetHints":{"allow":["GET"]}}],"collection":[{"href":"https:\/\/cabanadoelfo.com.br\/loja\/wp-json\/wp\/v2\/product"}],"about":[{"href":"https:\/\/cabanadoelfo.com.br\/loja\/wp-json\/wp\/v2\/types\/product"}],"replies":[{"embeddable":true,"href":"https:\/\/cabanadoelfo.com.br\/loja\/wp-json\/wp\/v2\/comments?post=309"}],"wp:featuredmedia":[{"embeddable":true,"href":"https:\/\/cabanadoelfo.com.br\/loja\/wp-json\/wp\/v2\/media\/311"}],"wp:attachment":[{"href":"https:\/\/cabanadoelfo.com.br\/loja\/wp-json\/wp\/v2\/media?parent=309"}],"wp:term":[{"taxonomy":"product_brand","embeddable":true,"href":"https:\/\/cabanadoelfo.com.br\/loja\/wp-json\/wp\/v2\/product_brand?post=309"},{"taxonomy":"product_cat","embeddable":true,"href":"https:\/\/cabanadoelfo.com.br\/loja\/wp-json\/wp\/v2\/product_cat?post=309"},{"taxonomy":"product_tag","embeddable":true,"href":"https:\/\/cabanadoelfo.com.br\/loja\/wp-json\/wp\/v2\/product_tag?post=309"}],"curies":[{"name":"wp","href":"https:\/\/api.w.org\/{rel}","templated":true}]}}