{"id":283,"date":"2020-11-22T18:35:13","date_gmt":"2020-11-22T21:35:13","guid":{"rendered":"https:\/\/bloopix.com.br\/cabt2\/loja\/?post_type=product&#038;p=283"},"modified":"2026-01-31T16:54:24","modified_gmt":"2026-01-31T19:54:24","slug":"nessos","status":"publish","type":"product","link":"https:\/\/cabanadoelfo.com.br\/loja\/jogo\/nessos\/","title":{"rendered":"Nessos"},"content":{"rendered":"<p>Em Nessos, incorporem her\u00f3is gregos que empregam criaturas mitol\u00f3gicas em \u00e2nforas sagradas para oferec\u00ea-las aos deuses. Se voc\u00ea capturar o suficiente, voc\u00ea alcan\u00e7ar\u00e1 o posto de Deus Escolhido! Mas cuidado&#8230; Caronte, o terr\u00edvel, vaga e vai por todos os meios tentar fazer voc\u00ea viajar s\u00f3 de ida para o inferno!<\/p>\n<p>Durante todo o jogo, os jogadores devem blefar para ganhar as cartas \u00c2nfora, que representam as criaturas mais interessantes.<\/p>\n<p>Quando chegar sua vez, ofere\u00e7a uma carta \u00c2nfora para outro jogador. Ele pode aceit\u00e1-lo ou recus\u00e1-lo, oferecendo-a a outro jogador. Colete cartas \u00c2nfora para ser o primeiro a alcan\u00e7ar o n\u00famero de pontos requeridos. Mas tenha cuidado, se voc\u00ea receber 3 cartas de Caronte, voc\u00ea perde a rodada.<\/p>\n<h2>Componentes:<\/h2>\n<ul>\n<li>1 Manual de Regras em Portugu\u00eas<\/li>\n<li>1 Manual de regras em Espanhol<\/li>\n<li>55 Cartas de \u00c2nfora<\/li>\n<\/ul>\n<h2>Regras para o aluguel:<\/h2>\n<ul>\n<li>O per\u00edodo de aluguel inclui a data de entrega e devolu\u00e7\u00e3o do jogo;<\/li>\n<li>O atraso na devolu\u00e7\u00e3o dos jogos, resultar\u00e1 em cobran\u00e7a adicional no valor de um aluguel di\u00e1rio por cada dia de atraso;<\/li>\n<li>Em caso de danos que comprometam a experi\u00eancia do jogo (perda ou avaria de componentes), o cliente dever\u00e1 arcar com os custos da reposi\u00e7\u00e3o dos componentes (quando dispon\u00edveis no mercado) ou aquisi\u00e7\u00e3o de um novo exemplar do jogo.<\/li>\n<\/ul>\n","protected":false},"excerpt":{"rendered":"<div class=\"woocommerce-product-details__short-description\">\n<p>O valor corresponde ao aluguel di\u00e1rio do jogo. Consulte as condi\u00e7\u00f5es abaixo.<\/p>\n<\/div>\n<div class=\"more-link-wrapper\"><a class=\"more-link\" href=\"https:\/\/cabanadoelfo.com.br\/loja\/jogo\/nessos\/\">Read More<span class=\"screen-reader-text\">Nessos<\/span><\/a><\/div>\n","protected":false},"featured_media":290,"comment_status":"open","ping_status":"closed","template":"","meta":[],"product_brand":[],"product_cat":[37],"product_tag":[],"class_list":{"0":"post-283","1":"product","2":"type-product","3":"status-publish","4":"has-post-thumbnail","6":"product_cat-jogo-de-cartas","7":"pa_complexidade-jogos-familiares","8":"pa_designer-takaaki-sayama","9":"pa_designer-toshiki-arao","10":"pa_duracao-20-min","11":"pa_editora-buro","12":"pa_estilo-blefe","13":"pa_estilo-deducao","14":"pa_estilo-eliminacao-de-jogadores","15":"pa_estilo-toma-essa","16":"pa_idade-133","17":"pa_idioma-portugues","18":"pa_jogadores-3-a-6","19":"pa_modo-multijogador-competitivo","20":"pa_tema-cultura","21":"pa_tema-mitologia","22":"entry","24":"first","25":"instock","26":"purchasable","27":"product-type-redq_rental"},"jetpack_sharing_enabled":true,"_links":{"self":[{"href":"https:\/\/cabanadoelfo.com.br\/loja\/wp-json\/wp\/v2\/product\/283","targetHints":{"allow":["GET"]}}],"collection":[{"href":"https:\/\/cabanadoelfo.com.br\/loja\/wp-json\/wp\/v2\/product"}],"about":[{"href":"https:\/\/cabanadoelfo.com.br\/loja\/wp-json\/wp\/v2\/types\/product"}],"replies":[{"embeddable":true,"href":"https:\/\/cabanadoelfo.com.br\/loja\/wp-json\/wp\/v2\/comments?post=283"}],"wp:featuredmedia":[{"embeddable":true,"href":"https:\/\/cabanadoelfo.com.br\/loja\/wp-json\/wp\/v2\/media\/290"}],"wp:attachment":[{"href":"https:\/\/cabanadoelfo.com.br\/loja\/wp-json\/wp\/v2\/media?parent=283"}],"wp:term":[{"taxonomy":"product_brand","embeddable":true,"href":"https:\/\/cabanadoelfo.com.br\/loja\/wp-json\/wp\/v2\/product_brand?post=283"},{"taxonomy":"product_cat","embeddable":true,"href":"https:\/\/cabanadoelfo.com.br\/loja\/wp-json\/wp\/v2\/product_cat?post=283"},{"taxonomy":"product_tag","embeddable":true,"href":"https:\/\/cabanadoelfo.com.br\/loja\/wp-json\/wp\/v2\/product_tag?post=283"}],"curies":[{"name":"wp","href":"https:\/\/api.w.org\/{rel}","templated":true}]}}