{"id":258,"date":"2020-11-22T13:30:42","date_gmt":"2020-11-22T16:30:42","guid":{"rendered":"https:\/\/bloopix.com.br\/cabt2\/loja\/?post_type=product&#038;p=258"},"modified":"2025-09-12T22:15:39","modified_gmt":"2025-09-13T01:15:39","slug":"kariba","status":"publish","type":"product","link":"https:\/\/cabanadoelfo.com.br\/loja\/jogo\/kariba\/","title":{"rendered":"Kariba"},"content":{"rendered":"<p>A \u00c1frica \u00e9 quente e a \u00e1gua \u00e9 escassa. Os animais querem encontrar uma po\u00e7a d\u2019\u00e1gua onde eles possam se refrescar. Claro, cada animal quer ser o primeiro a beber, ent\u00e3o o elefante espanta o rinoceronte e o rinoceronte espanta o camundongo.<\/p>\n<p>Mas \u00e9 sabido que elefantes t\u00eam medo de camundongos. Ent\u00e3o o pequeno camundongo espanta o elefante!<\/p>\n<p>Em Kariba os jogadores disputam espa\u00e7o e \u00e1gua para seus animais, afastando os mais fracos enquanto se refrescam, mas nem sempre \u00e9 o tamanho que conta!<\/p>\n<p>Do aclamado autor Reiner Knizia, com mais de 600 jogos publicados e vencedor de in\u00fameros pr\u00eamios.<\/p>\n<h2>Componentes:<\/h2>\n<ul>\n<li>1 Folheto de Regras<\/li>\n<li>1 Tabuleiro Desmont\u00e1vel<\/li>\n<li>65 Cartas (45 x 90 mm)\n<ul>\n<li>64 Cartas Base<\/li>\n<li>1 Carta Promo Camale\u00e3o<\/li>\n<\/ul>\n<\/li>\n<\/ul>\n<h2>Regras para o aluguel:<\/h2>\n<ul>\n<li>O per\u00edodo de aluguel inclui a data de entrega e devolu\u00e7\u00e3o do jogo;<\/li>\n<li>O atraso na devolu\u00e7\u00e3o dos jogos, resultar\u00e1 em cobran\u00e7a adicional no valor de um aluguel di\u00e1rio por cada dia de atraso;<\/li>\n<li>Em caso de danos que comprometam a experi\u00eancia do jogo (perda ou avaria de componentes), o cliente dever\u00e1 arcar com os custos da reposi\u00e7\u00e3o dos componentes (quando dispon\u00edveis no mercado) ou aquisi\u00e7\u00e3o de um novo exemplar do jogo.<\/li>\n<\/ul>\n","protected":false},"excerpt":{"rendered":"<div class=\"woocommerce-product-details__short-description\">\n<p>O valor corresponde ao aluguel di\u00e1rio do jogo. Consulte as condi\u00e7\u00f5es abaixo.<\/p>\n<\/div>\n<div class=\"more-link-wrapper\"><a class=\"more-link\" href=\"https:\/\/cabanadoelfo.com.br\/loja\/jogo\/kariba\/\">Read More<span class=\"screen-reader-text\">Kariba<\/span><\/a><\/div>\n","protected":false},"featured_media":259,"comment_status":"open","ping_status":"closed","template":"","meta":[],"product_brand":[],"product_cat":[37],"product_tag":[],"class_list":{"0":"post-258","1":"product","2":"type-product","3":"status-publish","4":"has-post-thumbnail","6":"product_cat-jogo-de-cartas","7":"pa_complexidade-jogo-de-entrada","8":"pa_complexidade-jogos-familiares","9":"pa_complexidade-jogos-infantis","10":"pa_designer-reiner-knizia","11":"pa_duracao-15-min","12":"pa_editora-papergames","13":"pa_estilo-colecionar-componentes","14":"pa_estilo-colocacao-de-pecas","15":"pa_estilo-gestao-de-mao","16":"pa_estilo-pedra-papel-e-tesoura","17":"pa_estilo-selecao-de-cartas","18":"pa_idade-133","19":"pa_idioma-portugues","20":"pa_jogadores-2-a-4","21":"pa_modo-multijogador-competitivo","22":"pa_tema-animais","23":"pa_tema-cultura-africana","24":"entry","26":"first","27":"instock","28":"purchasable","29":"product-type-redq_rental"},"jetpack_sharing_enabled":true,"_links":{"self":[{"href":"https:\/\/cabanadoelfo.com.br\/loja\/wp-json\/wp\/v2\/product\/258","targetHints":{"allow":["GET"]}}],"collection":[{"href":"https:\/\/cabanadoelfo.com.br\/loja\/wp-json\/wp\/v2\/product"}],"about":[{"href":"https:\/\/cabanadoelfo.com.br\/loja\/wp-json\/wp\/v2\/types\/product"}],"replies":[{"embeddable":true,"href":"https:\/\/cabanadoelfo.com.br\/loja\/wp-json\/wp\/v2\/comments?post=258"}],"wp:featuredmedia":[{"embeddable":true,"href":"https:\/\/cabanadoelfo.com.br\/loja\/wp-json\/wp\/v2\/media\/259"}],"wp:attachment":[{"href":"https:\/\/cabanadoelfo.com.br\/loja\/wp-json\/wp\/v2\/media?parent=258"}],"wp:term":[{"taxonomy":"product_brand","embeddable":true,"href":"https:\/\/cabanadoelfo.com.br\/loja\/wp-json\/wp\/v2\/product_brand?post=258"},{"taxonomy":"product_cat","embeddable":true,"href":"https:\/\/cabanadoelfo.com.br\/loja\/wp-json\/wp\/v2\/product_cat?post=258"},{"taxonomy":"product_tag","embeddable":true,"href":"https:\/\/cabanadoelfo.com.br\/loja\/wp-json\/wp\/v2\/product_tag?post=258"}],"curies":[{"name":"wp","href":"https:\/\/api.w.org\/{rel}","templated":true}]}}