{"id":2515,"date":"2025-04-16T19:16:30","date_gmt":"2025-04-16T22:16:30","guid":{"rendered":"https:\/\/cabanadoelfo.com.br\/loja\/?post_type=product&#038;p=2515"},"modified":"2026-02-16T09:55:39","modified_gmt":"2026-02-16T12:55:39","slug":"war-edicao-especial","status":"publish","type":"product","link":"https:\/\/cabanadoelfo.com.br\/loja\/jogo\/war-edicao-especial\/","title":{"rendered":"War: Edi\u00e7\u00e3o Especial"},"content":{"rendered":"<p>Sinta-se no papel de um verdadeiro general. Sorteie seu objetivo e defina a sua estrat\u00e9gia. Ataque na hora certa, defenda seus territ\u00f3rios e proteja suas fronteiras. Domine continentes inteiros, invada e conquiste os territ\u00f3rios advers\u00e1rios. Mas conhe\u00e7a bem o poder de suas tropas, pois, assim como nas grandes guerras, ataques mal planejados podem fazer grandes pot\u00eancias ca\u00edrem, enquanto ex\u00e9rcitos menores podem virar poderosos imp\u00e9rios se usarem a estrat\u00e9gia certa.<\/p>\n<h2>Componentes:<\/h2>\n<ul>\n<li>1 Manual de Regras<\/li>\n<li>1 Tabuleiro<\/li>\n<li>3 Dados Vermelhos<\/li>\n<li>3 Dados Amarelos<\/li>\n<li>5 Cartas de Resumo de Regras<\/li>\n<li>14 Cartas de Objetivo<\/li>\n<li>44 Cartas de Territ\u00f3rios<\/li>\n<li>6 Conjuntos de Ex\u00e9rcitos Contendo Cada:\n<ul>\n<li>10 Tanques<\/li>\n<li>70 Soldados<\/li>\n<\/ul>\n<\/li>\n<li>6 Caixas Pl\u00e1sticas com Tampas;<\/li>\n<\/ul>\n<h2>Regras para o aluguel:<\/h2>\n<ul>\n<li>O per\u00edodo de aluguel inclui a data de entrega e devolu\u00e7\u00e3o do jogo;<\/li>\n<li>O atraso na devolu\u00e7\u00e3o dos jogos, resultar\u00e1 em cobran\u00e7a adicional no valor de um aluguel di\u00e1rio por cada dia de atraso;<\/li>\n<li>Em caso de danos que comprometam a experi\u00eancia do jogo (perda ou avaria de componentes), o cliente dever\u00e1 arcar com os custos da reposi\u00e7\u00e3o dos componentes (quando dispon\u00edveis no mercado) ou aquisi\u00e7\u00e3o de um novo exemplar do jogo.<\/li>\n<\/ul>\n","protected":false},"excerpt":{"rendered":"<div class=\"woocommerce-product-details__short-description\">\n<p>O cl\u00e1ssico jogo de estrat\u00e9gia, em vers\u00e3o de luxo! Jogue com miniaturas de soldados e tanques representando os ex\u00e9rcitos em uma tabuleiro maior. O jogo ficou muito mais real!<\/p>\n<\/div>\n<div class=\"more-link-wrapper\"><a class=\"more-link\" href=\"https:\/\/cabanadoelfo.com.br\/loja\/jogo\/war-edicao-especial\/\">Read More<span class=\"screen-reader-text\">War: Edi\u00e7\u00e3o Especial<\/span><\/a><\/div>\n","protected":false},"featured_media":2516,"comment_status":"open","ping_status":"closed","template":"","meta":[],"product_brand":[],"product_cat":[37,86,15],"product_tag":[],"class_list":{"0":"post-2515","1":"product","2":"type-product","3":"status-publish","4":"has-post-thumbnail","6":"product_cat-jogo-de-cartas","7":"product_cat-jogo-de-dados","8":"product_cat-jogos-de-tabuleiro","9":"pa_complexidade-jogo-de-entrada","10":"pa_complexidade-jogos-expert","11":"pa_designer-albert-lamorisse","12":"pa_duracao-120-min","13":"pa_editora-grow","14":"pa_estilo-controle-influencia-de-area","15":"pa_estilo-movimento-de-area","16":"pa_estilo-rolagem-de-dados","17":"pa_idade-35","18":"pa_idioma-portugues","19":"pa_jogadores-3-a-6","20":"pa_modo-multijogador-competitivo","21":"pa_tema-jogos-de-guerra","22":"entry","24":"first","25":"instock","26":"purchasable","27":"product-type-redq_rental"},"jetpack_sharing_enabled":true,"_links":{"self":[{"href":"https:\/\/cabanadoelfo.com.br\/loja\/wp-json\/wp\/v2\/product\/2515","targetHints":{"allow":["GET"]}}],"collection":[{"href":"https:\/\/cabanadoelfo.com.br\/loja\/wp-json\/wp\/v2\/product"}],"about":[{"href":"https:\/\/cabanadoelfo.com.br\/loja\/wp-json\/wp\/v2\/types\/product"}],"replies":[{"embeddable":true,"href":"https:\/\/cabanadoelfo.com.br\/loja\/wp-json\/wp\/v2\/comments?post=2515"}],"wp:featuredmedia":[{"embeddable":true,"href":"https:\/\/cabanadoelfo.com.br\/loja\/wp-json\/wp\/v2\/media\/2516"}],"wp:attachment":[{"href":"https:\/\/cabanadoelfo.com.br\/loja\/wp-json\/wp\/v2\/media?parent=2515"}],"wp:term":[{"taxonomy":"product_brand","embeddable":true,"href":"https:\/\/cabanadoelfo.com.br\/loja\/wp-json\/wp\/v2\/product_brand?post=2515"},{"taxonomy":"product_cat","embeddable":true,"href":"https:\/\/cabanadoelfo.com.br\/loja\/wp-json\/wp\/v2\/product_cat?post=2515"},{"taxonomy":"product_tag","embeddable":true,"href":"https:\/\/cabanadoelfo.com.br\/loja\/wp-json\/wp\/v2\/product_tag?post=2515"}],"curies":[{"name":"wp","href":"https:\/\/api.w.org\/{rel}","templated":true}]}}