{"id":2510,"date":"2025-04-16T18:56:50","date_gmt":"2025-04-16T21:56:50","guid":{"rendered":"https:\/\/cabanadoelfo.com.br\/loja\/?post_type=product&#038;p=2510"},"modified":"2026-04-02T18:52:57","modified_gmt":"2026-04-02T21:52:57","slug":"jenga","status":"publish","type":"product","link":"https:\/\/cabanadoelfo.com.br\/loja\/jogo\/jenga\/","title":{"rendered":"Jenga"},"content":{"rendered":"<p>Um jogo de estrat\u00e9gia e movimentos precisos! Sua habilidade e destreza ser\u00e3o testadas a cada rodada! Passando os blocos da base para o topo a torre vai ficando cada vez mais alta e inst\u00e1vel&#8230; \u00e9 preciso muito cuidado para ela n\u00e3o desabar!<\/p>\n<h2>Componentes:<\/h2>\n<ul>\n<li>1 Guia de Empilhamento com Instru\u00e7\u00f5es<\/li>\n<li>54 Blocos de Madeira<\/li>\n<\/ul>\n<h2>Regras para o aluguel:<\/h2>\n<ul>\n<li>O per\u00edodo de aluguel inclui a data de entrega e devolu\u00e7\u00e3o do jogo;<\/li>\n<li>O atraso na devolu\u00e7\u00e3o dos jogos, resultar\u00e1 em cobran\u00e7a adicional no valor de um aluguel di\u00e1rio por cada dia de atraso;<\/li>\n<li>Em caso de danos que comprometam a experi\u00eancia do jogo (perda ou avaria de componentes), o cliente dever\u00e1 arcar com os custos da reposi\u00e7\u00e3o dos componentes (quando dispon\u00edveis no mercado) ou aquisi\u00e7\u00e3o de um novo exemplar do jogo.<\/li>\n<\/ul>\n","protected":false},"excerpt":{"rendered":"<div class=\"woocommerce-product-details__short-description\">\n<p>\u00c9 o jogo de blocos de madeira original que as fam\u00edlias amam h\u00e1 gera\u00e7\u00f5es. Puxe um bloco, coloque em cima, mas n\u00e3o deixe a torre cair!<\/p>\n<\/div>\n<div class=\"more-link-wrapper\"><a class=\"more-link\" href=\"https:\/\/cabanadoelfo.com.br\/loja\/jogo\/jenga\/\">Read More<span class=\"screen-reader-text\">Jenga<\/span><\/a><\/div>\n","protected":false},"featured_media":2511,"comment_status":"open","ping_status":"closed","template":"","meta":[],"product_brand":[],"product_cat":[393],"product_tag":[],"class_list":{"0":"post-2510","1":"product","2":"type-product","3":"status-publish","4":"has-post-thumbnail","6":"product_cat-jogos-de-blocos","7":"pa_complexidade-jogo-de-entrada","8":"pa_complexidade-jogos-familiares","9":"pa_complexidade-jogos-infantis","10":"pa_designer-leslie-scott","11":"pa_duracao-20-min","12":"pa_editora-hasbro-gaming","13":"pa_estilo-colocacao-de-pecas","14":"pa_estilo-construcao-a-partir-de-modelo","15":"pa_estilo-eliminacao-de-jogadores","16":"pa_estilo-empilhar-e-equilibrar","17":"pa_estilo-force-sua-sorte","18":"pa_idade-50","19":"pa_idioma-espanhol","20":"pa_idioma-ingles","21":"pa_idioma-portugues","22":"pa_jogadores-2-a-8","23":"pa_modo-multijogador-competitivo","24":"pa_tema-educativo","25":"pa_tema-humor","26":"entry","28":"first","29":"instock","30":"purchasable","31":"product-type-redq_rental"},"jetpack_sharing_enabled":true,"_links":{"self":[{"href":"https:\/\/cabanadoelfo.com.br\/loja\/wp-json\/wp\/v2\/product\/2510","targetHints":{"allow":["GET"]}}],"collection":[{"href":"https:\/\/cabanadoelfo.com.br\/loja\/wp-json\/wp\/v2\/product"}],"about":[{"href":"https:\/\/cabanadoelfo.com.br\/loja\/wp-json\/wp\/v2\/types\/product"}],"replies":[{"embeddable":true,"href":"https:\/\/cabanadoelfo.com.br\/loja\/wp-json\/wp\/v2\/comments?post=2510"}],"wp:featuredmedia":[{"embeddable":true,"href":"https:\/\/cabanadoelfo.com.br\/loja\/wp-json\/wp\/v2\/media\/2511"}],"wp:attachment":[{"href":"https:\/\/cabanadoelfo.com.br\/loja\/wp-json\/wp\/v2\/media?parent=2510"}],"wp:term":[{"taxonomy":"product_brand","embeddable":true,"href":"https:\/\/cabanadoelfo.com.br\/loja\/wp-json\/wp\/v2\/product_brand?post=2510"},{"taxonomy":"product_cat","embeddable":true,"href":"https:\/\/cabanadoelfo.com.br\/loja\/wp-json\/wp\/v2\/product_cat?post=2510"},{"taxonomy":"product_tag","embeddable":true,"href":"https:\/\/cabanadoelfo.com.br\/loja\/wp-json\/wp\/v2\/product_tag?post=2510"}],"curies":[{"name":"wp","href":"https:\/\/api.w.org\/{rel}","templated":true}]}}