{"id":246,"date":"2020-11-22T13:00:54","date_gmt":"2020-11-22T16:00:54","guid":{"rendered":"https:\/\/bloopix.com.br\/cabt2\/loja\/?post_type=product&#038;p=246"},"modified":"2024-03-11T08:01:11","modified_gmt":"2024-03-11T11:01:11","slug":"imperial-settlers","status":"publish","type":"product","link":"https:\/\/cabanadoelfo.com.br\/loja\/jogo\/imperial-settlers\/","title":{"rendered":"Imperial Settlers"},"content":{"rendered":"<p>Quatro civiliza\u00e7\u00f5es descobrem novas terras cheias de recursos e oportunidades. B\u00e1rbaros, Eg\u00edpcios, Romanos e Japoneses &#8211; todos enviam seus colonizadores para expandir seus imp\u00e9rios.<\/p>\n<p>Rapidamente a regi\u00e3o fica pequena demais para todos e a guerra come\u00e7a!<\/p>\n<p>Imperial Settlers \u00e9 um card game competitivo onde cada jogador controla uma de quatro grandes civiliza\u00e7\u00f5es. S\u00e3o cinco rodadas para explorar novas terras, erguer constru\u00e7\u00f5es, produzir e trocar recursos, sobrepujar inimigos e marcar pontos de vit\u00f3ria.<\/p>\n<p>Os colonizadores j\u00e1 est\u00e3o a caminho. Lidere-os para a vit\u00f3ria!<\/p>\n<h2>Componentes:<\/h2>\n<ul>\n<li>1 Livreto de Regras<\/li>\n<li>4 Tabuleiros de Fac\u00e7\u00e3o<\/li>\n<li>1 Tabuleiro de Pontua\u00e7\u00e3o<\/li>\n<li>4 Marcadores de Fac\u00e7\u00e3o<\/li>\n<li>1 Marcador de Rodada<\/li>\n<li>1 Marcador de Jogador Inicial<\/li>\n<li>4 Fichas Eg\u00edpcias<\/li>\n<li>6 Fichas Multiplicadoras<\/li>\n<li>10 Fichas de Defesa<\/li>\n<li>18 Fichas de Pilhagem<\/li>\n<li>24 Fichas de Ouro<\/li>\n<li>16 Cartas de Ataque<\/li>\n<li>84 Cartas Comuns<\/li>\n<li>120 Cartas de Fac\u00e7\u00e3o (30 de cada)<\/li>\n<li>32 Marcadores de Comidas<\/li>\n<li>32 Marcadores de Pedras<\/li>\n<li>32 Marcadores de Madeira<\/li>\n<li>40 Marcadores de Trabalhadores<\/li>\n<\/ul>\n<h2>Regras para o aluguel:<\/h2>\n<ul>\n<li>O per\u00edodo de aluguel inclui a data de entrega e devolu\u00e7\u00e3o do jogo;<\/li>\n<li>O atraso na devolu\u00e7\u00e3o dos jogos, resultar\u00e1 em cobran\u00e7a adicional no valor de um aluguel di\u00e1rio por cada dia de atraso;<\/li>\n<li>Em caso de danos que comprometam a experi\u00eancia do jogo (perda ou avaria de componentes), o cliente dever\u00e1 arcar com os custos da reposi\u00e7\u00e3o dos componentes (quando dispon\u00edveis no mercado) ou aquisi\u00e7\u00e3o de um novo exemplar do jogo.<\/li>\n<\/ul>\n","protected":false},"excerpt":{"rendered":"<div class=\"woocommerce-product-details__short-description\">\n<p>O valor corresponde ao aluguel di\u00e1rio do jogo. Consulte as condi\u00e7\u00f5es abaixo.<\/p>\n<\/div>\n<div class=\"more-link-wrapper\"><a class=\"more-link\" href=\"https:\/\/cabanadoelfo.com.br\/loja\/jogo\/imperial-settlers\/\">Read More<span class=\"screen-reader-text\">Imperial Settlers<\/span><\/a><\/div>\n","protected":false},"featured_media":247,"comment_status":"open","ping_status":"closed","template":"","meta":[],"product_brand":[],"product_cat":[37],"product_tag":[],"class_list":{"0":"post-246","1":"product","2":"type-product","3":"status-publish","4":"has-post-thumbnail","6":"product_cat-jogo-de-cartas","7":"pa_complexidade-jogos-expert","8":"pa_designer-ignacy-trzewiczek","9":"pa_duracao-60-min","10":"pa_editora-funbox-jogos","11":"pa_estilo-gestao-de-mao","12":"pa_estilo-jogadores-com-diferentes-habilidades","13":"pa_estilo-selecao-de-cartas","14":"pa_estilo-toma-essa","15":"pa_idade-61","16":"pa_idioma-portugues","17":"pa_jogadores-1-a-4","18":"pa_modo-multijogador-competitivo","19":"pa_tema-civilizacao","20":"pa_tema-economia-producao","21":"pa_tema-historia","22":"entry","24":"first","25":"instock","26":"purchasable","27":"product-type-redq_rental"},"jetpack_sharing_enabled":true,"_links":{"self":[{"href":"https:\/\/cabanadoelfo.com.br\/loja\/wp-json\/wp\/v2\/product\/246","targetHints":{"allow":["GET"]}}],"collection":[{"href":"https:\/\/cabanadoelfo.com.br\/loja\/wp-json\/wp\/v2\/product"}],"about":[{"href":"https:\/\/cabanadoelfo.com.br\/loja\/wp-json\/wp\/v2\/types\/product"}],"replies":[{"embeddable":true,"href":"https:\/\/cabanadoelfo.com.br\/loja\/wp-json\/wp\/v2\/comments?post=246"}],"wp:featuredmedia":[{"embeddable":true,"href":"https:\/\/cabanadoelfo.com.br\/loja\/wp-json\/wp\/v2\/media\/247"}],"wp:attachment":[{"href":"https:\/\/cabanadoelfo.com.br\/loja\/wp-json\/wp\/v2\/media?parent=246"}],"wp:term":[{"taxonomy":"product_brand","embeddable":true,"href":"https:\/\/cabanadoelfo.com.br\/loja\/wp-json\/wp\/v2\/product_brand?post=246"},{"taxonomy":"product_cat","embeddable":true,"href":"https:\/\/cabanadoelfo.com.br\/loja\/wp-json\/wp\/v2\/product_cat?post=246"},{"taxonomy":"product_tag","embeddable":true,"href":"https:\/\/cabanadoelfo.com.br\/loja\/wp-json\/wp\/v2\/product_tag?post=246"}],"curies":[{"name":"wp","href":"https:\/\/api.w.org\/{rel}","templated":true}]}}