{"id":2410,"date":"2025-01-27T17:42:28","date_gmt":"2025-01-27T20:42:28","guid":{"rendered":"https:\/\/cabanadoelfo.com.br\/loja\/?post_type=product&#038;p=2410"},"modified":"2026-02-17T08:29:16","modified_gmt":"2026-02-17T11:29:16","slug":"rick-and-morty-total-rickall","status":"publish","type":"product","link":"https:\/\/cabanadoelfo.com.br\/loja\/jogo\/rick-and-morty-total-rickall\/","title":{"rendered":"Rick and Morty: Total Rickall"},"content":{"rendered":"<p>Vamos ao contexto: Rick trancou a fam\u00edlia dentro da casa, pois ela foi invadida por parasitas disfar\u00e7ados de familiares e amigos. Esses parasitas implantaram mem\u00f3rias agrad\u00e1veis nas mentes de todos, fazendo-os acreditar que s\u00e3o reais e se multiplicarem. E adivinhe s\u00f3? Mais parasitas continuam aparecendo! Agora, cabe aos jogadores descobrir quais dos personagens malucos s\u00e3o reais e quais s\u00e3o parasitas, a fim de extermin\u00e1-los. Ser\u00e1 que voc\u00ea tem o que \u00e9 preciso para salvar o mundo?<\/p>\n<p>O jogo oferece um modo cooperativo normal para 2 a 5 jogadores, onde todos trabalham juntos para identificar e eliminar os parasitas antes que seja tarde demais. Al\u00e9m disso, existe um modo avan\u00e7ado com Fun\u00e7\u00f5es\/Pap\u00e9is Escondidos para 3 a 5 jogadores, onde cada um recebe um papel secreto. Nesse modo, os parasitas t\u00eam seus pr\u00f3prios objetivos, e a dedu\u00e7\u00e3o e a estrat\u00e9gia s\u00e3o essenciais para descobrir quem \u00e9 quem e alcan\u00e7ar os objetivos individuais.<\/p>\n<p>Rick and Morty: Total Rickall proporciona uma experi\u00eancia envolvente e ca\u00f3tica, permitindo que os jogadores mergulhem no universo \u00fanico e imprevis\u00edvel de Rick and Morty. Com suas mem\u00f3rias falsas, personagens malucos e reviravoltas emocionantes, este jogo \u00e9 perfeito tanto para os f\u00e3s da s\u00e9rie quanto para qualquer pessoa em busca de uma experi\u00eancia divertida e desafiadora. Portanto, prepare-se para risadas e surpresas enquanto embarca nessa aventura alucinante!<\/p>\n<p><iframe loading=\"lazy\" title=\"Rick and Morty: Total Rickall - Como Jogar ?\" width=\"500\" height=\"281\" src=\"https:\/\/www.youtube.com\/embed\/0A2C9lzPqd4?feature=oembed\" frameborder=\"0\" allow=\"accelerometer; autoplay; clipboard-write; encrypted-media; gyroscope; picture-in-picture; web-share\" referrerpolicy=\"strict-origin-when-cross-origin\" allowfullscreen><\/iframe><\/p>\n<h2>Componentes:<\/h2>\n<ul>\n<li>1 Manual de Regras<\/li>\n<li>1 Carta de Primeiro Jogador<\/li>\n<li>24 Cartas de Personagem<\/li>\n<li>30 Cartas de Identidade<\/li>\n<li>60 Cartas de A\u00e7\u00e3o<\/li>\n<\/ul>\n<h2>Regras para o aluguel:<\/h2>\n<ul>\n<li>O per\u00edodo de aluguel inclui a data de entrega e devolu\u00e7\u00e3o do jogo;<\/li>\n<li>O atraso na devolu\u00e7\u00e3o dos jogos, resultar\u00e1 em cobran\u00e7a adicional no valor de um aluguel di\u00e1rio por cada dia de atraso;<\/li>\n<li>Em caso de danos que comprometam a experi\u00eancia do jogo (perda ou avaria de componentes), o cliente dever\u00e1 arcar com os custos da reposi\u00e7\u00e3o dos componentes (quando dispon\u00edveis no mercado) ou aquisi\u00e7\u00e3o de um novo exemplar do jogo.<\/li>\n<\/ul>\n","protected":false},"excerpt":{"rendered":"<div class=\"woocommerce-product-details__short-description\">\n<p>Rick and Morty: Total Rickall \u00e9 um jogo de cartas divertido e emocionante baseado no epis\u00f3dio de mesmo nome da s\u00e9rie Rick and Morty. Se voc\u00ea ainda n\u00e3o assistiu, n\u00e3o se preocupe! Voc\u00ea ainda pode se divertir muito com esse jogo louco e cheio de surpresas. No entanto, eu recomendaria dar uma chance \u00e0 s\u00e9rie tamb\u00e9m, porque \u00e9 simplesmente hil\u00e1ria! Portanto, n\u00e3o seja um Jerry e embarque nessa jornada.<\/p>\n<\/div>\n<div class=\"more-link-wrapper\"><a class=\"more-link\" href=\"https:\/\/cabanadoelfo.com.br\/loja\/jogo\/rick-and-morty-total-rickall\/\">Read More<span class=\"screen-reader-text\">Rick and Morty: Total Rickall<\/span><\/a><\/div>\n","protected":false},"featured_media":2411,"comment_status":"open","ping_status":"closed","template":"","meta":[],"product_brand":[],"product_cat":[37],"product_tag":[],"class_list":{"0":"post-2410","1":"product","2":"type-product","3":"status-publish","4":"has-post-thumbnail","6":"product_cat-jogo-de-cartas","7":"pa_complexidade-jogo-de-entrada","8":"pa_complexidade-jogo-festivo","9":"pa_designer-matt-hyra","10":"pa_duracao-30-min","11":"pa_editora-galapagos-jogos","12":"pa_estilo-apostas","13":"pa_estilo-blefe","14":"pa_estilo-controle-influencia-de-area","15":"pa_estilo-deducao","16":"pa_estilo-gerenciamento-de-maos","17":"pa_estilo-memoria","18":"pa_estilo-papeis-ocultos","19":"pa_estilo-posicionamento-secreto","20":"pa_estilo-tabuleiro-modular","21":"pa_estilo-traidor","22":"pa_idade-505","23":"pa_idioma-portugues","24":"pa_jogadores-2-a-5","25":"pa_modo-multijogador-cooperativo","26":"pa_tema-cultura-pop-ou-geek","27":"pa_tema-ficcao-cientifica","28":"pa_tema-humor","29":"entry","31":"first","32":"instock","33":"purchasable","34":"product-type-redq_rental"},"jetpack_sharing_enabled":true,"_links":{"self":[{"href":"https:\/\/cabanadoelfo.com.br\/loja\/wp-json\/wp\/v2\/product\/2410","targetHints":{"allow":["GET"]}}],"collection":[{"href":"https:\/\/cabanadoelfo.com.br\/loja\/wp-json\/wp\/v2\/product"}],"about":[{"href":"https:\/\/cabanadoelfo.com.br\/loja\/wp-json\/wp\/v2\/types\/product"}],"replies":[{"embeddable":true,"href":"https:\/\/cabanadoelfo.com.br\/loja\/wp-json\/wp\/v2\/comments?post=2410"}],"wp:featuredmedia":[{"embeddable":true,"href":"https:\/\/cabanadoelfo.com.br\/loja\/wp-json\/wp\/v2\/media\/2411"}],"wp:attachment":[{"href":"https:\/\/cabanadoelfo.com.br\/loja\/wp-json\/wp\/v2\/media?parent=2410"}],"wp:term":[{"taxonomy":"product_brand","embeddable":true,"href":"https:\/\/cabanadoelfo.com.br\/loja\/wp-json\/wp\/v2\/product_brand?post=2410"},{"taxonomy":"product_cat","embeddable":true,"href":"https:\/\/cabanadoelfo.com.br\/loja\/wp-json\/wp\/v2\/product_cat?post=2410"},{"taxonomy":"product_tag","embeddable":true,"href":"https:\/\/cabanadoelfo.com.br\/loja\/wp-json\/wp\/v2\/product_tag?post=2410"}],"curies":[{"name":"wp","href":"https:\/\/api.w.org\/{rel}","templated":true}]}}