{"id":2402,"date":"2025-01-27T17:18:19","date_gmt":"2025-01-27T20:18:19","guid":{"rendered":"https:\/\/cabanadoelfo.com.br\/loja\/?post_type=product&#038;p=2402"},"modified":"2026-04-20T20:59:07","modified_gmt":"2026-04-20T23:59:07","slug":"glifos","status":"publish","type":"product","link":"https:\/\/cabanadoelfo.com.br\/loja\/jogo\/glifos\/","title":{"rendered":"Glifos"},"content":{"rendered":"<p>&#8211; UM JOGO DE MEM\u00d3RIA COM O TOQUE DOS FARA\u00d3S! Glifos eleva o cl\u00e1ssico jogo de mem\u00f3ria a novas alturas, combinando as posi\u00e7\u00f5es dos hier\u00f3glifos e suas cores para desafiar as mentes mais agu\u00e7adas!<\/p>\n<p>&#8211; RELAXANTE E PARA TODAS AS OCASI\u00d5ES! Desafie sua fam\u00edlia e amigos para ver quem \u00e9 o verdadeiro mestre do Antigo Egito! Experimente jogar sozinho ou no modo cooperativo para todos juntos desvendarem os segredos dos fara\u00f3s!<\/p>\n<p>&#8211; VEN\u00c7A E N\u00c3O DEIXE VENCER! Um lapso de mem\u00f3ria pode se tornar a oportunidade de ouro para o seu advers\u00e1rio. Esteja pronto para cada reviravolta do destino!<\/p>\n<p>&#8211; UM JOGO PARA TODOS OS EXPLORADORES! Para todas as idades, com regras f\u00e1ceis de explicar e partidas de 10 minutos, Glifos \u00e9 uma expedi\u00e7\u00e3o que todos podem embarcar, descobrindo juntos os segredos do Antigo Egito.<\/p>\n<p>&#8211; MAIS UM SUCESSO DA LINHA MICRO! A linha de jogos que n\u00e3o pesa no seu bolso! (literalmente).<\/p>\n<ul>\n<li>Os jogos da Linha Micro s\u00e3o\u00a0<strong>pequenos e leves<\/strong>\u00a0com caixas que possuem a espessura de um l\u00e1pis e pesam 40g.<\/li>\n<li>S\u00e3o jogos de\u00a0<strong>autores internacionais e artistas renomados<\/strong>.<\/li>\n<li>Al\u00e9m de divertidos, s\u00e3o\u00a0<strong>jogos r\u00e1pidos e f\u00e1ceis de aprender<\/strong>.<\/li>\n<\/ul>\n<p><iframe loading=\"lazy\" title=\"Glifos  - Regras - Aprenda em Minutos\" width=\"500\" height=\"281\" src=\"https:\/\/www.youtube.com\/embed\/SsN7lgqM0GM?feature=oembed\" frameborder=\"0\" allow=\"accelerometer; autoplay; clipboard-write; encrypted-media; gyroscope; picture-in-picture; web-share\" referrerpolicy=\"strict-origin-when-cross-origin\" allowfullscreen><\/iframe><\/p>\n<h2>Componentes:<\/h2>\n<ul>\n<li>1 Folheto de Regras<\/li>\n<li>24 Cartas de hier\u00f3glifos<\/li>\n<\/ul>\n<h2>Regras para o aluguel:<\/h2>\n<ul>\n<li>O per\u00edodo de aluguel inclui a data de entrega e devolu\u00e7\u00e3o do jogo;<\/li>\n<li>O atraso na devolu\u00e7\u00e3o dos jogos, resultar\u00e1 em cobran\u00e7a adicional no valor de um aluguel di\u00e1rio por cada dia de atraso;<\/li>\n<li>Em caso de danos que comprometam a experi\u00eancia do jogo (perda ou avaria de componentes), o cliente dever\u00e1 arcar com os custos da reposi\u00e7\u00e3o dos componentes (quando dispon\u00edveis no mercado) ou aquisi\u00e7\u00e3o de um novo exemplar do jogo.<\/li>\n<\/ul>\n","protected":false},"excerpt":{"rendered":"<div class=\"woocommerce-product-details__short-description\">\n<p>Decifre os\u00a0<strong>mist\u00e9rios<\/strong>\u00a0do Egito Antigo em\u00a0<strong>Glifos<\/strong>! Desafie sua\u00a0<strong>mem\u00f3ria<\/strong>\u00a0e revele segredos ancestrais ao\u00a0<strong>combinar formas e cores dos hier\u00f3glifos<\/strong>\u00a0esquecidos. E n\u00e3o \u00e9 apenas sobre lembrar \u2013 sua\u00a0<strong>aten\u00e7\u00e3o aos detalhes<\/strong>\u00a0s\u00e3o cruciais para assegurar que os tesouros de eras passadas n\u00e3o desapare\u00e7am nas areias do tempo.<\/p>\n<p>Voc\u00ea consegue\u00a0<strong>desvendar os s\u00edmbolos<\/strong>\u00a0ocultos e alcan\u00e7ar a\u00a0<strong>sabedoria dos fara\u00f3s<\/strong>?<\/p>\n<p><b>Glifos\u00a0<\/b>\u00e9 mais um jogo da\u00a0<strong>Linha Micro<\/strong>\u00a0assinado pelo aclamado autor Reiner Knizia.<\/p>\n<\/div>\n<div class=\"more-link-wrapper\"><a class=\"more-link\" href=\"https:\/\/cabanadoelfo.com.br\/loja\/jogo\/glifos\/\">Read More<span class=\"screen-reader-text\">Glifos<\/span><\/a><\/div>\n","protected":false},"featured_media":2408,"comment_status":"open","ping_status":"closed","template":"","meta":[],"product_brand":[],"product_cat":[37],"product_tag":[],"class_list":{"0":"post-2402","1":"product","2":"type-product","3":"status-publish","4":"has-post-thumbnail","6":"product_cat-jogo-de-cartas","7":"pa_complexidade-jogo-de-entrada","8":"pa_complexidade-jogos-familiares","9":"pa_complexidade-jogo-festivo","10":"pa_complexidade-jogos-infantis","11":"pa_designer-reiner-knizia","12":"pa_duracao-10-min","13":"pa_editora-papergames","14":"pa_estilo-memoria","15":"pa_estilo-reconhecimento-de-padrao","16":"pa_idade-133","17":"pa_idioma-portugues","18":"pa_jogadores-1-a-5","19":"pa_modo-multijogador-competitivo","20":"pa_tema-civilizacao","21":"pa_tema-cultura-africana","22":"pa_tema-historia","23":"entry","25":"first","26":"instock","27":"purchasable","28":"product-type-redq_rental"},"jetpack_sharing_enabled":true,"_links":{"self":[{"href":"https:\/\/cabanadoelfo.com.br\/loja\/wp-json\/wp\/v2\/product\/2402","targetHints":{"allow":["GET"]}}],"collection":[{"href":"https:\/\/cabanadoelfo.com.br\/loja\/wp-json\/wp\/v2\/product"}],"about":[{"href":"https:\/\/cabanadoelfo.com.br\/loja\/wp-json\/wp\/v2\/types\/product"}],"replies":[{"embeddable":true,"href":"https:\/\/cabanadoelfo.com.br\/loja\/wp-json\/wp\/v2\/comments?post=2402"}],"wp:featuredmedia":[{"embeddable":true,"href":"https:\/\/cabanadoelfo.com.br\/loja\/wp-json\/wp\/v2\/media\/2408"}],"wp:attachment":[{"href":"https:\/\/cabanadoelfo.com.br\/loja\/wp-json\/wp\/v2\/media?parent=2402"}],"wp:term":[{"taxonomy":"product_brand","embeddable":true,"href":"https:\/\/cabanadoelfo.com.br\/loja\/wp-json\/wp\/v2\/product_brand?post=2402"},{"taxonomy":"product_cat","embeddable":true,"href":"https:\/\/cabanadoelfo.com.br\/loja\/wp-json\/wp\/v2\/product_cat?post=2402"},{"taxonomy":"product_tag","embeddable":true,"href":"https:\/\/cabanadoelfo.com.br\/loja\/wp-json\/wp\/v2\/product_tag?post=2402"}],"curies":[{"name":"wp","href":"https:\/\/api.w.org\/{rel}","templated":true}]}}