{"id":240,"date":"2020-11-22T12:36:50","date_gmt":"2020-11-22T15:36:50","guid":{"rendered":"https:\/\/bloopix.com.br\/cabt2\/loja\/?post_type=product&#038;p=240"},"modified":"2025-12-08T22:58:21","modified_gmt":"2025-12-09T01:58:21","slug":"hanabi","status":"publish","type":"product","link":"https:\/\/cabanadoelfo.com.br\/loja\/jogo\/hanabi\/","title":{"rendered":"Hanabi"},"content":{"rendered":"<p>Hanabi \u2013 palavra japonesa para \u201cfogos de artif\u00edcio\u201d \u2013 \u00e9 um jogo cooperativo no qual jogadores tentam apresentar o espet\u00e1culo perfeito de fogos, colocando as cartas na mesa na ordem correta.<\/p>\n<p>Parece f\u00e1cil, certo? Bem, nem tanto, pois neste jogo voc\u00ea segura suas cartas de forma que elas fiquem vis\u00edveis apenas aos outros jogadores. Voc\u00eas devem trabalhar em time, dando dicas uns aos outros a respeito dos valores ou das cores das cartas de cada um para criar um deslumbrante espet\u00e1culo de fogos antes que suas cartas acabem!<\/p>\n<p>Hanabi venceu o Spiel des Jahres de 2013, uma das principais premia\u00e7\u00f5es de jogos do mundo.<\/p>\n<h2>Componentes:<\/h2>\n<ul>\n<li>1 Livro de Regras<\/li>\n<li>66 Cartas (56 x 87 mm)<\/li>\n<\/ul>\n<h2>Regras para o aluguel:<\/h2>\n<ul>\n<li>O per\u00edodo de aluguel inclui a data de entrega e devolu\u00e7\u00e3o do jogo;<\/li>\n<li>O atraso na devolu\u00e7\u00e3o dos jogos, resultar\u00e1 em cobran\u00e7a adicional no valor de um aluguel di\u00e1rio por cada dia de atraso;<\/li>\n<li>Em caso de danos que comprometam a experi\u00eancia do jogo (perda ou avaria de componentes), o cliente dever\u00e1 arcar com os custos da reposi\u00e7\u00e3o dos componentes (quando dispon\u00edveis no mercado) ou aquisi\u00e7\u00e3o de um novo exemplar do jogo.<\/li>\n<\/ul>\n","protected":false},"excerpt":{"rendered":"<div class=\"woocommerce-product-details__short-description\">\n<p>O valor corresponde ao aluguel di\u00e1rio do jogo. Consulte as condi\u00e7\u00f5es abaixo.<\/p>\n<\/div>\n<div class=\"more-link-wrapper\"><a class=\"more-link\" href=\"https:\/\/cabanadoelfo.com.br\/loja\/jogo\/hanabi\/\">Read More<span class=\"screen-reader-text\">Hanabi<\/span><\/a><\/div>\n","protected":false},"featured_media":241,"comment_status":"open","ping_status":"closed","template":"","meta":[],"product_brand":[],"product_cat":[37],"product_tag":[],"class_list":{"0":"post-240","1":"product","2":"type-product","3":"status-publish","4":"has-post-thumbnail","6":"product_cat-jogo-de-cartas","7":"pa_complexidade-jogos-familiares","8":"pa_designer-antoine-bauza","9":"pa_duracao-30-min","10":"pa_editora-papergames","11":"pa_estilo-colocacao-de-pecas","12":"pa_estilo-deducao","13":"pa_estilo-gestao-de-mao","14":"pa_estilo-memoria","15":"pa_idade-61","16":"pa_idioma-portugues","17":"pa_jogadores-2-a-5","18":"pa_modo-multijogador-cooperativo","19":"pa_tema-cultura-oriental","20":"entry","22":"first","23":"instock","24":"purchasable","25":"product-type-redq_rental"},"jetpack_sharing_enabled":true,"_links":{"self":[{"href":"https:\/\/cabanadoelfo.com.br\/loja\/wp-json\/wp\/v2\/product\/240","targetHints":{"allow":["GET"]}}],"collection":[{"href":"https:\/\/cabanadoelfo.com.br\/loja\/wp-json\/wp\/v2\/product"}],"about":[{"href":"https:\/\/cabanadoelfo.com.br\/loja\/wp-json\/wp\/v2\/types\/product"}],"replies":[{"embeddable":true,"href":"https:\/\/cabanadoelfo.com.br\/loja\/wp-json\/wp\/v2\/comments?post=240"}],"wp:featuredmedia":[{"embeddable":true,"href":"https:\/\/cabanadoelfo.com.br\/loja\/wp-json\/wp\/v2\/media\/241"}],"wp:attachment":[{"href":"https:\/\/cabanadoelfo.com.br\/loja\/wp-json\/wp\/v2\/media?parent=240"}],"wp:term":[{"taxonomy":"product_brand","embeddable":true,"href":"https:\/\/cabanadoelfo.com.br\/loja\/wp-json\/wp\/v2\/product_brand?post=240"},{"taxonomy":"product_cat","embeddable":true,"href":"https:\/\/cabanadoelfo.com.br\/loja\/wp-json\/wp\/v2\/product_cat?post=240"},{"taxonomy":"product_tag","embeddable":true,"href":"https:\/\/cabanadoelfo.com.br\/loja\/wp-json\/wp\/v2\/product_tag?post=240"}],"curies":[{"name":"wp","href":"https:\/\/api.w.org\/{rel}","templated":true}]}}