{"id":2233,"date":"2024-09-17T01:30:31","date_gmt":"2024-09-17T04:30:31","guid":{"rendered":"https:\/\/cabanadoelfo.com.br\/loja\/?post_type=product&#038;p=2233"},"modified":"2025-12-04T04:40:19","modified_gmt":"2025-12-04T07:40:19","slug":"uno-party","status":"publish","type":"product","link":"https:\/\/cabanadoelfo.com.br\/loja\/jogo\/uno-party\/","title":{"rendered":"Uno Party!"},"content":{"rendered":"<p><span class=\"a-list-item\">Vamos continuar a festa com o UNO Party!<\/span><\/p>\n<p><span class=\"a-list-item\">O jogo se inspira no modo cl\u00e1ssico, mas com regras especiais projetadas para grupos grandes &#8211; de 6 a 16 jogadores!<\/span><\/p>\n<p><span class=\"a-list-item\">A regra especial &#8220;Ponto Obtido&#8221;, faz com que todos os jogadores apontem para os outros jogadores e, em seguida, cada jogador deve comprar tantas cartas quantos dedos estiverem apontando para ele!<\/span><\/p>\n<p><span class=\"a-list-item\">A regra especial &#8220;Comprar Juntos&#8221;, une dois jogadores que devem comprar cartas ao mesmo tempo.<\/span><\/p>\n<p><span class=\"a-list-item\">O Jogo R\u00e1pido permite que os jogadores joguem uma carta fora do turno, se forem r\u00e1pidos o suficiente!<\/span><\/p>\n<p><iframe loading=\"lazy\" title=\"COM UNO PARTY, TODOS JOGAM! \ud83d\ude1a\ud83e\udd19 | UNO\" width=\"500\" height=\"281\" src=\"https:\/\/www.youtube.com\/embed\/yolprMckHQg?feature=oembed\" frameborder=\"0\" allow=\"accelerometer; autoplay; clipboard-write; encrypted-media; gyroscope; picture-in-picture; web-share\" referrerpolicy=\"strict-origin-when-cross-origin\" allowfullscreen><\/iframe><\/p>\n<h2>Componentes:<\/h2>\n<ul>\n<li>1 Manual de Regras<\/li>\n<li>223 Cartas<\/li>\n<\/ul>\n<h2>Regras para o aluguel:<\/h2>\n<ul>\n<li>O per\u00edodo de aluguel inclui a data de entrega e devolu\u00e7\u00e3o do jogo;<\/li>\n<li>O atraso na devolu\u00e7\u00e3o dos jogos, resultar\u00e1 em cobran\u00e7a adicional no valor de um aluguel di\u00e1rio por cada dia de atraso;<\/li>\n<li>Em caso de danos que comprometam a experi\u00eancia do jogo (perda ou avaria de componentes), o cliente dever\u00e1 arcar com os custos da reposi\u00e7\u00e3o dos componentes (quando dispon\u00edveis no mercado) ou aquisi\u00e7\u00e3o de um novo exemplar do jogo.<\/li>\n<\/ul>\n","protected":false},"excerpt":{"rendered":"<div class=\"woocommerce-product-details__short-description\">\n<p>O Uno Party \u00e9 semelhante ao Uno tradicional, mas com regras especiais para grupos grandes. Tamb\u00e9m h\u00e1 muito mais cartas e com tantos jogadores as coisas v\u00e3o ficar mais barulhentas, malucas e selvagens! S\u00f3 n\u00e3o esque\u00e7a de gritar na \u00faltima carta &#8220;UNO!&#8221;<\/p>\n<\/div>\n<div class=\"more-link-wrapper\"><a class=\"more-link\" href=\"https:\/\/cabanadoelfo.com.br\/loja\/jogo\/uno-party\/\">Read More<span class=\"screen-reader-text\">Uno Party!<\/span><\/a><\/div>\n","protected":false},"featured_media":2234,"comment_status":"open","ping_status":"closed","template":"","meta":[],"product_brand":[],"product_cat":[37],"product_tag":[],"class_list":{"0":"post-2233","1":"product","2":"type-product","3":"status-publish","4":"has-post-thumbnail","6":"product_cat-jogo-de-cartas","7":"pa_complexidade-jogo-de-entrada","8":"pa_complexidade-jogos-familiares","9":"pa_complexidade-jogo-festivo","10":"pa_complexidade-jogos-infantis","11":"pa_duracao-30-min","12":"pa_editora-mattel","13":"pa_estilo-agilidade","14":"pa_estilo-eliminacao-de-jogadores","15":"pa_estilo-gerenciamento-de-maos","16":"pa_estilo-toma-essa","17":"pa_idade-425","18":"pa_idioma-espanhol","19":"pa_idioma-ingles","20":"pa_idioma-portugues","21":"pa_jogadores-6-a-16","22":"pa_modo-multijogador-competitivo","23":"pa_tema-humor","24":"entry","26":"first","27":"instock","28":"purchasable","29":"product-type-redq_rental"},"jetpack_sharing_enabled":true,"_links":{"self":[{"href":"https:\/\/cabanadoelfo.com.br\/loja\/wp-json\/wp\/v2\/product\/2233","targetHints":{"allow":["GET"]}}],"collection":[{"href":"https:\/\/cabanadoelfo.com.br\/loja\/wp-json\/wp\/v2\/product"}],"about":[{"href":"https:\/\/cabanadoelfo.com.br\/loja\/wp-json\/wp\/v2\/types\/product"}],"replies":[{"embeddable":true,"href":"https:\/\/cabanadoelfo.com.br\/loja\/wp-json\/wp\/v2\/comments?post=2233"}],"wp:featuredmedia":[{"embeddable":true,"href":"https:\/\/cabanadoelfo.com.br\/loja\/wp-json\/wp\/v2\/media\/2234"}],"wp:attachment":[{"href":"https:\/\/cabanadoelfo.com.br\/loja\/wp-json\/wp\/v2\/media?parent=2233"}],"wp:term":[{"taxonomy":"product_brand","embeddable":true,"href":"https:\/\/cabanadoelfo.com.br\/loja\/wp-json\/wp\/v2\/product_brand?post=2233"},{"taxonomy":"product_cat","embeddable":true,"href":"https:\/\/cabanadoelfo.com.br\/loja\/wp-json\/wp\/v2\/product_cat?post=2233"},{"taxonomy":"product_tag","embeddable":true,"href":"https:\/\/cabanadoelfo.com.br\/loja\/wp-json\/wp\/v2\/product_tag?post=2233"}],"curies":[{"name":"wp","href":"https:\/\/api.w.org\/{rel}","templated":true}]}}