{"id":2226,"date":"2024-09-17T00:59:16","date_gmt":"2024-09-17T03:59:16","guid":{"rendered":"https:\/\/cabanadoelfo.com.br\/loja\/?post_type=product&#038;p=2226"},"modified":"2026-03-07T00:40:41","modified_gmt":"2026-03-07T03:40:41","slug":"perfil-7","status":"publish","type":"product","link":"https:\/\/cabanadoelfo.com.br\/loja\/jogo\/perfil-7\/","title":{"rendered":"Perfil 7"},"content":{"rendered":"<p>Tente descobrir qual \u00e9 o perfil secreto que est\u00e1 sendo perguntado para voc\u00ea a cada rodada!<br \/>\nVoc\u00ea tem o que \u00e9 preciso para vencer?<\/p>\n<p>A cada rodada, uma carta com um perfil secreto \u00e9 sorteada. Depois, os jogadores recebem dicas sobre o perfil secreto em quest\u00e3o durante a sua rodada.<\/p>\n<p>Quanto menos dicas voc\u00ea utilizar para acertar, mais pontos ir\u00e1 ganhar!<br \/>\nDe quantas dicas voc\u00ea precisa? S\u00e3o 350 cartas para voc\u00ea testar seus conhecimentos e sua capacidade de dedu\u00e7\u00e3o!<\/p>\n<p><iframe loading=\"lazy\" title=\"PERFIL 7 - Como jogar?\" width=\"500\" height=\"281\" src=\"https:\/\/www.youtube.com\/embed\/FjcTj-RFuCo?feature=oembed\" frameborder=\"0\" allow=\"accelerometer; autoplay; clipboard-write; encrypted-media; gyroscope; picture-in-picture; web-share\" referrerpolicy=\"strict-origin-when-cross-origin\" allowfullscreen><\/iframe><\/p>\n<h2>Componentes:<\/h2>\n<ul>\n<li>1 Folheto de Regras<\/li>\n<li>1 Tabuleiro<\/li>\n<li>6 Pe\u00f5es<\/li>\n<li>1 Ficha Amarela<\/li>\n<li>6 Fichas Azuis<\/li>\n<li>22 Fichas Vermelhas<\/li>\n<li>349 Cartas com Dicas<\/li>\n<\/ul>\n<h2>Regras para o aluguel:<\/h2>\n<ul>\n<li>O per\u00edodo de aluguel inclui a data de entrega e devolu\u00e7\u00e3o do jogo;<\/li>\n<li>O atraso na devolu\u00e7\u00e3o dos jogos, resultar\u00e1 em cobran\u00e7a adicional no valor de um aluguel di\u00e1rio por cada dia de atraso;<\/li>\n<li>Em caso de danos que comprometam a experi\u00eancia do jogo (perda ou avaria de componentes), o cliente dever\u00e1 arcar com os custos da reposi\u00e7\u00e3o dos componentes (quando dispon\u00edveis no mercado) ou aquisi\u00e7\u00e3o de um novo exemplar do jogo.<\/li>\n<\/ul>\n","protected":false},"excerpt":{"rendered":"<div class=\"woocommerce-product-details__short-description\">\n<p>Um cl\u00e1ssico atualizado para a sua divers\u00e3o! Transforme seus dias em um desafio instigante com o jogo Perfil 7!<\/p>\n<p>Preste aten\u00e7\u00e3o em cada uma das dicas, pois elas v\u00e3o formar o Perfil da pessoa, da coisa, do ano ou do lugar que deve ser desvendado. Agora com uma nova categoria, A DIGITAL. Nela temos, por exemplo, PIX, HASHTAG, METAVERSO, entre outras novidades que envolvem nosso dia a dia!<\/p>\n<\/div>\n<div class=\"more-link-wrapper\"><a class=\"more-link\" href=\"https:\/\/cabanadoelfo.com.br\/loja\/jogo\/perfil-7\/\">Read More<span class=\"screen-reader-text\">Perfil 7<\/span><\/a><\/div>\n","protected":false},"featured_media":2227,"comment_status":"open","ping_status":"closed","template":"","meta":[],"product_brand":[],"product_cat":[37,15],"product_tag":[],"class_list":{"0":"post-2226","1":"product","2":"type-product","3":"status-publish","4":"has-post-thumbnail","6":"product_cat-jogo-de-cartas","7":"product_cat-jogos-de-tabuleiro","8":"pa_complexidade-jogo-de-entrada","9":"pa_complexidade-jogos-familiares","10":"pa_complexidade-jogo-festivo","11":"pa_duracao-45-min","12":"pa_editora-grow","13":"pa_estilo-deducao","14":"pa_estilo-trivia","15":"pa_idade-51","16":"pa_idioma-portugues","17":"pa_jogadores-2-a-6","18":"pa_modo-multijogador-competitivo","19":"pa_tema-educativo","20":"pa_tema-quebra-cabeca","21":"entry","23":"first","24":"instock","25":"purchasable","26":"product-type-redq_rental"},"jetpack_sharing_enabled":true,"_links":{"self":[{"href":"https:\/\/cabanadoelfo.com.br\/loja\/wp-json\/wp\/v2\/product\/2226","targetHints":{"allow":["GET"]}}],"collection":[{"href":"https:\/\/cabanadoelfo.com.br\/loja\/wp-json\/wp\/v2\/product"}],"about":[{"href":"https:\/\/cabanadoelfo.com.br\/loja\/wp-json\/wp\/v2\/types\/product"}],"replies":[{"embeddable":true,"href":"https:\/\/cabanadoelfo.com.br\/loja\/wp-json\/wp\/v2\/comments?post=2226"}],"wp:featuredmedia":[{"embeddable":true,"href":"https:\/\/cabanadoelfo.com.br\/loja\/wp-json\/wp\/v2\/media\/2227"}],"wp:attachment":[{"href":"https:\/\/cabanadoelfo.com.br\/loja\/wp-json\/wp\/v2\/media?parent=2226"}],"wp:term":[{"taxonomy":"product_brand","embeddable":true,"href":"https:\/\/cabanadoelfo.com.br\/loja\/wp-json\/wp\/v2\/product_brand?post=2226"},{"taxonomy":"product_cat","embeddable":true,"href":"https:\/\/cabanadoelfo.com.br\/loja\/wp-json\/wp\/v2\/product_cat?post=2226"},{"taxonomy":"product_tag","embeddable":true,"href":"https:\/\/cabanadoelfo.com.br\/loja\/wp-json\/wp\/v2\/product_tag?post=2226"}],"curies":[{"name":"wp","href":"https:\/\/api.w.org\/{rel}","templated":true}]}}