{"id":2220,"date":"2024-09-17T00:12:28","date_gmt":"2024-09-17T03:12:28","guid":{"rendered":"https:\/\/cabanadoelfo.com.br\/loja\/?post_type=product&#038;p=2220"},"modified":"2026-04-02T18:53:35","modified_gmt":"2026-04-02T21:53:35","slug":"super-banco-imobiliario","status":"publish","type":"product","link":"https:\/\/cabanadoelfo.com.br\/loja\/jogo\/super-banco-imobiliario\/","title":{"rendered":"Super Banco Imobili\u00e1rio"},"content":{"rendered":"<p>O Super Banco Imobili\u00e1rio \u00e9 o mais moderno jogo de compra e venda de propriedades!<\/p>\n<p>Todas as transa\u00e7\u00f5es agora ser\u00e3o feitas pelo cart\u00e3o de cr\u00e9dito e as a\u00e7\u00f5es das companhias do jogo s\u00e3o reais! O mercado est\u00e1 se modernizando e voc\u00ea n\u00e3o pode ficar para tr\u00e1s! Com a m\u00e1quina de cart\u00e3o de cr\u00e9dito, as companhias reais no tabuleiro e as propriedades atualizadas voc\u00ea vai jogar como se estivesse negociando de verdade! Este novo jogo traz todo o dinamismo do mundo dos neg\u00f3cios para a sua casa, voc\u00ea pode unir fam\u00edlia e os amigos para jogar. Esta \u00e9 sua oportunidade de tornar-se um grande milion\u00e1rio. Bons neg\u00f3cios!<\/p>\n<p><iframe loading=\"lazy\" title=\"COMO JOGAR SUPER BANCO IMOBILI\u00c1RIO\" width=\"500\" height=\"281\" src=\"https:\/\/www.youtube.com\/embed\/Ov1dbowlx9A?feature=oembed\" frameborder=\"0\" allow=\"accelerometer; autoplay; clipboard-write; encrypted-media; gyroscope; picture-in-picture; web-share\" referrerpolicy=\"strict-origin-when-cross-origin\" allowfullscreen><\/iframe><\/p>\n<h2>Componentes:<\/h2>\n<ul>\n<li>1 Manual de Regras<\/li>\n<li>1 Tabuleiro<\/li>\n<li>2 Dados<\/li>\n<li>1 M\u00e1quina de Cart\u00e3o<\/li>\n<li>6 Cart\u00f5es<\/li>\n<li>6 Pe\u00f5es Pl\u00e1sticos<\/li>\n<li>28 T\u00edtulos de Posse<\/li>\n<li>32 Cartas de Not\u00edcias<\/li>\n<li>80 Casas<\/li>\n<\/ul>\n<h2>Regras para o aluguel:<\/h2>\n<ul>\n<li>O per\u00edodo de aluguel inclui a data de entrega e devolu\u00e7\u00e3o do jogo;<\/li>\n<li>O atraso na devolu\u00e7\u00e3o dos jogos, resultar\u00e1 em cobran\u00e7a adicional no valor de um aluguel di\u00e1rio por cada dia de atraso;<\/li>\n<li>Em caso de danos que comprometam a experi\u00eancia do jogo (perda ou avaria de componentes), o cliente dever\u00e1 arcar com os custos da reposi\u00e7\u00e3o dos componentes (quando dispon\u00edveis no mercado) ou aquisi\u00e7\u00e3o de um novo exemplar do jogo.<\/li>\n<\/ul>\n","protected":false},"excerpt":{"rendered":"<div class=\"woocommerce-product-details__short-description\">\n<p>O Super Banco Imobili\u00e1rio \u00e9 o mais moderno jogo de compra e venda de propriedades! O cl\u00e1ssico jogo de tabuleiro, com nova vers\u00e3o! Esta \u00e9 sua oportunidade de tornar-se um grande milion\u00e1rio. Bons neg\u00f3cios!<\/p>\n<p><strong>Inclui:<\/strong><\/p>\n<p><strong>Vers\u00e3o com Maquininha de Cart\u00e3o<\/strong><\/p>\n<\/div>\n<div class=\"more-link-wrapper\"><a class=\"more-link\" href=\"https:\/\/cabanadoelfo.com.br\/loja\/jogo\/super-banco-imobiliario\/\">Read More<span class=\"screen-reader-text\">Super Banco Imobili\u00e1rio<\/span><\/a><\/div>\n","protected":false},"featured_media":2221,"comment_status":"open","ping_status":"closed","template":"","meta":[],"product_brand":[],"product_cat":[37,86,15],"product_tag":[],"class_list":{"0":"post-2220","1":"product","2":"type-product","3":"status-publish","4":"has-post-thumbnail","6":"product_cat-jogo-de-cartas","7":"product_cat-jogo-de-dados","8":"product_cat-jogos-de-tabuleiro","9":"pa_complexidade-jogo-de-entrada","10":"pa_complexidade-jogos-familiares","11":"pa_duracao-60-min","12":"pa_editora-estrela","13":"pa_estilo-eliminacao-de-jogadores","14":"pa_estilo-especulacao-financeira","15":"pa_estilo-negociacao","16":"pa_estilo-rolagem-de-dados","17":"pa_estilo-rolar-e-mover","18":"pa_idade-133","19":"pa_idioma-portugues","20":"pa_jogadores-2-a-6","21":"pa_modo-multijogador-competitivo","22":"pa_tema-economia-producao","23":"entry","25":"first","26":"instock","27":"purchasable","28":"product-type-redq_rental"},"jetpack_sharing_enabled":true,"_links":{"self":[{"href":"https:\/\/cabanadoelfo.com.br\/loja\/wp-json\/wp\/v2\/product\/2220","targetHints":{"allow":["GET"]}}],"collection":[{"href":"https:\/\/cabanadoelfo.com.br\/loja\/wp-json\/wp\/v2\/product"}],"about":[{"href":"https:\/\/cabanadoelfo.com.br\/loja\/wp-json\/wp\/v2\/types\/product"}],"replies":[{"embeddable":true,"href":"https:\/\/cabanadoelfo.com.br\/loja\/wp-json\/wp\/v2\/comments?post=2220"}],"wp:featuredmedia":[{"embeddable":true,"href":"https:\/\/cabanadoelfo.com.br\/loja\/wp-json\/wp\/v2\/media\/2221"}],"wp:attachment":[{"href":"https:\/\/cabanadoelfo.com.br\/loja\/wp-json\/wp\/v2\/media?parent=2220"}],"wp:term":[{"taxonomy":"product_brand","embeddable":true,"href":"https:\/\/cabanadoelfo.com.br\/loja\/wp-json\/wp\/v2\/product_brand?post=2220"},{"taxonomy":"product_cat","embeddable":true,"href":"https:\/\/cabanadoelfo.com.br\/loja\/wp-json\/wp\/v2\/product_cat?post=2220"},{"taxonomy":"product_tag","embeddable":true,"href":"https:\/\/cabanadoelfo.com.br\/loja\/wp-json\/wp\/v2\/product_tag?post=2220"}],"curies":[{"name":"wp","href":"https:\/\/api.w.org\/{rel}","templated":true}]}}