{"id":2209,"date":"2024-09-16T23:26:28","date_gmt":"2024-09-17T02:26:28","guid":{"rendered":"https:\/\/cabanadoelfo.com.br\/loja\/?post_type=product&#038;p=2209"},"modified":"2026-02-17T08:30:43","modified_gmt":"2026-02-17T11:30:43","slug":"herois-de-san-villano","status":"publish","type":"product","link":"https:\/\/cabanadoelfo.com.br\/loja\/jogo\/herois-de-san-villano\/","title":{"rendered":"Her\u00f3is de San Villano"},"content":{"rendered":"<p>D\u00e9cadas atr\u00e1s, na movimentada cidade de Villa Nova, uma misteriosa figura surgiu. Dominada por \u00f3dio e com poderes tem\u00edveis, mas com motiva\u00e7\u00f5es incompreendidas, trouxe consigo algo que aquele povo nunca havia presenciado: terror. Em poucos dias o caos se instalou na metr\u00f3pole; hospitais em chamas, pr\u00e9dios destru\u00eddos e crime nas ruas eram cenas comuns no dia a dia. A m\u00eddia internacional n\u00e3o demorou a noticiar os ocorridos, apelidando o maior vil\u00e3o que o mundo j\u00e1 havia visto de \u201cSan Villano\u201d<\/p>\n<p>Em Her\u00f3is de San Villano, voc\u00ea ir\u00e1 assumir o comando de uma organiza\u00e7\u00e3o de super-her\u00f3is na miss\u00e3o de defender e se consagrar na cidade de San Villano, rebatizada ap\u00f3s um lend\u00e1rio vil\u00e3o, conhecido apenas como San Villano, ter feito o \u00edndice de vil\u00f5es por metro quadrado extrapolar todos os recordes mundiais. Os jogadores ir\u00e3o recrutar novos her\u00f3is e ajudantes, rastrear e enfrentar os mais temidos (e improv\u00e1veis) vil\u00f5es do planeta, num pequeno grande jogo de aloca\u00e7\u00e3o de trabalhadores, com um toque de jokemp\u00f4, cole\u00e7\u00f5es e uma pitada de toma essa.<\/p>\n<p><strong>Indicado ao Pr\u00eamio Ludopedia Jogo Expert do Ano (Designer Nacional) 2019<\/strong><br \/>\n<strong>Indicado ao Pr\u00eamio Ludopedia Jogo Expert do Ano (Designer Nacional) 2019 &#8211; Voto Popular<\/strong><\/p>\n<p><iframe loading=\"lazy\" title=\"Her\u00f3is de San Villano - Regras\" width=\"500\" height=\"281\" src=\"https:\/\/www.youtube.com\/embed\/p7vidoef5H4?feature=oembed\" frameborder=\"0\" allow=\"accelerometer; autoplay; clipboard-write; encrypted-media; gyroscope; picture-in-picture; web-share\" referrerpolicy=\"strict-origin-when-cross-origin\" allowfullscreen><\/iframe><\/p>\n<h2>Componentes:<\/h2>\n<ul>\n<li>1 Livreto de Regras<\/li>\n<li>18 Cartas de Cidade\n<ul>\n<li>4 Primavera<\/li>\n<li>4 Ver\u00e3o<\/li>\n<li>4 Outono<\/li>\n<li>6 Inverno<\/li>\n<\/ul>\n<\/li>\n<li>27 Cartas de Her\u00f3i<\/li>\n<li>14 Cartas de Ajudantes<\/li>\n<li>5 Cartas de Super-Agentes<\/li>\n<li>25 Cartas de Vil\u00f5es\n<ul>\n<li>10 Elite<\/li>\n<li>15 Esc\u00f3ria<\/li>\n<\/ul>\n<\/li>\n<li>4 Cartas de Chef\u00f5es<\/li>\n<li>1 Carta de Oportunidade<\/li>\n<li>6 Cartas de Alcunha<\/li>\n<li>4 Cartas de Organiza\u00e7\u00e3o<\/li>\n<li>4 Cartas Guia de Refer\u00eancia<\/li>\n<li>1 Carta Modo Solo<\/li>\n<li>1 Carta Regras Especiais<\/li>\n<li>1 Ficha de Rodada<\/li>\n<li>12 Fichas de Inc\u00eandio<\/li>\n<li>48 Fichas de Recursos (24 lupas e 24 moedas)<\/li>\n<li>8 Fichas de Agentes<\/li>\n<li>3 Fichas Especiais de Personagens<\/li>\n<li>10 Suportes de Pl\u00e1stico<\/li>\n<li>12 Fichas de Rastreamento<\/li>\n<\/ul>\n<h2>Regras para o aluguel:<\/h2>\n<ul>\n<li>O per\u00edodo de aluguel inclui a data de entrega e devolu\u00e7\u00e3o do jogo;<\/li>\n<li>O atraso na devolu\u00e7\u00e3o dos jogos, resultar\u00e1 em cobran\u00e7a adicional no valor de um aluguel di\u00e1rio por cada dia de atraso;<\/li>\n<li>Em caso de danos que comprometam a experi\u00eancia do jogo (perda ou avaria de componentes), o cliente dever\u00e1 arcar com os custos da reposi\u00e7\u00e3o dos componentes (quando dispon\u00edveis no mercado) ou aquisi\u00e7\u00e3o de um novo exemplar do jogo.<\/li>\n<\/ul>\n","protected":false},"excerpt":{"rendered":"<div class=\"woocommerce-product-details__short-description\">\n<p>Em Her\u00f3is de San Villano voc\u00ea assumir\u00e1 a dire\u00e7\u00e3o de uma organiza\u00e7\u00e3o de super-her\u00f3is que tem como objetivo restaurar a paz na cidade.<\/p>\n<p>Voc\u00ea ser\u00e1 capaz de gerir com efici\u00eancia sua organiza\u00e7\u00e3o e ser aclamada como defensora oficial de San Villano?<\/p>\n<\/div>\n<div class=\"more-link-wrapper\"><a class=\"more-link\" href=\"https:\/\/cabanadoelfo.com.br\/loja\/jogo\/herois-de-san-villano\/\">Read More<span class=\"screen-reader-text\">Her\u00f3is de San Villano<\/span><\/a><\/div>\n","protected":false},"featured_media":2216,"comment_status":"open","ping_status":"closed","template":"","meta":[],"product_brand":[],"product_cat":[37,15],"product_tag":[],"class_list":{"0":"post-2209","1":"product","2":"type-product","3":"status-publish","4":"has-post-thumbnail","6":"product_cat-jogo-de-cartas","7":"product_cat-jogos-de-tabuleiro","8":"pa_complexidade-jogos-expert","9":"pa_designer-eduardo-guerra","10":"pa_duracao-60-min","11":"pa_editora-dijon","12":"pa_estilo-alocacao-de-trabalhadores","13":"pa_estilo-colecionar-conjuntos","14":"pa_estilo-movimento-de-area","15":"pa_estilo-pedra-papel-e-tesoura","16":"pa_estilo-tabuleiro-modular","17":"pa_estilo-toma-essa","18":"pa_idade-35","19":"pa_idioma-portugues","20":"pa_jogadores-1-a-4","21":"pa_modo-multijogador-competitivo","22":"pa_tema-aventura","23":"pa_tema-cultura-pop-ou-geek","24":"pa_tema-fantasia","25":"pa_tema-geek","26":"pa_tema-luta-artes-marciais","27":"pa_tema-quadrinhos","28":"entry","30":"first","31":"instock","32":"purchasable","33":"product-type-redq_rental"},"jetpack_sharing_enabled":true,"_links":{"self":[{"href":"https:\/\/cabanadoelfo.com.br\/loja\/wp-json\/wp\/v2\/product\/2209","targetHints":{"allow":["GET"]}}],"collection":[{"href":"https:\/\/cabanadoelfo.com.br\/loja\/wp-json\/wp\/v2\/product"}],"about":[{"href":"https:\/\/cabanadoelfo.com.br\/loja\/wp-json\/wp\/v2\/types\/product"}],"replies":[{"embeddable":true,"href":"https:\/\/cabanadoelfo.com.br\/loja\/wp-json\/wp\/v2\/comments?post=2209"}],"wp:featuredmedia":[{"embeddable":true,"href":"https:\/\/cabanadoelfo.com.br\/loja\/wp-json\/wp\/v2\/media\/2216"}],"wp:attachment":[{"href":"https:\/\/cabanadoelfo.com.br\/loja\/wp-json\/wp\/v2\/media?parent=2209"}],"wp:term":[{"taxonomy":"product_brand","embeddable":true,"href":"https:\/\/cabanadoelfo.com.br\/loja\/wp-json\/wp\/v2\/product_brand?post=2209"},{"taxonomy":"product_cat","embeddable":true,"href":"https:\/\/cabanadoelfo.com.br\/loja\/wp-json\/wp\/v2\/product_cat?post=2209"},{"taxonomy":"product_tag","embeddable":true,"href":"https:\/\/cabanadoelfo.com.br\/loja\/wp-json\/wp\/v2\/product_tag?post=2209"}],"curies":[{"name":"wp","href":"https:\/\/api.w.org\/{rel}","templated":true}]}}