{"id":2204,"date":"2024-09-16T21:46:46","date_gmt":"2024-09-17T00:46:46","guid":{"rendered":"https:\/\/cabanadoelfo.com.br\/loja\/?post_type=product&#038;p=2204"},"modified":"2025-11-03T00:49:59","modified_gmt":"2025-11-03T03:49:59","slug":"dodo","status":"publish","type":"product","link":"https:\/\/cabanadoelfo.com.br\/loja\/jogo\/dodo\/","title":{"rendered":"Dodo"},"content":{"rendered":"<p>Usando o trabalho em equipe, voc\u00ea pode levar o ovo rolante com seguran\u00e7a ao sop\u00e9 da montanha, para o barco de resgate! Lancem os dados rapidamente para conseguir juntar o material de constru\u00e7\u00e3o de que voc\u00ea precisa, re\u00fana martelos e pregos e prenda pontes nas encostas da montanha. Se voc\u00ea conseguir conduzir o ovo com seguran\u00e7a para o barco salva-vidas, voc\u00eas venceram juntos.<\/p>\n<p><iframe loading=\"lazy\" title=\"DODO | Resumo Voad\u00e3o\" width=\"500\" height=\"281\" src=\"https:\/\/www.youtube.com\/embed\/PbzEYFrABVk?feature=oembed\" frameborder=\"0\" allow=\"accelerometer; autoplay; clipboard-write; encrypted-media; gyroscope; picture-in-picture; web-share\" referrerpolicy=\"strict-origin-when-cross-origin\" allowfullscreen><\/iframe><\/p>\n<h2>Componentes:<\/h2>\n<ul>\n<li>1 Folheto de Montagem da Montanha<\/li>\n<li>1 Folheto de Regras<\/li>\n<li>1 Dado<\/li>\n<li>1 Montanha\n<ul>\n<li>1 base,<\/li>\n<li>3 paredes<\/li>\n<li>1 cume com o suporte para o dod\u00f4<\/li>\n<li>3 suportes para a base<\/li>\n<li>14 Sali\u00eancias Rochosas<\/li>\n<\/ul>\n<\/li>\n<li>1 Dod\u00f4 com seu Ninho<\/li>\n<li>1 Ovo Vacilante<\/li>\n<li>1 Pe\u00e7a de Penhasco<\/li>\n<li>6 Pontes<\/li>\n<li>1 Barca<\/li>\n<li>58 Fichas de Constru\u00e7\u00e3o\n<ul>\n<li>8 de cada: cana de bambu, folha, martelo, t\u00e1bua de madeira, pregos, corda<\/li>\n<li>10 coringas da tripo dos Hagulaminapitopasi<\/li>\n<\/ul>\n<\/li>\n<\/ul>\n<h2>Regras para o aluguel:<\/h2>\n<ul>\n<li>O per\u00edodo de aluguel inclui a data de entrega e devolu\u00e7\u00e3o do jogo;<\/li>\n<li>O atraso na devolu\u00e7\u00e3o dos jogos, resultar\u00e1 em cobran\u00e7a adicional no valor de um aluguel di\u00e1rio por cada dia de atraso;<\/li>\n<li>Em caso de danos que comprometam a experi\u00eancia do jogo (perda ou avaria de componentes), o cliente dever\u00e1 arcar com os custos da reposi\u00e7\u00e3o dos componentes (quando dispon\u00edveis no mercado) ou aquisi\u00e7\u00e3o de um novo exemplar do jogo.<\/li>\n<\/ul>\n","protected":false},"excerpt":{"rendered":"<div class=\"woocommerce-product-details__short-description\">\n<p>O Dod\u00f4 acaba de p\u00f4r o seu ovo no pico mais alto da montanha, mas como \u00e9 t\u00e3o desajeitado, deixou-o cair do ninho. O ovo vai em dire\u00e7\u00e3o do penhasco&#8230; Por sorte, voc\u00eas est\u00e3o aqui para salvar o ovo antes que ele caia. Cooperem para salvar o ovo do Dod\u00f4!<\/p>\n<\/div>\n<div class=\"more-link-wrapper\"><a class=\"more-link\" href=\"https:\/\/cabanadoelfo.com.br\/loja\/jogo\/dodo\/\">Read More<span class=\"screen-reader-text\">Dodo<\/span><\/a><\/div>\n","protected":false},"featured_media":2205,"comment_status":"open","ping_status":"closed","template":"","meta":[],"product_brand":[],"product_cat":[86,15],"product_tag":[],"class_list":{"0":"post-2204","1":"product","2":"type-product","3":"status-publish","4":"has-post-thumbnail","6":"product_cat-jogo-de-dados","7":"product_cat-jogos-de-tabuleiro","8":"pa_complexidade-jogo-de-entrada","9":"pa_complexidade-jogos-familiares","10":"pa_complexidade-jogos-infantis","11":"pa_designer-frank-bebenroth","12":"pa_designer-marco-teubner","13":"pa_duracao-10-min","14":"pa_editora-devir","15":"pa_estilo-agilidade","16":"pa_estilo-colocacao-de-pecas","17":"pa_estilo-jogo-em-equipe","18":"pa_estilo-memoria","19":"pa_estilo-rolagem-de-dados","20":"pa_idade-50","21":"pa_idioma-espanhol","22":"pa_idioma-portugues","23":"pa_jogadores-2-a-4","24":"pa_modo-multijogador-cooperativo","25":"pa_tema-animais","26":"entry","28":"first","29":"instock","30":"purchasable","31":"product-type-redq_rental"},"jetpack_sharing_enabled":true,"_links":{"self":[{"href":"https:\/\/cabanadoelfo.com.br\/loja\/wp-json\/wp\/v2\/product\/2204","targetHints":{"allow":["GET"]}}],"collection":[{"href":"https:\/\/cabanadoelfo.com.br\/loja\/wp-json\/wp\/v2\/product"}],"about":[{"href":"https:\/\/cabanadoelfo.com.br\/loja\/wp-json\/wp\/v2\/types\/product"}],"replies":[{"embeddable":true,"href":"https:\/\/cabanadoelfo.com.br\/loja\/wp-json\/wp\/v2\/comments?post=2204"}],"wp:featuredmedia":[{"embeddable":true,"href":"https:\/\/cabanadoelfo.com.br\/loja\/wp-json\/wp\/v2\/media\/2205"}],"wp:attachment":[{"href":"https:\/\/cabanadoelfo.com.br\/loja\/wp-json\/wp\/v2\/media?parent=2204"}],"wp:term":[{"taxonomy":"product_brand","embeddable":true,"href":"https:\/\/cabanadoelfo.com.br\/loja\/wp-json\/wp\/v2\/product_brand?post=2204"},{"taxonomy":"product_cat","embeddable":true,"href":"https:\/\/cabanadoelfo.com.br\/loja\/wp-json\/wp\/v2\/product_cat?post=2204"},{"taxonomy":"product_tag","embeddable":true,"href":"https:\/\/cabanadoelfo.com.br\/loja\/wp-json\/wp\/v2\/product_tag?post=2204"}],"curies":[{"name":"wp","href":"https:\/\/api.w.org\/{rel}","templated":true}]}}