{"id":2193,"date":"2024-09-16T15:43:31","date_gmt":"2024-09-16T18:43:31","guid":{"rendered":"https:\/\/cabanadoelfo.com.br\/loja\/?post_type=product&#038;p=2193"},"modified":"2025-12-04T04:35:37","modified_gmt":"2025-12-04T07:35:37","slug":"os-reinos-de-drunagor","status":"publish","type":"product","link":"https:\/\/cabanadoelfo.com.br\/loja\/jogo\/os-reinos-de-drunagor\/","title":{"rendered":"Os Reinos de Drunagor"},"content":{"rendered":"<p>Eras atr\u00e1s, um poderoso drag\u00e3o chamado Drunagor se declarou rei de tudo o que existia e iniciou seus planos de conquista. Usando seu poder m\u00e1gico ancestral, criou ex\u00e9rcitos de draconianos invenc\u00edveis que marcharam por terra, mar e ar, subjugando todos os reinos que suas garras puderam alcan\u00e7ar.<\/p>\n<p>Fogo, magia e sangue forjaram um continente de escravos presos as correntes do medo e da desesperan\u00e7a. Nada parecia det\u00ea-lo at\u00e9 que um dia o grande drag\u00e3o morreu naturalmente, lan\u00e7ando uma \u00faltima maldi\u00e7\u00e3o sobre os reinos de Drunagor&#8230; Toda a magia ancestral contida em seu colossal corpanzil se espalhou pelo mundo dando origem a incont\u00e1veis monstros hediondos bem como a poderosos artefatos.<\/p>\n<p>Os rec\u00e9m-libertados reinos enviaram seus mais capacitados comandantes a um conselho para decidir o futuro de seus povos, mas o que seria um momento de paz transformou-se em uma declara\u00e7\u00e3o de guerra. A ambi\u00e7\u00e3o e cobi\u00e7a de cada um fez com que ningu\u00e9m chegasse a um acordo sobre como dividiriam o lend\u00e1rio tesouro de Drunagor e os vastos territ\u00f3rios por ele conquistados.<\/p>\n<p>Naquele momento, os elfos foram os primeiros a declarar guerra aos demais reinos, mas quem deu o primeiro golpe foram os humanos que mataram o comandante Orc em pleno conselho.<\/p>\n<p>Desde aquele dia, uma longa guerra entre Os Reinos de Drunagor se estabeleceu e seu vencedor ir\u00e1 ditar o destino de todos&#8230;<\/p>\n<p><strong>Vencedor do Pr\u00eamio Ludopedia Jogo Expert do Ano (Designer Nacional) 2017<\/strong><br \/>\n<strong>Vencedor do Pr\u00eamio Ludopedia Jogo Expert do Ano (Designer Nacional) 2017 &#8211; Voto Popular<\/strong><\/p>\n<p><iframe loading=\"lazy\" title=\"Os Reinos de Drunagor\" width=\"500\" height=\"281\" src=\"https:\/\/www.youtube.com\/embed\/hdFp2xxWwOY?feature=oembed\" frameborder=\"0\" allow=\"accelerometer; autoplay; clipboard-write; encrypted-media; gyroscope; picture-in-picture; web-share\" referrerpolicy=\"strict-origin-when-cross-origin\" allowfullscreen><\/iframe><\/p>\n<h2>Componentes:<\/h2>\n<ul>\n<li>31 Pe\u00e7as de Terrenos<\/li>\n<li>4 Pe\u00e7as de Cidades<\/li>\n<li>20 Dados<\/li>\n<li>1 Marcador de Primeiro Jogador<\/li>\n<li>27 Cartas de Artefatos<\/li>\n<li>14 Cartas de Eventos<\/li>\n<li>6 Cartas de Mercado<\/li>\n<li>25 Marcadores de Coleta<\/li>\n<li>24 Marcadores de Moedas S\u00edmbolo Drag\u00e3o (20 cinzas e 4 douradas)<\/li>\n<li>24 Marcadores de Ponto de Vit\u00f3ria S\u00edmbolo Estrela (20 cinzas e 4 douradas)<\/li>\n<li>26 Marcadores de Constru\u00e7\u00e3o<\/li>\n<li>81 Marcadores de Recursos\n<ul>\n<li>10 Diamantes<\/li>\n<li>15 Carnes<\/li>\n<li>15 Ouros<\/li>\n<li>20 Madeiras<\/li>\n<li>21 Pedras<\/li>\n<\/ul>\n<\/li>\n<li>15 Bases Pl\u00e1sticas (amarelo, azul, verde, vermelho e roxo)<\/li>\n<li>10 Miniaturas de Exploradores<\/li>\n<li>4 Minotauros<\/li>\n<li>4 Golens de Pedra<\/li>\n<li>4 Medusas<\/li>\n<li>3 Hidras<\/li>\n<li>1 Drag\u00e3o<\/li>\n<li>14 Marcadores Extras (4 torres pretas, 4 marcadores preto, 6 marcadores roxo)<\/li>\n<\/ul>\n<p>Reino dos An\u00f5es:<\/p>\n<ul>\n<li>10 Cartas de Constru\u00e7\u00f5es<\/li>\n<li>1 Miniatura de Pl\u00e1stico<\/li>\n<li>3 Cubos de A\u00e7\u00e3o na Cor Amarela<\/li>\n<li>1 Marcador de For\u00e7a na Cor Preto<\/li>\n<li>1 Marcador de For\u00e7a Ativa na Cor Amarela<\/li>\n<li>4 Marcadores de Torre<\/li>\n<li>1 Carta do Comandante Durgar<\/li>\n<li>1 Marcador de Energia na Cor Roxa<\/li>\n<\/ul>\n<p>Reino dos Humanos:<\/p>\n<ul>\n<li>10 Cartas de Constru\u00e7\u00f5es<\/li>\n<li>1 Miniatura de Pl\u00e1stico<\/li>\n<li>3 Cubos de A\u00e7\u00e3o na Cor Azul<\/li>\n<li>1 Marcador de For\u00e7a na Cor Preto<\/li>\n<li>1 Marcador de For\u00e7a Ativa na Cor Azul<\/li>\n<li>4 Marcadores de Torre<\/li>\n<li>1 Carta da Comandante Catharina<\/li>\n<li>1 Marcador de Energia na Cor Roxa<\/li>\n<\/ul>\n<p>Reino dos Elfos:<\/p>\n<ul>\n<li>10 Cartas de Constru\u00e7\u00f5es<\/li>\n<li>1 Miniatura de Pl\u00e1stico<\/li>\n<li>3 Cubos de A\u00e7\u00e3o na Cor Verde<\/li>\n<li>1 Marcador de For\u00e7a na Cor Preto<\/li>\n<li>1 Marcador de For\u00e7a Ativa na Cor Verde<\/li>\n<li>4 Marcadores de Torre<\/li>\n<li>1 Carta da Comandante L\u00farien<\/li>\n<li>1 Marcador de Energia na Cor Roxa<\/li>\n<\/ul>\n<p>Reino dos Orcs:<\/p>\n<ul>\n<li>10 Cartas de Constru\u00e7\u00f5es<\/li>\n<li>1 Miniatura de Pl\u00e1stico<\/li>\n<li>3 Cubos de A\u00e7\u00e3o na Cor Vermelho<\/li>\n<li>1 Marcador de For\u00e7a na Cor Preto<\/li>\n<li>1 Marcador de For\u00e7a Ativa na Cor Vermelho<\/li>\n<li>6 Marcadores de Torre<\/li>\n<li>1 Carta do Comandante Tzork<\/li>\n<li>1 Marcador de Energia na Cor Roxa<\/li>\n<\/ul>\n<p>Reino do Submundo:<\/p>\n<ul>\n<li>10 Cartas de Constru\u00e7\u00f5es<\/li>\n<li>1 Miniatura de Pl\u00e1stico<\/li>\n<li>3 Cubos de A\u00e7\u00e3o na Cor Roxo<\/li>\n<li>1 Marcador de For\u00e7a na Cor Preto<\/li>\n<li>1 Marcador de For\u00e7a Ativa na Cor Roxo<\/li>\n<li>4 Marcadores de Torre<\/li>\n<li>1 Carta do Comandante UK-RAN<\/li>\n<li>2 Marcador de Energia na Cor Roxa<\/li>\n<\/ul>\n<h2>Componentes da Expans\u00e3o:<\/h2>\n<ul>\n<li>12 Pe\u00e7as de Terrenos<\/li>\n<li>2 Pe\u00e7as de Cidades<\/li>\n<li>18 Cartas dos Reinos Independentes<\/li>\n<li>20 Cartas de N\u00edvel dos Monstros<\/li>\n<li>17 Cartas de Classe<\/li>\n<li>18 Cartas de N\u00edvel dos Comandantes<\/li>\n<li>10 Cartas de Eventos do Modo Solo<\/li>\n<li>14 Cartas de Artefatos do Modo Solo<\/li>\n<li>6 Marcadores de Coleta<\/li>\n<li>12 Marcadores de Moedas S\u00edmbolo Drag\u00e3o (10 cinzas e 2 douradas)<\/li>\n<li>12 Marcadores de Ponto de Vit\u00f3ria S\u00edmbolo Estrela (10 cinzas e 2 douradas)<\/li>\n<li>22 Marcadores de Constru\u00e7\u00e3o<\/li>\n<li>38 Marcadores de Recursos\n<ul>\n<li>4 Diamantes<\/li>\n<li>8 Carnes<\/li>\n<li>8 Ouros<\/li>\n<li>9 Madeiras<\/li>\n<li>9 Pedras<\/li>\n<\/ul>\n<\/li>\n<li>9 Miniaturas de Monstros\n<ul>\n<li>3 Hidras<\/li>\n<li>2 Golens de Pedra<\/li>\n<li>2 Minotauros<\/li>\n<li>2 Medusas<\/li>\n<\/ul>\n<\/li>\n<li>6 Exploradores<\/li>\n<li>9 Bases Pl\u00e1sticas (3 rosas, 3 marrons e 3 pretas)<\/li>\n<\/ul>\n<p>Reino dos Guardi\u00f5es:<\/p>\n<ul>\n<li>10 Cartas de Constru\u00e7\u00f5es<\/li>\n<li>1 Miniatura de Pl\u00e1stico<\/li>\n<li>3 Cubos de A\u00e7\u00e3o na Cor Marrom<\/li>\n<li>1 Marcador de For\u00e7a na Cor Preto<\/li>\n<li>1 Marcador de For\u00e7a Ativa na Cor Marrom<\/li>\n<li>4 Marcadores de Torre<\/li>\n<li>1 Carta do Comandante Oakleaf<\/li>\n<li>1 Marcador de Energia na Cor Roxa<\/li>\n<\/ul>\n<p>Reino dos Mortos-Vivos:<\/p>\n<ul>\n<li>10 Cartas de Constru\u00e7\u00f5es<\/li>\n<li>1 Miniatura de Pl\u00e1stico<\/li>\n<li>3 Cubos de A\u00e7\u00e3o na Cor Cinza<\/li>\n<li>1 Marcador de For\u00e7a na Cor Preto<\/li>\n<li>1 Marcador de For\u00e7a Ativa na Cor Cinza<\/li>\n<li>4 Marcadores de Torre<\/li>\n<li>1 Carta do Comandante Ank Sur<\/li>\n<li>1 Marcador de Energia na Cor Roxa<\/li>\n<\/ul>\n<p>Reino das Valqu\u00edrias:<\/p>\n<ul>\n<li>10 Cartas de Constru\u00e7\u00f5es<\/li>\n<li>1 Miniatura de Pl\u00e1stico<\/li>\n<li>3 Cubos de A\u00e7\u00e3o na Cor Rosa<\/li>\n<li>1 Marcador de For\u00e7a na Cor Preto<\/li>\n<li>1 Marcador de For\u00e7a Ativa na Cor Rosa<\/li>\n<li>4 Marcadores de Torre<\/li>\n<li>1 Carta da Comandante Diana<\/li>\n<li>1 Marcador de Energia na Cor Roxa<\/li>\n<\/ul>\n<ul>\n<li style=\"list-style-type: none\"><\/li>\n<\/ul>\n<h2>Regras para o aluguel:<\/h2>\n<ul>\n<li>O per\u00edodo de aluguel inclui a data de entrega e devolu\u00e7\u00e3o do jogo;<\/li>\n<li>O atraso na devolu\u00e7\u00e3o dos jogos, resultar\u00e1 em cobran\u00e7a adicional no valor de um aluguel di\u00e1rio por cada dia de atraso;<\/li>\n<li>Em caso de danos que comprometam a experi\u00eancia do jogo (perda ou avaria de componentes), o cliente dever\u00e1 arcar com os custos da reposi\u00e7\u00e3o dos componentes (quando dispon\u00edveis no mercado) ou aquisi\u00e7\u00e3o de um novo exemplar do jogo.<\/li>\n<\/ul>\n","protected":false},"excerpt":{"rendered":"<div class=\"woocommerce-product-details__short-description\">\n<p>Escolha o seu reino, comande seu ex\u00e9rcito!<\/p>\n<p><strong>Inclui a Expans\u00e3o:<\/strong><\/p>\n<ul>\n<li><strong>Os Reinos Ancestrais<\/strong><\/li>\n<\/ul>\n<\/div>\n<div class=\"more-link-wrapper\"><a class=\"more-link\" href=\"https:\/\/cabanadoelfo.com.br\/loja\/jogo\/os-reinos-de-drunagor\/\">Read More<span class=\"screen-reader-text\">Os Reinos de Drunagor<\/span><\/a><\/div>\n","protected":false},"featured_media":2194,"comment_status":"open","ping_status":"closed","template":"","meta":[],"product_brand":[],"product_cat":[15],"product_tag":[],"class_list":{"0":"post-2193","1":"product","2":"type-product","3":"status-publish","4":"has-post-thumbnail","6":"product_cat-jogos-de-tabuleiro","7":"pa_complexidade-jogos-expert","8":"pa_designer-daniel-alves","9":"pa_designer-eduardo-cavalcante","10":"pa_duracao-60-min","11":"pa_editora-histeria-games","12":"pa_estilo-colecionar-conjuntos","13":"pa_estilo-construcao-de-baralho-pecas","14":"pa_estilo-controle-influencia-de-area","15":"pa_estilo-jogadores-com-diferentes-habilidades","16":"pa_estilo-rolagem-de-dados","17":"pa_estilo-tabuleiro-modular","18":"pa_idade-61","19":"pa_idioma-portugues","20":"pa_jogadores-1-a-6","21":"pa_modo-multijogador-competitivo","22":"pa_tema-aventura","23":"pa_tema-fantasia","24":"pa_tema-jogos-de-guerra","25":"pa_tema-medieval","26":"entry","28":"first","29":"instock","30":"purchasable","31":"product-type-redq_rental"},"jetpack_sharing_enabled":true,"_links":{"self":[{"href":"https:\/\/cabanadoelfo.com.br\/loja\/wp-json\/wp\/v2\/product\/2193","targetHints":{"allow":["GET"]}}],"collection":[{"href":"https:\/\/cabanadoelfo.com.br\/loja\/wp-json\/wp\/v2\/product"}],"about":[{"href":"https:\/\/cabanadoelfo.com.br\/loja\/wp-json\/wp\/v2\/types\/product"}],"replies":[{"embeddable":true,"href":"https:\/\/cabanadoelfo.com.br\/loja\/wp-json\/wp\/v2\/comments?post=2193"}],"wp:featuredmedia":[{"embeddable":true,"href":"https:\/\/cabanadoelfo.com.br\/loja\/wp-json\/wp\/v2\/media\/2194"}],"wp:attachment":[{"href":"https:\/\/cabanadoelfo.com.br\/loja\/wp-json\/wp\/v2\/media?parent=2193"}],"wp:term":[{"taxonomy":"product_brand","embeddable":true,"href":"https:\/\/cabanadoelfo.com.br\/loja\/wp-json\/wp\/v2\/product_brand?post=2193"},{"taxonomy":"product_cat","embeddable":true,"href":"https:\/\/cabanadoelfo.com.br\/loja\/wp-json\/wp\/v2\/product_cat?post=2193"},{"taxonomy":"product_tag","embeddable":true,"href":"https:\/\/cabanadoelfo.com.br\/loja\/wp-json\/wp\/v2\/product_tag?post=2193"}],"curies":[{"name":"wp","href":"https:\/\/api.w.org\/{rel}","templated":true}]}}