{"id":2181,"date":"2024-09-16T11:34:45","date_gmt":"2024-09-16T14:34:45","guid":{"rendered":"https:\/\/cabanadoelfo.com.br\/loja\/?post_type=product&#038;p=2181"},"modified":"2026-02-17T08:25:10","modified_gmt":"2026-02-17T11:25:10","slug":"covil-mestres-das-trevas","status":"publish","type":"product","link":"https:\/\/cabanadoelfo.com.br\/loja\/jogo\/covil-mestres-das-trevas\/","title":{"rendered":"Covil: Mestres das Trevas"},"content":{"rendered":"<p>Covil \u00e9 um jogo competitivo no qual os jogadores disputam a supremacia das regi\u00f5es que cercam uma pequena e isolada cidade.<br \/>\nCada jogador controla um general com poderes \u00fanicos e que possui incont\u00e1veis tropas de minions para &#8220;defender o mundo das hordas inimigas&#8221;, trazer \u201cpaz e seguran\u00e7a\u201d aos territ\u00f3rios (em troca de moedas, \u00e9 claro!), ou aumentar ainda mais o medo e a indigna\u00e7\u00e3o dos alde\u00f5es pilhando a cidade na calada da noite.<\/p>\n<p><strong>Indicado ao Pr\u00eamio Ludopedia Jogo Fam\u00edlia do Ano (Designer Nacional) 2018<\/strong><br \/>\n<strong>Indicado ao Pr\u00eamio Ludopedia Jogo Fam\u00edlia do Ano (Designer Nacional) 2018 &#8211; Voto Popular<\/strong><\/p>\n<p><iframe loading=\"lazy\" title=\"Covil: Mestre das trevas - Review S03E24\" width=\"500\" height=\"281\" src=\"https:\/\/www.youtube.com\/embed\/sxYbK8QA-nM?feature=oembed\" frameborder=\"0\" allow=\"accelerometer; autoplay; clipboard-write; encrypted-media; gyroscope; picture-in-picture; web-share\" referrerpolicy=\"strict-origin-when-cross-origin\" allowfullscreen><\/iframe><\/p>\n<h2>Componentes:<\/h2>\n<ul>\n<li>1 Manual de Regras<\/li>\n<li>2 Tabuleiros dupla face<\/li>\n<li>4 Sal\u00e3o do Trono (tabuleiros do jogador)<\/li>\n<li>33 Meeples de Madeiras:\n<ul>\n<li>20 Tropas do Jogo Base (5 de cada cor)<\/li>\n<li>5 Tropas Rebeldes do Jogo Base<\/li>\n<li>8 Torres da Promo Kickstarter<\/li>\n<\/ul>\n<\/li>\n<li>1 Cetro Maligno<\/li>\n<li>4 Pontos de Vida (PV)<\/li>\n<li>4 Moedas<\/li>\n<li>4 Covil<\/li>\n<li>24 Marcadores de Exaust\u00e3o<\/li>\n<li>4 Cartas de Regras R\u00e1pidas<\/li>\n<li>36 Cartas de Rel\u00edquias\n<ul>\n<li>24 Cartas do Jogo Base<\/li>\n<li>12 Cartas da Expans\u00e3o Maldades Ca\u00f3ticas<\/li>\n<\/ul>\n<\/li>\n<li>20 Cartas de Mestres das Trevas\n<ul>\n<li>6 Mestres do Jogo Base<\/li>\n<li>6 Mestres da Expans\u00e3o Maldades Ca\u00f3ticas<\/li>\n<li>8 Mestres da Promo Kickstarter<\/li>\n<\/ul>\n<\/li>\n<li>20 Cartas Capangas<\/li>\n<li>1 Carta Nova A\u00e7\u00e3o (promo kickstarter)<\/li>\n<li>1 Carta Dark Overlord (promo kickstarter)<\/li>\n<li>60 Cartas de Mercen\u00e1rios\n<ul>\n<li>40 Cartas do Jogo Base<\/li>\n<li>20 Cartas da Promo Kickstarter<\/li>\n<\/ul>\n<\/li>\n<\/ul>\n<h2>Componentes da Expans\u00e3o para Variantes:<\/h2>\n<ul>\n<li>30 Cartas Mercen\u00e1rios \u00c9picos<\/li>\n<li>4 Cartas Monstros Gigantes<\/li>\n<li>4 Cartas Rituais Sombrios<\/li>\n<li>12 Cartas Planos Sinistros<\/li>\n<li>4 Meeples Destruidor<\/li>\n<\/ul>\n<h2>Regras para o aluguel:<\/h2>\n<ul>\n<li>O per\u00edodo de aluguel inclui a data de entrega e devolu\u00e7\u00e3o do jogo;<\/li>\n<li>O atraso na devolu\u00e7\u00e3o dos jogos, resultar\u00e1 em cobran\u00e7a adicional no valor de um aluguel di\u00e1rio por cada dia de atraso;<\/li>\n<li>Em caso de danos que comprometam a experi\u00eancia do jogo (perda ou avaria de componentes), o cliente dever\u00e1 arcar com os custos da reposi\u00e7\u00e3o dos componentes (quando dispon\u00edveis no mercado) ou aquisi\u00e7\u00e3o de um novo exemplar do jogo.<\/li>\n<\/ul>\n","protected":false},"excerpt":{"rendered":"<div class=\"woocommerce-product-details__short-description\">\n<p>Seja o her\u00f3i que eles precisam.<br \/>\nE o vil\u00e3o que merecem.<\/p>\n<p><strong>Inclui as Expans\u00f5es:<\/strong><\/p>\n<ul>\n<li><strong>Maldade Ca\u00f3tica!<\/strong><\/li>\n<li><strong>Promo Kickstarter<\/strong><\/li>\n<\/ul>\n<\/div>\n<div class=\"more-link-wrapper\"><a class=\"more-link\" href=\"https:\/\/cabanadoelfo.com.br\/loja\/jogo\/covil-mestres-das-trevas\/\">Read More<span class=\"screen-reader-text\">Covil: Mestres das Trevas<\/span><\/a><\/div>\n","protected":false},"featured_media":2182,"comment_status":"open","ping_status":"closed","template":"","meta":[],"product_brand":[],"product_cat":[37,15],"product_tag":[],"class_list":{"0":"post-2181","1":"product","2":"type-product","3":"status-publish","4":"has-post-thumbnail","6":"product_cat-jogo-de-cartas","7":"product_cat-jogos-de-tabuleiro","8":"pa_complexidade-jogos-familiares","9":"pa_designer-luis-brueh","10":"pa_duracao-45-min","11":"pa_editora-mandala-jogos","12":"pa_estilo-controle-influencia-de-area","13":"pa_estilo-gerenciamento-de-maos","14":"pa_estilo-jogadores-com-diferentes-habilidades","15":"pa_estilo-sistema-de-pontos-de-acao","16":"pa_estilo-toma-essa","17":"pa_idade-61","18":"pa_idioma-portugues","19":"pa_jogadores-1-a-4","20":"pa_modo-multijogador-competitivo","21":"pa_tema-aventura","22":"pa_tema-fantasia","23":"pa_tema-horror","24":"entry","26":"first","27":"instock","28":"purchasable","29":"product-type-redq_rental"},"jetpack_sharing_enabled":true,"_links":{"self":[{"href":"https:\/\/cabanadoelfo.com.br\/loja\/wp-json\/wp\/v2\/product\/2181","targetHints":{"allow":["GET"]}}],"collection":[{"href":"https:\/\/cabanadoelfo.com.br\/loja\/wp-json\/wp\/v2\/product"}],"about":[{"href":"https:\/\/cabanadoelfo.com.br\/loja\/wp-json\/wp\/v2\/types\/product"}],"replies":[{"embeddable":true,"href":"https:\/\/cabanadoelfo.com.br\/loja\/wp-json\/wp\/v2\/comments?post=2181"}],"wp:featuredmedia":[{"embeddable":true,"href":"https:\/\/cabanadoelfo.com.br\/loja\/wp-json\/wp\/v2\/media\/2182"}],"wp:attachment":[{"href":"https:\/\/cabanadoelfo.com.br\/loja\/wp-json\/wp\/v2\/media?parent=2181"}],"wp:term":[{"taxonomy":"product_brand","embeddable":true,"href":"https:\/\/cabanadoelfo.com.br\/loja\/wp-json\/wp\/v2\/product_brand?post=2181"},{"taxonomy":"product_cat","embeddable":true,"href":"https:\/\/cabanadoelfo.com.br\/loja\/wp-json\/wp\/v2\/product_cat?post=2181"},{"taxonomy":"product_tag","embeddable":true,"href":"https:\/\/cabanadoelfo.com.br\/loja\/wp-json\/wp\/v2\/product_tag?post=2181"}],"curies":[{"name":"wp","href":"https:\/\/api.w.org\/{rel}","templated":true}]}}