{"id":218,"date":"2020-11-22T10:55:23","date_gmt":"2020-11-22T13:55:23","guid":{"rendered":"https:\/\/bloopix.com.br\/cabt2\/loja\/?post_type=product&#038;p=218"},"modified":"2026-04-04T16:18:29","modified_gmt":"2026-04-04T19:18:29","slug":"dobble-hp","status":"publish","type":"product","link":"https:\/\/cabanadoelfo.com.br\/loja\/jogo\/dobble-hp\/","title":{"rendered":"Dobble Harry Potter"},"content":{"rendered":"<p>Dobble viaja para Hogwarts para esta edi\u00e7\u00e3o especial de Harry Potter. Os f\u00e3s de Harry Potter ter\u00e3o que identificar a \u00fanica imagem correspondente entre duas cartas neste duelo m\u00e1gico. Os jogadores ter\u00e3o que escolher as imagens correspondentes de uma sele\u00e7\u00e3o de seus personagens favoritos, objetos m\u00e1gicos, bestas e bras\u00f5es de casas!<\/p>\n<p>Em Dobble sempre haver\u00e1 apenas um s\u00edmbolo em comum entre duas cartas. Fique atendo, seja o primeiro a encontra-lo e ven\u00e7a o jogo!<\/p>\n<p>S\u00e3o 5 jogos em 1! Divers\u00e3o garantida nesse competitivo card game.<\/p>\n<h2>Componentes:<\/h2>\n<ul>\n<li>1 Lata em Ferro Redonda<\/li>\n<li>1 Folheto de Regras<\/li>\n<li>55 Cartas Redondas<\/li>\n<\/ul>\n<h2>Regras para o aluguel:<\/h2>\n<ul>\n<li>O per\u00edodo de aluguel inclui a data de entrega e devolu\u00e7\u00e3o do jogo;<\/li>\n<li>O atraso na devolu\u00e7\u00e3o dos jogos, resultar\u00e1 em cobran\u00e7a adicional no valor de um aluguel di\u00e1rio por cada dia de atraso;<\/li>\n<li>Em caso de danos que comprometam a experi\u00eancia do jogo (perda ou avaria de componentes), o cliente dever\u00e1 arcar com os custos da reposi\u00e7\u00e3o dos componentes (quando dispon\u00edveis no mercado) ou aquisi\u00e7\u00e3o de um novo exemplar do jogo.<\/li>\n<\/ul>\n","protected":false},"excerpt":{"rendered":"<div class=\"woocommerce-product-details__short-description\">\n<p>O valor corresponde ao aluguel di\u00e1rio do jogo. Consulte as condi\u00e7\u00f5es abaixo.<\/p>\n<\/div>\n<div class=\"more-link-wrapper\"><a class=\"more-link\" href=\"https:\/\/cabanadoelfo.com.br\/loja\/jogo\/dobble-hp\/\">Read More<span class=\"screen-reader-text\">Dobble Harry Potter<\/span><\/a><\/div>\n","protected":false},"featured_media":220,"comment_status":"open","ping_status":"closed","template":"","meta":[],"product_brand":[],"product_cat":[37],"product_tag":[],"class_list":{"0":"post-218","1":"product","2":"type-product","3":"status-publish","4":"has-post-thumbnail","6":"product_cat-jogo-de-cartas","7":"pa_complexidade-jogo-festivo","8":"pa_complexidade-jogos-infantis","9":"pa_designer-denis-blanchot","10":"pa_designer-equipe-play-factory","11":"pa_designer-jacques-cottereau","12":"pa_duracao-10-min","13":"pa_editora-galapagos-jogos","14":"pa_estilo-acao-simultanea","15":"pa_idade-50","16":"pa_idioma-portugues","17":"pa_jogadores-2-a-8","18":"pa_modo-multijogador-competitivo","19":"pa_tema-geek","20":"pa_tema-literatura-livros","21":"entry","23":"first","24":"instock","25":"purchasable","26":"product-type-redq_rental"},"jetpack_sharing_enabled":true,"_links":{"self":[{"href":"https:\/\/cabanadoelfo.com.br\/loja\/wp-json\/wp\/v2\/product\/218","targetHints":{"allow":["GET"]}}],"collection":[{"href":"https:\/\/cabanadoelfo.com.br\/loja\/wp-json\/wp\/v2\/product"}],"about":[{"href":"https:\/\/cabanadoelfo.com.br\/loja\/wp-json\/wp\/v2\/types\/product"}],"replies":[{"embeddable":true,"href":"https:\/\/cabanadoelfo.com.br\/loja\/wp-json\/wp\/v2\/comments?post=218"}],"wp:featuredmedia":[{"embeddable":true,"href":"https:\/\/cabanadoelfo.com.br\/loja\/wp-json\/wp\/v2\/media\/220"}],"wp:attachment":[{"href":"https:\/\/cabanadoelfo.com.br\/loja\/wp-json\/wp\/v2\/media?parent=218"}],"wp:term":[{"taxonomy":"product_brand","embeddable":true,"href":"https:\/\/cabanadoelfo.com.br\/loja\/wp-json\/wp\/v2\/product_brand?post=218"},{"taxonomy":"product_cat","embeddable":true,"href":"https:\/\/cabanadoelfo.com.br\/loja\/wp-json\/wp\/v2\/product_cat?post=218"},{"taxonomy":"product_tag","embeddable":true,"href":"https:\/\/cabanadoelfo.com.br\/loja\/wp-json\/wp\/v2\/product_tag?post=218"}],"curies":[{"name":"wp","href":"https:\/\/api.w.org\/{rel}","templated":true}]}}