{"id":2167,"date":"2024-09-13T20:19:07","date_gmt":"2024-09-13T23:19:07","guid":{"rendered":"https:\/\/cabanadoelfo.com.br\/loja\/?post_type=product&#038;p=2167"},"modified":"2025-05-17T18:13:17","modified_gmt":"2025-05-17T21:13:17","slug":"the-bazaars-of-ubar","status":"publish","type":"product","link":"https:\/\/cabanadoelfo.com.br\/loja\/jogo\/the-bazaars-of-ubar\/","title":{"rendered":"The Bazaars of Ubar"},"content":{"rendered":"<p>Durante a configura\u00e7\u00e3o, as pe\u00e7as comerciais s\u00e3o dispostas em uma grade no centro da mesa. Na vez de um jogador, eles pegam uma ficha de troca da \u00e1rea central e, pagando um custo de tempo por ela. O custo do tempo \u00e9 gasto movendo o navio ao longo do caminho em dire\u00e7\u00e3o ao pr\u00f3ximo bazar.<\/p>\n<p>Depois de pegar uma pe\u00e7a de troca, um jogador a adiciona ao seu quadro adjacente \u00e0s pe\u00e7as previamente obtidas &#8211; ativando a pe\u00e7a rec\u00e9m-adquirida e as pe\u00e7as anteriormente retiradas em seu quadro de acordo com a dire\u00e7\u00e3o dos ventos al\u00edsios em sua pe\u00e7a. As fichas de com\u00e9rcio permitem que os jogadores ganhem novos bens com o suprimento ou negociem bens que j\u00e1 possuem por bens mais desej\u00e1veis.<\/p>\n<p>Quando o navio de um jogador chega a um bazar, ele pode vender qualquer quantidade de mercadorias que tiver em seu navio (para mercados com valores flutuantes que variam de jogo para jogo). Quando todos os jogadores alcan\u00e7aram o bazar, as fichas de troca no centro s\u00e3o apagadas e uma nova grade de fichas de troca \u00e9 criada.<\/p>\n<p>Quando todos os jogadores alcan\u00e7arem o terceiro bazar, o jogo termina e o jogador com mais ouro da venda de seus produtos vence!<\/p>\n<p><iframe loading=\"lazy\" title=\"BAZAR DE UBAR | Regras + Review em 10 minutos| Lan\u00e7amento Mosaico\" width=\"500\" height=\"281\" src=\"https:\/\/www.youtube.com\/embed\/QZRTrLml2y8?feature=oembed\" frameborder=\"0\" allow=\"accelerometer; autoplay; clipboard-write; encrypted-media; gyroscope; picture-in-picture; web-share\" referrerpolicy=\"strict-origin-when-cross-origin\" allowfullscreen><\/iframe><\/p>\n<h2>Componentes:<\/h2>\n<ul>\n<li>1 Livro de Regras<\/li>\n<li>1 Trilha do Tempo<\/li>\n<li>4 Marcadores do Tempo (1 em cada cor)<\/li>\n<li>4 Tabuleiros de Nau (1 em cada cor)<\/li>\n<li>4 Pe\u00e7as Iniciais (com versos verdes)<\/li>\n<li>20 Cartas de Mercado<\/li>\n<li>20 Moedas de Ouro (valor 5)<\/li>\n<li>30 Moedas de Prata (Valor 1)<\/li>\n<li>56 Pe\u00e7as de Rota Comercial<\/li>\n<li>120 Pe\u00e7as de Bens (24 de cada tipo)<\/li>\n<\/ul>\n<h2>Regras para o aluguel:<\/h2>\n<ul>\n<li>O per\u00edodo de aluguel inclui a data de entrega e devolu\u00e7\u00e3o do jogo;<\/li>\n<li>O atraso na devolu\u00e7\u00e3o dos jogos, resultar\u00e1 em cobran\u00e7a adicional no valor de um aluguel di\u00e1rio por cada dia de atraso;<\/li>\n<li>Em caso de danos que comprometam a experi\u00eancia do jogo (perda ou avaria de componentes), o cliente dever\u00e1 arcar com os custos da reposi\u00e7\u00e3o dos componentes (quando dispon\u00edveis no mercado) ou aquisi\u00e7\u00e3o de um novo exemplar do jogo.<\/li>\n<\/ul>\n","protected":false},"excerpt":{"rendered":"<p>Bazaar of Ubar \u00e9 um fant\u00e1stico jogo de constru\u00e7\u00e3o de motores que leva os jogadores aos m\u00edticos mercados de Ubar &#8211; Atlantis of the Sands! Escolha as fichas de com\u00e9rcio de uma \u00e1rea comum, pagando por elas com o tempo, em um mercado onde os custos mudam como as areias de um jogo para outro.<\/p>\n<p>Fa\u00e7a uso inteligente de ventos al\u00edsios para ativar suas pe\u00e7as elaboradas repetidas vezes. Gerencie o espa\u00e7o em sua nave para transportar apenas as cargas mais preciosas enquanto voc\u00ea faz seu caminho para bazares flutuantes para vender suas mercadorias. Observe os valores flutuantes nos mercados para garantir que seus produtos tragam mais ouro e garanta sua vit\u00f3ria como o comerciante mais astuto no Bazar de Ubar!<\/p>\n<div class=\"more-link-wrapper\"><a class=\"more-link\" href=\"https:\/\/cabanadoelfo.com.br\/loja\/jogo\/the-bazaars-of-ubar\/\">Read More<span class=\"screen-reader-text\">The Bazaars of Ubar<\/span><\/a><\/div>\n","protected":false},"featured_media":2176,"comment_status":"open","ping_status":"closed","template":"","meta":[],"product_brand":[],"product_cat":[15],"product_tag":[],"class_list":{"0":"post-2167","1":"product","2":"type-product","3":"status-publish","4":"has-post-thumbnail","6":"product_cat-jogos-de-tabuleiro","7":"pa_complexidade-jogos-expert","8":"pa_designer-tim-armstrong","9":"pa_duracao-60-min","10":"pa_editora-mosaico","11":"pa_estilo-colocacao-de-pecas","12":"pa_estilo-movimento-ponto-a-ponto","13":"pa_idade-61","14":"pa_idioma-portugues","15":"pa_jogadores-2-a-4","16":"pa_modo-multijogador-competitivo","17":"pa_tema-corrida","18":"pa_tema-economia-producao","19":"entry","21":"first","22":"instock","23":"purchasable","24":"product-type-redq_rental"},"jetpack_sharing_enabled":true,"_links":{"self":[{"href":"https:\/\/cabanadoelfo.com.br\/loja\/wp-json\/wp\/v2\/product\/2167","targetHints":{"allow":["GET"]}}],"collection":[{"href":"https:\/\/cabanadoelfo.com.br\/loja\/wp-json\/wp\/v2\/product"}],"about":[{"href":"https:\/\/cabanadoelfo.com.br\/loja\/wp-json\/wp\/v2\/types\/product"}],"replies":[{"embeddable":true,"href":"https:\/\/cabanadoelfo.com.br\/loja\/wp-json\/wp\/v2\/comments?post=2167"}],"wp:featuredmedia":[{"embeddable":true,"href":"https:\/\/cabanadoelfo.com.br\/loja\/wp-json\/wp\/v2\/media\/2176"}],"wp:attachment":[{"href":"https:\/\/cabanadoelfo.com.br\/loja\/wp-json\/wp\/v2\/media?parent=2167"}],"wp:term":[{"taxonomy":"product_brand","embeddable":true,"href":"https:\/\/cabanadoelfo.com.br\/loja\/wp-json\/wp\/v2\/product_brand?post=2167"},{"taxonomy":"product_cat","embeddable":true,"href":"https:\/\/cabanadoelfo.com.br\/loja\/wp-json\/wp\/v2\/product_cat?post=2167"},{"taxonomy":"product_tag","embeddable":true,"href":"https:\/\/cabanadoelfo.com.br\/loja\/wp-json\/wp\/v2\/product_tag?post=2167"}],"curies":[{"name":"wp","href":"https:\/\/api.w.org\/{rel}","templated":true}]}}